{"id":4730,"date":"2019-03-25T12:32:45","date_gmt":"2019-03-25T11:32:45","guid":{"rendered":"https:\/\/www.sigre.es\/boletin\/?page_id=4730"},"modified":"2019-03-27T11:00:28","modified_gmt":"2019-03-27T10:00:28","slug":"actualidad-2","status":"publish","type":"page","link":"https:\/\/www.sigre.es\/boletin\/sigre-informa-67\/actualidad-2\/","title":{"rendered":"ACTUALIDAD"},"content":{"rendered":"<div id=\"fb-root\"><\/div>\n<p class=\"p1\"><span class=\"s1\"> En el marco de su pol\u00edtica de transparencia y relaci\u00f3n con sus grupos de inter\u00e9s, SIGRE ha efectuado un nuevo sondeo de opini\u00f3n entre los responsables de medio ambiente de los laboratorios adheridos.<\/span><\/p>\n<p class=\"p1\"><span class=\"s1\">En este sondeo, el octavo que se realiza, han participado de forma confidencial 78 laboratorios, que han evaluado el grado de satisfacci\u00f3n de la industria farmac\u00e9utica con los servicios que la entidad les presta.<\/span><\/p>\n<p class=\"p1\"><span class=\"s1\">Entre los principales resultados cabe destacar que el 73% tiene un nivel de satisfacci\u00f3n \u201calto\u201d en lo que respecta a su relaci\u00f3n con SIGRE y que el 91% considera que la actividad de SIGRE contribuye \u201cbastante\u201d o \u201cmucho\u201d a mostrar p\u00fablicamente el trabajo que realiza la industria farmac\u00e9utica para cuidar el medio ambiente.<\/span><\/p>\n<p class=\"p1\" style=\"text-align: center;\"><a href=\"https:\/\/www.sigre.es\/boletin\/wp-content\/uploads\/2019\/03\/sondeo_1_67.jpg\"><img loading=\"lazy\" decoding=\"async\" class=\"aligncenter wp-image-4732\" src=\"https:\/\/www.sigre.es\/boletin\/wp-content\/uploads\/2019\/03\/sondeo_1_67.jpg\" alt=\"sondeo_1_67\" width=\"400\" height=\"282\" srcset=\"https:\/\/www.sigre.es\/boletin\/wp-content\/uploads\/2019\/03\/sondeo_1_67.jpg 570w, https:\/\/www.sigre.es\/boletin\/wp-content\/uploads\/2019\/03\/sondeo_1_67-300x212.jpg 300w\" sizes=\"auto, (max-width: 400px) 100vw, 400px\" \/><\/a><\/p>\n<p class=\"p1\"><span class=\"s1\">En este sondeo existe total unanimidad entre los participantes a la hora de calificar como \u201c\u00fatiles\u201d las respuestas obtenidas y la informaci\u00f3n proporcionada por SIGRE a las consultas planteadas por los laboratorios farmac\u00e9uticos.<\/span><\/p>\n<p class=\"p1\" style=\"text-align: center;\"><a href=\"https:\/\/www.sigre.es\/boletin\/wp-content\/uploads\/2019\/03\/sondeo_2_67.jpg\"><img loading=\"lazy\" decoding=\"async\" class=\"aligncenter wp-image-4734\" src=\"https:\/\/www.sigre.es\/boletin\/wp-content\/uploads\/2019\/03\/sondeo_2_67.jpg\" alt=\"sondeo_2_67\" width=\"400\" height=\"486\" srcset=\"https:\/\/www.sigre.es\/boletin\/wp-content\/uploads\/2019\/03\/sondeo_2_67.jpg 570w, https:\/\/www.sigre.es\/boletin\/wp-content\/uploads\/2019\/03\/sondeo_2_67-247x300.jpg 247w\" sizes=\"auto, (max-width: 400px) 100vw, 400px\" \/><\/a><\/p>\n","protected":false},"excerpt":{"rendered":"<p>En el marco de su pol\u00edtica de transparencia y relaci\u00f3n con sus grupos de inter\u00e9s, SIGRE ha efectuado un nuevo sondeo de opini\u00f3n entre los responsables de medio ambiente de los laboratorios adheridos. En este sondeo, el octavo que se realiza, han participado de forma confidencial 78 laboratorios, que han evaluado el grado de satisfacci\u00f3n [&hellip;]<\/p>\n","protected":false},"author":7,"featured_media":0,"parent":4695,"menu_order":194,"comment_status":"closed","ping_status":"closed","template":"sigre-entrevista.php","meta":{"footnotes":""},"class_list":["post-4730","page","type-page","status-publish","hentry"],"_links":{"self":[{"href":"https:\/\/www.sigre.es\/boletin\/wp-json\/wp\/v2\/pages\/4730","targetHints":{"allow":["GET"]}}],"collection":[{"href":"https:\/\/www.sigre.es\/boletin\/wp-json\/wp\/v2\/pages"}],"about":[{"href":"https:\/\/www.sigre.es\/boletin\/wp-json\/wp\/v2\/types\/page"}],"author":[{"embeddable":true,"href":"https:\/\/www.sigre.es\/boletin\/wp-json\/wp\/v2\/users\/7"}],"replies":[{"embeddable":true,"href":"https:\/\/www.sigre.es\/boletin\/wp-json\/wp\/v2\/comments?post=4730"}],"version-history":[{"count":0,"href":"https:\/\/www.sigre.es\/boletin\/wp-json\/wp\/v2\/pages\/4730\/revisions"}],"up":[{"embeddable":true,"href":"https:\/\/www.sigre.es\/boletin\/wp-json\/wp\/v2\/pages\/4695"}],"wp:attachment":[{"href":"https:\/\/www.sigre.es\/boletin\/wp-json\/wp\/v2\/media?parent=4730"}],"curies":[{"name":"wp","href":"https:\/\/api.w.org\/{rel}","templated":true}]}}