{"id":4720,"date":"2019-03-25T12:20:28","date_gmt":"2019-03-25T11:20:28","guid":{"rendered":"https:\/\/www.sigre.es\/boletin\/?page_id=4720"},"modified":"2019-03-26T17:31:02","modified_gmt":"2019-03-26T16:31:02","slug":"sigre-responde","status":"publish","type":"page","link":"https:\/\/www.sigre.es\/boletin\/sigre-informa-67\/sigre-responde\/","title":{"rendered":"SIGRE RESPONDE"},"content":{"rendered":"<div id=\"fb-root\"><\/div>\n<p class=\"p1\"><span class=\"s1\">SIGRE apuesta por una comunicaci\u00f3n responsable e innovadora, que le permita mejorar el ratio de interacci\u00f3n en los canales online con sus seguidores y con todos los p\u00fablicos interesados en su actividad medioambiental.<\/span><\/p>\n<p class=\"p1\"><span class=\"s1\">Herramientas como la p\u00e1gina web, el blog institucional, los boletines, las notas informativas o las Redes Sociales se han afianzado como elementos b\u00e1sicos de la comunicaci\u00f3n de SIGRE.<\/span><\/p>\n<p class=\"p1\"><span class=\"s1\">El aumento registrado en el n\u00famero de visitantes y en el n\u00famero de p\u00e1ginas vistas, el crecimiento de las sesiones y la mejora en el tiempo de permanencia muestran el creciente inter\u00e9s que despierta nuestra actividad. <\/span><\/p>\n<p class=\"p1\"><span class=\"s1\">Una muestra de ello se refleja en las cifras alcanzadas en 2018:<\/span><\/p>\n<p class=\"p1\" style=\"text-align: center;\"><a href=\"https:\/\/www.sigre.es\/boletin\/wp-content\/uploads\/2019\/03\/pindoles_67.jpg\"><img loading=\"lazy\" decoding=\"async\" class=\"aligncenter wp-image-4726\" src=\"https:\/\/www.sigre.es\/boletin\/wp-content\/uploads\/2019\/03\/pindoles_67.jpg\" alt=\"pindoles_67\" width=\"500\" height=\"405\" srcset=\"https:\/\/www.sigre.es\/boletin\/wp-content\/uploads\/2019\/03\/pindoles_67.jpg 1024w, https:\/\/www.sigre.es\/boletin\/wp-content\/uploads\/2019\/03\/pindoles_67-300x243.jpg 300w, https:\/\/www.sigre.es\/boletin\/wp-content\/uploads\/2019\/03\/pindoles_67-768x623.jpg 768w\" sizes=\"auto, (max-width: 500px) 100vw, 500px\" \/><\/a><\/p>\n","protected":false},"excerpt":{"rendered":"<p>SIGRE apuesta por una comunicaci\u00f3n responsable e innovadora, que le permita mejorar el ratio de interacci\u00f3n en los canales online con sus seguidores y con todos los p\u00fablicos interesados en su actividad medioambiental. Herramientas como la p\u00e1gina web, el blog institucional, los boletines, las notas informativas o las Redes Sociales se han afianzado como elementos [&hellip;]<\/p>\n","protected":false},"author":7,"featured_media":0,"parent":4695,"menu_order":193,"comment_status":"closed","ping_status":"closed","template":"sigre-responde.php","meta":{"footnotes":""},"class_list":["post-4720","page","type-page","status-publish","hentry"],"_links":{"self":[{"href":"https:\/\/www.sigre.es\/boletin\/wp-json\/wp\/v2\/pages\/4720","targetHints":{"allow":["GET"]}}],"collection":[{"href":"https:\/\/www.sigre.es\/boletin\/wp-json\/wp\/v2\/pages"}],"about":[{"href":"https:\/\/www.sigre.es\/boletin\/wp-json\/wp\/v2\/types\/page"}],"author":[{"embeddable":true,"href":"https:\/\/www.sigre.es\/boletin\/wp-json\/wp\/v2\/users\/7"}],"replies":[{"embeddable":true,"href":"https:\/\/www.sigre.es\/boletin\/wp-json\/wp\/v2\/comments?post=4720"}],"version-history":[{"count":0,"href":"https:\/\/www.sigre.es\/boletin\/wp-json\/wp\/v2\/pages\/4720\/revisions"}],"up":[{"embeddable":true,"href":"https:\/\/www.sigre.es\/boletin\/wp-json\/wp\/v2\/pages\/4695"}],"wp:attachment":[{"href":"https:\/\/www.sigre.es\/boletin\/wp-json\/wp\/v2\/media?parent=4720"}],"curies":[{"name":"wp","href":"https:\/\/api.w.org\/{rel}","templated":true}]}}