{"id":4714,"date":"2019-03-25T12:15:03","date_gmt":"2019-03-25T11:15:03","guid":{"rendered":"https:\/\/www.sigre.es\/boletin\/?page_id=4714"},"modified":"2019-03-26T17:30:22","modified_gmt":"2019-03-26T16:30:22","slug":"editorial","status":"publish","type":"page","link":"https:\/\/www.sigre.es\/boletin\/sigre-informa-67\/editorial\/","title":{"rendered":"EDITORIAL"},"content":{"rendered":"<div id=\"fb-root\"><\/div>\n<p class=\"p1\"><span class=\"s1\">Conocer la opini\u00f3n y expectativas de la industria farmac\u00e9utica hacia la labor medioambiental y socio-sanitaria que desarrolla SIGRE, as\u00ed como la calidad de los servicios profesionales que se prestan desde nuestra entidad, son los principales objetivos del \u00faltimo sondeo de opini\u00f3n a laboratorios que la entidad ha realizado en el marco de su compromiso de di\u00e1logo y transparencia con sus grupos de inter\u00e9s.<\/span><\/p>\n<p class=\"p1\"><span class=\"s1\">Los excelentes resultados de este estudio, el octavo que se realiza y en el que han participado 78 laboratorios farmac\u00e9uticos adheridos, ha puesto de relieve un elevado grado de satisfacci\u00f3n de los responsables de medio ambiente de la industria farmac\u00e9utica con la actividad de SIGRE.<\/span><\/p>\n<p class=\"p1\"><span class=\"s1\">Entre los datos obtenidos, hay dos que son especialmente satisfactorios. El primero, que el 100% de los participantes en el sondeo considera \u201cmuy \u00fatiles\u201d las respuestas que SIGRE les proporciona en respuesta a sus consultas o demandas de informaci\u00f3n; y, el segundo, que nueve de cada diez laboratorios consideran que la organizaci\u00f3n contribuye \u201cbastante\u201d o \u201cmucho\u201d a visibilizar el compromiso de la industria con el cuidado y protecci\u00f3n del medio ambiente.<\/span><\/p>\n<p class=\"p1\"><span class=\"s1\">Esta positiva valoraci\u00f3n tiene una gran trascendencia para la entidad ya que, adem\u00e1s de poner de relieve el elevado grado de cooperaci\u00f3n y servicio prestado, muestra la buena acogida que su aportaci\u00f3n tiene para que la industria farmac\u00e9utica pueda seguir avanzando en la aplicaci\u00f3n de la econom\u00eda circular, en la prevenci\u00f3n de envases en origen y en la puesta en marcha de innovadoras medidas de ecodise\u00f1o sobre los envases farmac\u00e9uticos.<\/span><\/p>\n","protected":false},"excerpt":{"rendered":"<p>Conocer la opini\u00f3n y expectativas de la industria farmac\u00e9utica hacia la labor medioambiental y socio-sanitaria que desarrolla SIGRE, as\u00ed como la calidad de los servicios profesionales que se prestan desde nuestra entidad, son los principales objetivos del \u00faltimo sondeo de opini\u00f3n a laboratorios que la entidad ha realizado en el marco de su compromiso de [&hellip;]<\/p>\n","protected":false},"author":7,"featured_media":0,"parent":4695,"menu_order":192,"comment_status":"closed","ping_status":"closed","template":"articulo1.php","meta":{"footnotes":""},"class_list":["post-4714","page","type-page","status-publish","hentry"],"_links":{"self":[{"href":"https:\/\/www.sigre.es\/boletin\/wp-json\/wp\/v2\/pages\/4714","targetHints":{"allow":["GET"]}}],"collection":[{"href":"https:\/\/www.sigre.es\/boletin\/wp-json\/wp\/v2\/pages"}],"about":[{"href":"https:\/\/www.sigre.es\/boletin\/wp-json\/wp\/v2\/types\/page"}],"author":[{"embeddable":true,"href":"https:\/\/www.sigre.es\/boletin\/wp-json\/wp\/v2\/users\/7"}],"replies":[{"embeddable":true,"href":"https:\/\/www.sigre.es\/boletin\/wp-json\/wp\/v2\/comments?post=4714"}],"version-history":[{"count":0,"href":"https:\/\/www.sigre.es\/boletin\/wp-json\/wp\/v2\/pages\/4714\/revisions"}],"up":[{"embeddable":true,"href":"https:\/\/www.sigre.es\/boletin\/wp-json\/wp\/v2\/pages\/4695"}],"wp:attachment":[{"href":"https:\/\/www.sigre.es\/boletin\/wp-json\/wp\/v2\/media?parent=4714"}],"curies":[{"name":"wp","href":"https:\/\/api.w.org\/{rel}","templated":true}]}}