{"id":4705,"date":"2019-03-25T11:57:06","date_gmt":"2019-03-25T10:57:06","guid":{"rendered":"https:\/\/www.sigre.es\/boletin\/?page_id=4705"},"modified":"2019-03-27T13:22:01","modified_gmt":"2019-03-27T12:22:01","slug":"actualidad","status":"publish","type":"page","link":"https:\/\/www.sigre.es\/boletin\/sigre-informa-67\/actualidad\/","title":{"rendered":"ACTUALIDAD"},"content":{"rendered":"<div id=\"fb-root\"><\/div>\n<p class=\"p1\"><span class=\"s1\">SIGRE ha lanzado la primera web interactiva, con el t\u00edtulo de \u201c<a href=\"http:\/\/www.sigre-ecofarmacia.es\/\" target=\"_blank\"><span class=\"s2\">ecoFARMACIA<\/span><\/a>\u201d, que recopila 77 buenas pr\u00e1cticas que las oficinas de farmacia pueden implementar en su actividad profesional diaria, con el objetivo de ser m\u00e1s sostenibles y cuidar del medio ambiente.<\/span><\/p>\n<p class=\"p1\" style=\"text-align: center;\"><a href=\"https:\/\/www.sigre.es\/boletin\/wp-content\/uploads\/2019\/03\/ecofarma_1_67.jpg\"><img loading=\"lazy\" decoding=\"async\" class=\"aligncenter wp-image-4709\" src=\"https:\/\/www.sigre.es\/boletin\/wp-content\/uploads\/2019\/03\/ecofarma_1_67.jpg\" alt=\"ecofarma_1_67\" width=\"400\" height=\"208\" srcset=\"https:\/\/www.sigre.es\/boletin\/wp-content\/uploads\/2019\/03\/ecofarma_1_67.jpg 1260w, https:\/\/www.sigre.es\/boletin\/wp-content\/uploads\/2019\/03\/ecofarma_1_67-300x156.jpg 300w, https:\/\/www.sigre.es\/boletin\/wp-content\/uploads\/2019\/03\/ecofarma_1_67-768x399.jpg 768w, https:\/\/www.sigre.es\/boletin\/wp-content\/uploads\/2019\/03\/ecofarma_1_67-1024x532.jpg 1024w\" sizes=\"auto, (max-width: 400px) 100vw, 400px\" \/><\/a><\/p>\n<p class=\"p1\"><span class=\"s1\">Este novedoso recurso online, cuyos contenidos relacionados con la actividad farmac\u00e9utica han contado con el asesoramiento del Consejo General de Colegios Oficiales de Farmac\u00e9uticos (CGCOF), est\u00e1 dirigido de manera espec\u00edfica a los farmac\u00e9uticos y resto de profesionales que desarrollan su labor en la oficina de farmacia y se puede acceder a \u00e9l de forma online a trav\u00e9s del siguiente enlace: <a href=\"http:\/\/www.sigre-ecofarmacia.es\/\" target=\"_blank\"><span class=\"s2\">www.sigre-ecofarmacia.es<\/span><\/a><\/span><\/p>\n<p class=\"p1\"><span class=\"s1\">El total de las 77 iniciativas y medidas recopiladas por SIGRE en la web est\u00e1n distribuidas de la siguiente manera:\u00a0<\/span><\/p>\n<p class=\"p1\" style=\"text-align: center;\"><a href=\"https:\/\/www.sigre.es\/boletin\/wp-content\/uploads\/2019\/03\/ecofarma_2_67.jpg\"><img loading=\"lazy\" decoding=\"async\" class=\"aligncenter wp-image-4710\" src=\"https:\/\/www.sigre.es\/boletin\/wp-content\/uploads\/2019\/03\/ecofarma_2_67.jpg\" alt=\"ecofarma_2_67\" width=\"500\" height=\"284\" srcset=\"https:\/\/www.sigre.es\/boletin\/wp-content\/uploads\/2019\/03\/ecofarma_2_67.jpg 760w, https:\/\/www.sigre.es\/boletin\/wp-content\/uploads\/2019\/03\/ecofarma_2_67-300x171.jpg 300w\" sizes=\"auto, (max-width: 500px) 100vw, 500px\" \/><\/a><\/p>\n<p class=\"p1\"><span class=\"s1\">Este proyecto de ecoFARMACIA nace del esfuerzo de SIGRE por impulsar iniciativas medioambientales que, de forma transversal, est\u00e9n presentes en las diversas actividades que realizan los agentes del sector farmac\u00e9utico participantes en la puesta en marcha y funcionamiento de la entidad: laboratorios, empresas de distribuci\u00f3n y farmacias; y es un ejemplo m\u00e1s del compromiso de todos ellos con la econom\u00eda circular para asegurar el futuro del planeta y preservar los recursos naturales.<\/span><\/p>\n<p class=\"p1\" style=\"text-align: center;\"><a href=\"http:\/\/www.sigre-ecofarmacia.es\/\" target=\"_blank\"><img loading=\"lazy\" decoding=\"async\" class=\"aligncenter wp-image-4711\" src=\"https:\/\/www.sigre.es\/boletin\/wp-content\/uploads\/2019\/03\/ecoframa_4_67.jpg\" alt=\"ecoframa_4_67\" width=\"400\" height=\"207\" srcset=\"https:\/\/www.sigre.es\/boletin\/wp-content\/uploads\/2019\/03\/ecoframa_4_67.jpg 1260w, https:\/\/www.sigre.es\/boletin\/wp-content\/uploads\/2019\/03\/ecoframa_4_67-300x155.jpg 300w, https:\/\/www.sigre.es\/boletin\/wp-content\/uploads\/2019\/03\/ecoframa_4_67-768x397.jpg 768w, https:\/\/www.sigre.es\/boletin\/wp-content\/uploads\/2019\/03\/ecoframa_4_67-1024x530.jpg 1024w\" sizes=\"auto, (max-width: 400px) 100vw, 400px\" \/><\/a><\/p>\n<p class=\"p15\">\n","protected":false},"excerpt":{"rendered":"<p>SIGRE ha lanzado la primera web interactiva, con el t\u00edtulo de \u201cecoFARMACIA\u201d, que recopila 77 buenas pr\u00e1cticas que las oficinas de farmacia pueden implementar en su actividad profesional diaria, con el objetivo de ser m\u00e1s sostenibles y cuidar del medio ambiente. Este novedoso recurso online, cuyos contenidos relacionados con la actividad farmac\u00e9utica han contado con [&hellip;]<\/p>\n","protected":false},"author":7,"featured_media":0,"parent":4695,"menu_order":191,"comment_status":"closed","ping_status":"closed","template":"sigre-entrevista.php","meta":{"footnotes":""},"class_list":["post-4705","page","type-page","status-publish","hentry"],"_links":{"self":[{"href":"https:\/\/www.sigre.es\/boletin\/wp-json\/wp\/v2\/pages\/4705","targetHints":{"allow":["GET"]}}],"collection":[{"href":"https:\/\/www.sigre.es\/boletin\/wp-json\/wp\/v2\/pages"}],"about":[{"href":"https:\/\/www.sigre.es\/boletin\/wp-json\/wp\/v2\/types\/page"}],"author":[{"embeddable":true,"href":"https:\/\/www.sigre.es\/boletin\/wp-json\/wp\/v2\/users\/7"}],"replies":[{"embeddable":true,"href":"https:\/\/www.sigre.es\/boletin\/wp-json\/wp\/v2\/comments?post=4705"}],"version-history":[{"count":0,"href":"https:\/\/www.sigre.es\/boletin\/wp-json\/wp\/v2\/pages\/4705\/revisions"}],"up":[{"embeddable":true,"href":"https:\/\/www.sigre.es\/boletin\/wp-json\/wp\/v2\/pages\/4695"}],"wp:attachment":[{"href":"https:\/\/www.sigre.es\/boletin\/wp-json\/wp\/v2\/media?parent=4705"}],"curies":[{"name":"wp","href":"https:\/\/api.w.org\/{rel}","templated":true}]}}