{"id":4697,"date":"2019-03-25T11:47:48","date_gmt":"2019-03-25T10:47:48","guid":{"rendered":"https:\/\/www.sigre.es\/boletin\/?page_id=4697"},"modified":"2019-03-26T17:28:57","modified_gmt":"2019-03-26T16:28:57","slug":"entrevista","status":"publish","type":"page","link":"https:\/\/www.sigre.es\/boletin\/sigre-informa-67\/entrevista\/","title":{"rendered":"ENTREVISTA"},"content":{"rendered":"<div id=\"fb-root\"><\/div>\n<p><strong><span class=\"s2\">Se cumplen 25 a\u00f1os de la Asociaci\u00f3n Nacional de Informadores de Salud (ANIS). \u00bfQu\u00e9 logros se han conseguido y qu\u00e9 retos quedan por alcanzar?<\/span><\/strong><\/p>\n<p class=\"p2\"><span class=\"s2\">El principal logro que hemos alcanzado es tener una presencia activa en el sector. Ser una voz a tener en cuenta, como demuestra que me hag\u00e1is esta entrevista. Pero a\u00fan nos falta consolidarnos en toda Espa\u00f1a y crear un calendario formativo estable, que se repita de a\u00f1o en a\u00f1o. Tambi\u00e9n hay que ahondar en transparencia y \u00e9tica.<\/span><\/p>\n<p class=\"p2\"><strong><span class=\"s2\">La promoci\u00f3n de la salud est\u00e1 muy ligada a factores como el medioambiental. \u00bfEn qu\u00e9 medida cree que la sociedad est\u00e1 concienciada de que protegiendo a nuestro planeta se cuida tambi\u00e9n de la salud p\u00fablica?<\/span><\/strong><\/p>\n<p class=\"p2\"><span class=\"s2\">Es una corriente creciente. Seguro que la teor\u00eda la conoce casi todo el mundo, pero hay que llevarlo a la pr\u00e1ctica. Ocurre como con los h\u00e1bitos saludables: seguro que todo el que fuma sabe que es malo para su salud, otra cosa es que lo deje.<\/span><\/p>\n<p class=\"p2\"><span class=\"s2\"><strong>La actividad de SIGRE tiene una doble dimensi\u00f3n: medioambiental y socio-sanitaria. \u00bfC\u00f3mo valora la evoluci\u00f3n registrada en el reciclado de los restos de medicamentos y sus envases desde la implantaci\u00f3n de los Puntos SIGRE en Espa\u00f1a?<\/strong> <\/span><\/p>\n<p class=\"p2\"><span class=\"s2\">La existencia de SIGRE da confianza en que productos tan delicados como los medicamentos se van a retirar y, en la medida de lo posible, reciclar de manera segura para las personas y el medio ambiente.<\/span><\/p>\n","protected":false},"excerpt":{"rendered":"<p>Se cumplen 25 a\u00f1os de la Asociaci\u00f3n Nacional de Informadores de Salud (ANIS). \u00bfQu\u00e9 logros se han conseguido y qu\u00e9 retos quedan por alcanzar? El principal logro que hemos alcanzado es tener una presencia activa en el sector. Ser una voz a tener en cuenta, como demuestra que me hag\u00e1is esta entrevista. Pero a\u00fan nos [&hellip;]<\/p>\n","protected":false},"author":7,"featured_media":0,"parent":4695,"menu_order":189,"comment_status":"closed","ping_status":"closed","template":"sigre-entrevista.php","meta":{"footnotes":""},"class_list":["post-4697","page","type-page","status-publish","hentry"],"_links":{"self":[{"href":"https:\/\/www.sigre.es\/boletin\/wp-json\/wp\/v2\/pages\/4697","targetHints":{"allow":["GET"]}}],"collection":[{"href":"https:\/\/www.sigre.es\/boletin\/wp-json\/wp\/v2\/pages"}],"about":[{"href":"https:\/\/www.sigre.es\/boletin\/wp-json\/wp\/v2\/types\/page"}],"author":[{"embeddable":true,"href":"https:\/\/www.sigre.es\/boletin\/wp-json\/wp\/v2\/users\/7"}],"replies":[{"embeddable":true,"href":"https:\/\/www.sigre.es\/boletin\/wp-json\/wp\/v2\/comments?post=4697"}],"version-history":[{"count":0,"href":"https:\/\/www.sigre.es\/boletin\/wp-json\/wp\/v2\/pages\/4697\/revisions"}],"up":[{"embeddable":true,"href":"https:\/\/www.sigre.es\/boletin\/wp-json\/wp\/v2\/pages\/4695"}],"wp:attachment":[{"href":"https:\/\/www.sigre.es\/boletin\/wp-json\/wp\/v2\/media?parent=4697"}],"curies":[{"name":"wp","href":"https:\/\/api.w.org\/{rel}","templated":true}]}}