{"id":4340,"date":"2018-07-10T17:56:08","date_gmt":"2018-07-10T16:56:08","guid":{"rendered":"https:\/\/www.sigre.es\/boletin\/?page_id=4340"},"modified":"2018-07-11T15:56:39","modified_gmt":"2018-07-11T14:56:39","slug":"ultima-hora","status":"publish","type":"page","link":"https:\/\/www.sigre.es\/boletin\/sigre-informa-64\/ultima-hora\/","title":{"rendered":"\u00daLTIMA HORA"},"content":{"rendered":"<div id=\"fb-root\"><\/div>\n<p>SIGRE, la Asociaci\u00f3n de Periodistas de Informaci\u00f3n Ambiental (APIA) y La Vanguardia han rubricado la renovaci\u00f3n del acuerdo que mantienen para promover la especializaci\u00f3n de profesionales de la informaci\u00f3n en el campo del periodismo ambiental y la sostenibilidad.<\/p>\n<p>Gracias a este acuerdo, un estudiante de periodismo realizar\u00e1 pr\u00e1cticas formativas en el diario La Vanguardia y se especializar\u00e1 en la elaboraci\u00f3n de informaci\u00f3n sobre sostenibilidad y reciclaje de la mano de un profesional del medio que actuar\u00e1 como tutor.<\/p>\n<p>El convenio ha sido rubricado por M\u00e0rius Carol, Director de La Vanguardia, Clara Nav\u00edo, Presidenta de APIA, y Juan Carlos Mampaso, Director General de SIGRE.<\/p>\n<p><a href=\"https:\/\/www.sigre.es\/boletin\/wp-content\/uploads\/2018\/07\/U\u0301ltimaHora-_interior.jpg\"><img loading=\"lazy\" decoding=\"async\" class=\"wp-image-4343 aligncenter\" src=\"https:\/\/www.sigre.es\/boletin\/wp-content\/uploads\/2018\/07\/U\u0301ltimaHora-_interior-1024x683.jpg\" alt=\"FOTO ALEX GARCIA ACUERDO DE COLABORACION ENTRE LA VANGUARDIA Y APIA (ASOCIACION DE PERIODISTAS DE INFORMACION AMBIENTAL). CON SU PRESIDENTA CLARA NAVIO, MARIUS CAROL Y CON JUAN CARLOS MAMPASO, DIRECTOR GENERAL DE SIGRE 2018\/07\/02\" width=\"400\" height=\"267\" srcset=\"https:\/\/www.sigre.es\/boletin\/wp-content\/uploads\/2018\/07\/U\u0301ltimaHora-_interior.jpg 1024w, https:\/\/www.sigre.es\/boletin\/wp-content\/uploads\/2018\/07\/U\u0301ltimaHora-_interior-300x200.jpg 300w, https:\/\/www.sigre.es\/boletin\/wp-content\/uploads\/2018\/07\/U\u0301ltimaHora-_interior-768x512.jpg 768w\" sizes=\"auto, (max-width: 400px) 100vw, 400px\" \/><\/a><\/p>\n<p style=\"text-align: center;\"><span style=\"color: #808080; font-size: 12px;\">En la imagen, Juan Carlos Mampaso, D. G. de SIGRE, Clara Nav\u00edo, Presidenta de APIA, Ana Mar\u00eda Pe\u00f1alver, alumna, y M\u00e0rius Carol, Director de La Vanguardia<\/span><\/p>\n","protected":false},"excerpt":{"rendered":"<p>SIGRE, la Asociaci\u00f3n de Periodistas de Informaci\u00f3n Ambiental (APIA) y La Vanguardia han rubricado la renovaci\u00f3n del acuerdo que mantienen para promover la especializaci\u00f3n de profesionales de la informaci\u00f3n en el campo del periodismo ambiental y la sostenibilidad. Gracias a este acuerdo, un estudiante de periodismo realizar\u00e1 pr\u00e1cticas formativas en el diario La Vanguardia y [&hellip;]<\/p>\n","protected":false},"author":7,"featured_media":0,"parent":4235,"menu_order":285,"comment_status":"closed","ping_status":"closed","template":"sigre-entrevista.php","meta":{"footnotes":""},"class_list":["post-4340","page","type-page","status-publish","hentry"],"_links":{"self":[{"href":"https:\/\/www.sigre.es\/boletin\/wp-json\/wp\/v2\/pages\/4340","targetHints":{"allow":["GET"]}}],"collection":[{"href":"https:\/\/www.sigre.es\/boletin\/wp-json\/wp\/v2\/pages"}],"about":[{"href":"https:\/\/www.sigre.es\/boletin\/wp-json\/wp\/v2\/types\/page"}],"author":[{"embeddable":true,"href":"https:\/\/www.sigre.es\/boletin\/wp-json\/wp\/v2\/users\/7"}],"replies":[{"embeddable":true,"href":"https:\/\/www.sigre.es\/boletin\/wp-json\/wp\/v2\/comments?post=4340"}],"version-history":[{"count":0,"href":"https:\/\/www.sigre.es\/boletin\/wp-json\/wp\/v2\/pages\/4340\/revisions"}],"up":[{"embeddable":true,"href":"https:\/\/www.sigre.es\/boletin\/wp-json\/wp\/v2\/pages\/4235"}],"wp:attachment":[{"href":"https:\/\/www.sigre.es\/boletin\/wp-json\/wp\/v2\/media?parent=4340"}],"curies":[{"name":"wp","href":"https:\/\/api.w.org\/{rel}","templated":true}]}}