{"id":4332,"date":"2018-07-10T17:43:54","date_gmt":"2018-07-10T16:43:54","guid":{"rendered":"https:\/\/www.sigre.es\/boletin\/?page_id=4332"},"modified":"2018-07-11T15:55:13","modified_gmt":"2018-07-11T14:55:13","slug":"redes-sociales","status":"publish","type":"page","link":"https:\/\/www.sigre.es\/boletin\/sigre-informa-64\/redes-sociales\/","title":{"rendered":"REDES SOCIALES"},"content":{"rendered":"<div id=\"fb-root\"><\/div>\n<p>La comunidad de usuarios que sigue la actividad de SIGRE en los distintos perfiles de la entidad en las Redes Sociales contin\u00faa creciendo mes a mes.<\/p>\n<p>A ello, se suma el tono positivo y enriquecedor de los distintos mensajes con los que los usuarios interaccionan con SIGRE, tanto para difundir nuestra actividad y los consejos que lanzamos como para informarse sobre la actividad medioambiental y socio-sanitaria de la entidad.<\/p>\n<p>Sigue la actividad de SIGRE en <a href=\"https:\/\/twitter.com\/puntosigre\" target=\"_blank\">Twitter<\/a>, <a href=\"https:\/\/www.facebook.com\/puntosigre\" target=\"_blank\">Facebook<\/a>, <a href=\"https:\/\/plus.google.com\/u\/0\/b\/104036555746495042228\/+sigrees\" target=\"_blank\">Google+<\/a> y <a href=\"https:\/\/www.youtube.com\/user\/PuntoSigre\" target=\"_blank\">Youtube.<\/a><\/p>\n<blockquote class=\"twitter-tweet\" data-lang=\"es\">\n<p dir=\"ltr\" lang=\"es\">&#x1f44f;&#x1f44f;&#x1f44f;GRACIAS A TODOS LOS QUE HACEN POSIBLE EL RECICLADO DE LOS ENVASES Y RESTOS DE MEDICAMENTOS EN LOS PUNTOS SIGRE<br \/>\nY en especial a ti, sin cuya colaboraci\u00f3n y apoyo ser\u00eda imposible.<br \/>\nRecuerda: TU MANO TAMBI\u00c9N CUENTA.<a href=\"https:\/\/twitter.com\/hashtag\/diamundialdelreciclaje?src=hash&amp;ref_src=twsrc%5Etfw\">#diamundialdelreciclaje<\/a> <a href=\"https:\/\/t.co\/qjlhR8cZoM\">pic.twitter.com\/qjlhR8cZoM<\/a><\/p>\n<p>\u2014 SIGRE (@puntosigre) <a href=\"https:\/\/twitter.com\/puntosigre\/status\/997006363283910656?ref_src=twsrc%5Etfw\">17 de mayo de 2018<\/a><\/p>\n<p>&nbsp;<\/p><\/blockquote>\n<p><script src=\"https:\/\/platform.twitter.com\/widgets.js\" async=\"\" charset=\"utf-8\"><\/script><\/p>\n<blockquote class=\"twitter-tweet\" data-lang=\"es\"><p>\n&#x1f44d;&#x1f44d;DIPLOMA A LOS LABORATORIOS FARMAC\u00c9UTICOS QUE HAN APLICADO MEDIDAS DE ECODISE\u00d1O A SUS ENVASES EN 2017<br \/>\n El pasado a\u00f1o, la industria farmac\u00e9utica aplic\u00f3 155 iniciativas de <a href=\"https:\/\/twitter.com\/hashtag\/ecodise%C3%B1o?src=hash&amp;ref_src=twsrc%5Etfw\">#ecodise\u00f1o<\/a> sobre los <a href=\"https:\/\/twitter.com\/hashtag\/envases?src=hash&amp;ref_src=twsrc%5Etfw\">#envases<\/a> de <a href=\"https:\/\/twitter.com\/hashtag\/medicamentos?src=hash&amp;ref_src=twsrc%5Etfw\">#medicamentos<\/a> para reducir su impacto <a href=\"https:\/\/twitter.com\/hashtag\/ambiental?src=hash&amp;ref_src=twsrc%5Etfw\">#ambiental<\/a> <a href=\"https:\/\/twitter.com\/hashtag\/EncuentroSIGRE2018?src=hash&amp;ref_src=twsrc%5Etfw\">#EncuentroSIGRE2018<\/a> <a href=\"https:\/\/t.co\/CgoJggR94u\">pic.twitter.com\/CgoJggR94u<\/a><\/p>\n<p>\u2014 SIGRE (@puntosigre) <a href=\"https:\/\/twitter.com\/puntosigre\/status\/1006447868469829632?ref_src=twsrc%5Etfw\">12 de junio de 2018<\/a><\/p>\n<p>&nbsp;\n<\/p><\/blockquote>\n<p><script src=\"https:\/\/platform.twitter.com\/widgets.js\" async=\"\" charset=\"utf-8\"><\/script><\/p>\n<blockquote class=\"twitter-tweet\" data-lang=\"es\">\n<p dir=\"ltr\" lang=\"es\">&#x1f5d3;\ufe0f HOY ES EL D\u00cdA NACIONAL DEL <a href=\"https:\/\/twitter.com\/hashtag\/DONANTE?src=hash&amp;ref_src=twsrc%5Etfw\">#DONANTE<\/a> DE <a href=\"https:\/\/twitter.com\/hashtag\/%C3%93RGANOS?src=hash&amp;ref_src=twsrc%5Etfw\">#\u00d3RGANOS<\/a> \u2764\ufe0f<br \/>\nMiles de personas pueden seguir viviendo o mejorar su calidad de vida gracias al gesto altruista que supone la donaci\u00f3n de \u00f3rganos <a href=\"https:\/\/t.co\/5krKnmBe8y\">https:\/\/t.co\/5krKnmBe8y<\/a><br \/>\n&#x1f44f;&#x1f44f;Gracias a todos los que \u00abregalan\u00bb vida <a href=\"https:\/\/twitter.com\/hashtag\/D%C3%ADaNacionaldelDonante?src=hash&amp;ref_src=twsrc%5Etfw\">#D\u00edaNacionaldelDonante<\/a> <a href=\"https:\/\/t.co\/KP7Se6q8bv\">pic.twitter.com\/KP7Se6q8bv<\/a><\/p>\n<p>\u2014 SIGRE (@puntosigre) <a href=\"https:\/\/twitter.com\/puntosigre\/status\/1004300356636020736?ref_src=twsrc%5Etfw\">6 de junio de 2018<\/a><\/p><\/blockquote>\n<p><script src=\"https:\/\/platform.twitter.com\/widgets.js\" async=\"\" charset=\"utf-8\"><\/script><\/p>\n<blockquote class=\"twitter-tweet\" data-lang=\"es\"><p>\n&#x1f551; \u00bfCU\u00c1NTO TIEMPO TARDAN EN DESCOMPONERSE LOS RESIDUOS? &#x1f30d;<br \/>\nAlgunos de ellos pueden tardar hasta 4.000 a\u00f1os en degradarse <a href=\"https:\/\/t.co\/Cnth3TKB81\">https:\/\/t.co\/Cnth3TKB81<\/a><br \/>\nRecuerda: Recicla cada tipo de <a href=\"https:\/\/twitter.com\/hashtag\/residuo?src=hash&amp;ref_src=twsrc%5Etfw\">#residuo<\/a> de forma correcta. Los envases de <a href=\"https:\/\/twitter.com\/hashtag\/medicamentos?src=hash&amp;ref_src=twsrc%5Etfw\">#medicamentos<\/a> y sus restos, siempre al Punto SIGRE. \u267b\ufe0f <a href=\"https:\/\/t.co\/uTCFkoIPRU\">pic.twitter.com\/uTCFkoIPRU<\/a><\/p>\n<p>\u2014 SIGRE (@puntosigre) <a href=\"https:\/\/twitter.com\/puntosigre\/status\/1001731203148451841?ref_src=twsrc%5Etfw\">30 de mayo de 2018<\/a>\n<\/p><\/blockquote>\n<p><script src=\"https:\/\/platform.twitter.com\/widgets.js\" async=\"\" charset=\"utf-8\"><\/script><\/p>\n<blockquote class=\"twitter-tweet\" data-lang=\"es\">\n<p dir=\"ltr\" lang=\"es\">&#x1f51f; CONSEJOS PARA UNA CORRECTA PROTECCI\u00d3N SOLAR \u2600\ufe0f&#x1f60e;<br \/>\nEn <a href=\"https:\/\/twitter.com\/hashtag\/BlogSIGRE?src=hash&amp;ref_src=twsrc%5Etfw\">#BlogSIGRE<\/a>, te explicamos todo lo que debes saber para proteger adecuadamente tu piel de la radiaci\u00f3n solar y evitar su envejecimiento prematuro. Presta atenci\u00f3n <a href=\"https:\/\/t.co\/vNJaiexy05\">https:\/\/t.co\/vNJaiexy05<\/a> <a href=\"https:\/\/twitter.com\/hashtag\/D%C3%ADaMundialdelMelanoma?src=hash&amp;ref_src=twsrc%5Etfw\">#D\u00edaMundialdelMelanoma<\/a> <a href=\"https:\/\/t.co\/z8yilcth4v\">pic.twitter.com\/z8yilcth4v<\/a><\/p>\n<p>\u2014 SIGRE (@puntosigre) <a href=\"https:\/\/twitter.com\/puntosigre\/status\/999183186843357185?ref_src=twsrc%5Etfw\">23 de mayo de 2018<\/a><\/p><\/blockquote>\n<p><script src=\"https:\/\/platform.twitter.com\/widgets.js\" async=\"\" charset=\"utf-8\"><\/script><\/p>\n<blockquote class=\"twitter-tweet\" data-lang=\"es\"><p>\nEL 79% DE LOS HOGARES RIOJANOS TIENE EL H\u00c1BITO DE <a href=\"https:\/\/twitter.com\/hashtag\/RECICLAR?src=hash&amp;ref_src=twsrc%5Etfw\">#RECICLAR<\/a> EN EL PUNTO SIGRE \u267b\ufe0f&#x1f48a;<br \/>\nEl 95% considera que tirar los restos de medicamentos a la basura o por el desag\u00fce perjudica al <a href=\"https:\/\/twitter.com\/hashtag\/medioambiente?src=hash&amp;ref_src=twsrc%5Etfw\">#medioambiente<\/a>. Asimismo, la mayor\u00eda usa el Punto SIGRE entre 1 y 3 veces al a\u00f1o. <a href=\"https:\/\/t.co\/RV2moyFNxr\">pic.twitter.com\/RV2moyFNxr<\/a><\/p>\n<p>\u2014 SIGRE (@puntosigre) <a href=\"https:\/\/twitter.com\/puntosigre\/status\/998863589309124608?ref_src=twsrc%5Etfw\">22 de mayo de 2018<\/a>\n<\/p><\/blockquote>\n<p><script src=\"https:\/\/platform.twitter.com\/widgets.js\" async=\"\" charset=\"utf-8\"><\/script><\/p>\n<blockquote class=\"twitter-tweet\" data-lang=\"es\">\n<p dir=\"ltr\" lang=\"es\">\u00bfTIENES DUDAS SOBRE LOS <a href=\"https:\/\/twitter.com\/hashtag\/S%C3%8DMBOLOS?src=hash&amp;ref_src=twsrc%5Etfw\">#S\u00cdMBOLOS<\/a> DE LOS ENVASES DE <a href=\"https:\/\/twitter.com\/hashtag\/MEDICAMENTOS?src=hash&amp;ref_src=twsrc%5Etfw\">#MEDICAMENTOS<\/a>? &#x1f48a;<br \/>\nConocerlos y saber qu\u00e9 significan es importante para usar y conservar<br \/>\ncorrectamente cada uno de los <a href=\"https:\/\/twitter.com\/hashtag\/medicamentos?src=hash&amp;ref_src=twsrc%5Etfw\">#medicamentos<\/a> que tienes en &#x1f3e0;.<br \/>\nEn nuestra web, tienes toda la informaci\u00f3n <a href=\"https:\/\/t.co\/IUVM71ZJAv\">https:\/\/t.co\/IUVM71ZJAv<\/a> <a href=\"https:\/\/t.co\/6Xm22GcZyL\">pic.twitter.com\/6Xm22GcZyL<\/a><\/p>\n<p>\u2014 SIGRE (@puntosigre) <a href=\"https:\/\/twitter.com\/puntosigre\/status\/996284157792870400?ref_src=twsrc%5Etfw\">15 de mayo de 2018<\/a><\/p><\/blockquote>\n<p><script src=\"https:\/\/platform.twitter.com\/widgets.js\" async=\"\" charset=\"utf-8\"><\/script><\/p>\n<blockquote class=\"twitter-tweet\" data-lang=\"es\"><p>\n\u26a0\ufe0f\u26a0\ufe0f\u26a0\ufe0fANTES DE COMENZAR A USAR UN MEDICAMENTO, ES MUY IMPORTANTE LEER SU PROSPECTO<br \/>\nEn el apartado 2 del prospecto hay informaci\u00f3n s\/ contraindicaciones, posibles interacciones con otros medicamentos, su uso durante la lactancia o embarazo &#8230;<br \/>\n+ Info: <a href=\"https:\/\/t.co\/N7jF6ctzbG\">https:\/\/t.co\/N7jF6ctzbG<\/a> <a href=\"https:\/\/t.co\/Fhq2ocafWK\">pic.twitter.com\/Fhq2ocafWK<\/a><\/p>\n<p>\u2014 SIGRE (@puntosigre) <a href=\"https:\/\/twitter.com\/puntosigre\/status\/993395022073683970?ref_src=twsrc%5Etfw\">7 de mayo de 2018<\/a>\n<\/p><\/blockquote>\n<p><script src=\"https:\/\/platform.twitter.com\/widgets.js\" async=\"\" charset=\"utf-8\"><\/script><\/p>\n","protected":false},"excerpt":{"rendered":"<p>La comunidad de usuarios que sigue la actividad de SIGRE en los distintos perfiles de la entidad en las Redes Sociales contin\u00faa creciendo mes a mes. A ello, se suma el tono positivo y enriquecedor de los distintos mensajes con los que los usuarios interaccionan con SIGRE, tanto para difundir nuestra actividad y los consejos [&hellip;]<\/p>\n","protected":false},"author":7,"featured_media":0,"parent":4235,"menu_order":283,"comment_status":"closed","ping_status":"closed","template":"articulo1.php","meta":{"footnotes":""},"class_list":["post-4332","page","type-page","status-publish","hentry"],"_links":{"self":[{"href":"https:\/\/www.sigre.es\/boletin\/wp-json\/wp\/v2\/pages\/4332","targetHints":{"allow":["GET"]}}],"collection":[{"href":"https:\/\/www.sigre.es\/boletin\/wp-json\/wp\/v2\/pages"}],"about":[{"href":"https:\/\/www.sigre.es\/boletin\/wp-json\/wp\/v2\/types\/page"}],"author":[{"embeddable":true,"href":"https:\/\/www.sigre.es\/boletin\/wp-json\/wp\/v2\/users\/7"}],"replies":[{"embeddable":true,"href":"https:\/\/www.sigre.es\/boletin\/wp-json\/wp\/v2\/comments?post=4332"}],"version-history":[{"count":0,"href":"https:\/\/www.sigre.es\/boletin\/wp-json\/wp\/v2\/pages\/4332\/revisions"}],"up":[{"embeddable":true,"href":"https:\/\/www.sigre.es\/boletin\/wp-json\/wp\/v2\/pages\/4235"}],"wp:attachment":[{"href":"https:\/\/www.sigre.es\/boletin\/wp-json\/wp\/v2\/media?parent=4332"}],"curies":[{"name":"wp","href":"https:\/\/api.w.org\/{rel}","templated":true}]}}