{"id":4330,"date":"2018-07-10T17:42:03","date_gmt":"2018-07-10T16:42:03","guid":{"rendered":"https:\/\/www.sigre.es\/boletin\/?page_id=4330"},"modified":"2018-07-12T12:36:57","modified_gmt":"2018-07-12T11:36:57","slug":"sigre-en-los-medios","status":"publish","type":"page","link":"https:\/\/www.sigre.es\/boletin\/sigre-informa-64\/sigre-en-los-medios\/","title":{"rendered":"SIGRE EN LOS MEDIOS"},"content":{"rendered":"<div id=\"fb-root\"><\/div>\n<p>Los medios de comunicaci\u00f3n se han hecho eco en los \u00faltimos meses de las principales acciones desarrolladas por SIGRE para promover el correcto reciclaje de los envases vac\u00edos o con restos de medicamentos, bajo el doble objetivo medioambiental y socio-sanitario que persigue esta iniciativa.<\/p>\n<p>Entre las m\u00e1s destacadas, figuran la campa\u00f1a \u2018El envase del medicamento, un aliado de tu salud\u2019, el lanzamiento del V Cat\u00e1logo de Iniciativas de Ecodise\u00f1o de SIGRE y las ruedas de prensa organizadas en Andaluc\u00eda, Comunidad Valenciana y La Rioja para presentar, en colaboraci\u00f3n con las autoridades ambientales, los resultados anuales de SIGRE.<\/p>\n<p style=\"text-align: center;\"><a href=\"https:\/\/www.sigre.es\/boletin\/wp-content\/uploads\/2018\/07\/prensa_64.jpg\"><img loading=\"lazy\" decoding=\"async\" class=\"aligncenter wp-image-4384 size-full\" src=\"https:\/\/www.sigre.es\/boletin\/wp-content\/uploads\/2018\/07\/prensa_64.jpg\" alt=\"prensa_64\" width=\"1200\" height=\"2216\" srcset=\"https:\/\/www.sigre.es\/boletin\/wp-content\/uploads\/2018\/07\/prensa_64.jpg 1200w, https:\/\/www.sigre.es\/boletin\/wp-content\/uploads\/2018\/07\/prensa_64-162x300.jpg 162w, https:\/\/www.sigre.es\/boletin\/wp-content\/uploads\/2018\/07\/prensa_64-768x1418.jpg 768w, https:\/\/www.sigre.es\/boletin\/wp-content\/uploads\/2018\/07\/prensa_64-555x1024.jpg 555w\" sizes=\"auto, (max-width: 1200px) 100vw, 1200px\" \/><\/a><\/p>\n","protected":false},"excerpt":{"rendered":"<p>Los medios de comunicaci\u00f3n se han hecho eco en los \u00faltimos meses de las principales acciones desarrolladas por SIGRE para promover el correcto reciclaje de los envases vac\u00edos o con restos de medicamentos, bajo el doble objetivo medioambiental y socio-sanitario que persigue esta iniciativa. Entre las m\u00e1s destacadas, figuran la campa\u00f1a \u2018El envase del medicamento, [&hellip;]<\/p>\n","protected":false},"author":7,"featured_media":0,"parent":4235,"menu_order":282,"comment_status":"closed","ping_status":"closed","template":"articulo1.php","meta":{"footnotes":""},"class_list":["post-4330","page","type-page","status-publish","hentry"],"_links":{"self":[{"href":"https:\/\/www.sigre.es\/boletin\/wp-json\/wp\/v2\/pages\/4330","targetHints":{"allow":["GET"]}}],"collection":[{"href":"https:\/\/www.sigre.es\/boletin\/wp-json\/wp\/v2\/pages"}],"about":[{"href":"https:\/\/www.sigre.es\/boletin\/wp-json\/wp\/v2\/types\/page"}],"author":[{"embeddable":true,"href":"https:\/\/www.sigre.es\/boletin\/wp-json\/wp\/v2\/users\/7"}],"replies":[{"embeddable":true,"href":"https:\/\/www.sigre.es\/boletin\/wp-json\/wp\/v2\/comments?post=4330"}],"version-history":[{"count":0,"href":"https:\/\/www.sigre.es\/boletin\/wp-json\/wp\/v2\/pages\/4330\/revisions"}],"up":[{"embeddable":true,"href":"https:\/\/www.sigre.es\/boletin\/wp-json\/wp\/v2\/pages\/4235"}],"wp:attachment":[{"href":"https:\/\/www.sigre.es\/boletin\/wp-json\/wp\/v2\/media?parent=4330"}],"curies":[{"name":"wp","href":"https:\/\/api.w.org\/{rel}","templated":true}]}}