{"id":4313,"date":"2018-07-10T17:23:01","date_gmt":"2018-07-10T16:23:01","guid":{"rendered":"https:\/\/www.sigre.es\/boletin\/?page_id=4313"},"modified":"2018-07-11T15:50:19","modified_gmt":"2018-07-11T14:50:19","slug":"actualidad-2-2-2-2-2-2","status":"publish","type":"page","link":"https:\/\/www.sigre.es\/boletin\/sigre-informa-64\/actualidad-2-2-2-2-2-2\/","title":{"rendered":"ACTUALIDAD"},"content":{"rendered":"<div id=\"fb-root\"><\/div>\n<p>La web educativa SIGRELANDIA, una herramienta online creada para sensibilizar a los alumnos de educaci\u00f3n primaria sobre la importancia que tiene el correcto reciclaje de los envases de medicamentos para cuidar del planeta, ha sido redise\u00f1ada y actualizada y cuenta ya con nuevos escenarios y juegos did\u00e1cticos a trav\u00e9s de los que la comunidad escolar puede aprender por qu\u00e9 es importante reciclar este tipo de envases y sus residuos.<\/p>\n<p>Al igual que en la anterior versi\u00f3n, a trav\u00e9s de una ciudad virtual los alumnos pueden visitar los siguientes escenarios: un laboratorio, un centro de salud, un hogar, una farmacia y una planta de reciclado. Esta nueva versi\u00f3n, adaptada al lenguaje HTML5, m\u00e1s funcional y din\u00e1mica, se ajusta mejor a los distintos tipos de dispositivos a trav\u00e9s de los que se accede a la web.<\/p>\n<p>Tanto en castellano como en ingl\u00e9s, en cada uno de los escenarios, un personaje proporciona consejos sobre el cumplimiento de los tratamientos, la revisi\u00f3n del botiqu\u00edn o la utilizaci\u00f3n del Punto SIGRE de la farmacia y, al final de cada uno de ellos, el alumno debe superar un juego did\u00e1ctico para aprender, de una forma entretenida, la importancia de cuidar del planeta.<\/p>\n<p style=\"text-align: center;\"><a href=\"https:\/\/www.sigre.es\/boletin\/wp-content\/uploads\/2018\/07\/SIGRELANDIA_-interior.jpg\"><img loading=\"lazy\" decoding=\"async\" class=\"aligncenter wp-image-4316\" src=\"https:\/\/www.sigre.es\/boletin\/wp-content\/uploads\/2018\/07\/SIGRELANDIA_-interior.jpg\" alt=\"SIGRELANDIA_ interior\" width=\"400\" height=\"356\" srcset=\"https:\/\/www.sigre.es\/boletin\/wp-content\/uploads\/2018\/07\/SIGRELANDIA_-interior.jpg 700w, https:\/\/www.sigre.es\/boletin\/wp-content\/uploads\/2018\/07\/SIGRELANDIA_-interior-300x267.jpg 300w\" sizes=\"auto, (max-width: 400px) 100vw, 400px\" \/><\/a><\/p>\n","protected":false},"excerpt":{"rendered":"<p>La web educativa SIGRELANDIA, una herramienta online creada para sensibilizar a los alumnos de educaci\u00f3n primaria sobre la importancia que tiene el correcto reciclaje de los envases de medicamentos para cuidar del planeta, ha sido redise\u00f1ada y actualizada y cuenta ya con nuevos escenarios y juegos did\u00e1cticos a trav\u00e9s de los que la comunidad escolar [&hellip;]<\/p>\n","protected":false},"author":7,"featured_media":0,"parent":4235,"menu_order":280,"comment_status":"closed","ping_status":"closed","template":"sigre-entrevista.php","meta":{"footnotes":""},"class_list":["post-4313","page","type-page","status-publish","hentry"],"_links":{"self":[{"href":"https:\/\/www.sigre.es\/boletin\/wp-json\/wp\/v2\/pages\/4313","targetHints":{"allow":["GET"]}}],"collection":[{"href":"https:\/\/www.sigre.es\/boletin\/wp-json\/wp\/v2\/pages"}],"about":[{"href":"https:\/\/www.sigre.es\/boletin\/wp-json\/wp\/v2\/types\/page"}],"author":[{"embeddable":true,"href":"https:\/\/www.sigre.es\/boletin\/wp-json\/wp\/v2\/users\/7"}],"replies":[{"embeddable":true,"href":"https:\/\/www.sigre.es\/boletin\/wp-json\/wp\/v2\/comments?post=4313"}],"version-history":[{"count":0,"href":"https:\/\/www.sigre.es\/boletin\/wp-json\/wp\/v2\/pages\/4313\/revisions"}],"up":[{"embeddable":true,"href":"https:\/\/www.sigre.es\/boletin\/wp-json\/wp\/v2\/pages\/4235"}],"wp:attachment":[{"href":"https:\/\/www.sigre.es\/boletin\/wp-json\/wp\/v2\/media?parent=4313"}],"curies":[{"name":"wp","href":"https:\/\/api.w.org\/{rel}","templated":true}]}}