{"id":4299,"date":"2018-07-10T16:38:04","date_gmt":"2018-07-10T15:38:04","guid":{"rendered":"https:\/\/www.sigre.es\/boletin\/?page_id=4299"},"modified":"2018-07-11T19:14:14","modified_gmt":"2018-07-11T18:14:14","slug":"actualidad-2-2-2-2-2","status":"publish","type":"page","link":"https:\/\/www.sigre.es\/boletin\/sigre-informa-64\/actualidad-2-2-2-2-2\/","title":{"rendered":"ACTUALIDAD"},"content":{"rendered":"<div id=\"fb-root\"><\/div>\n<p>SIGRE ha participado en la Asamblea General Ordinaria de la Red Espa\u00f1ola del Pacto Mundial, que este a\u00f1o ha contado con la presencia de Lise Kingo, CEO y Directora Ejecutiva de esta iniciativa internacional, que pretende incorporar en las actividades de las empresas 10 Principios universalmente aceptados, con el objetivo de promover el desarrollo sostenible en las \u00e1reas de Derechos Humanos y Empresa, Normas Laborales, Medio Ambiente y Lucha contra la Corrupci\u00f3n.<\/p>\n<p>Durante el encuentro, se aprobaron las cuentas y el presupuesto presentados por Juan Carlos Mampaso, Director General de SIGRE y Tesorero de la Red Espa\u00f1ola del Pacto Mundial. Adem\u00e1s, los miembros de la Red Espa\u00f1ola hicieron balance de la actividad desarrollada en Espa\u00f1a, los logros alcanzados y los principales retos a los que nos enfrentamos para conseguir erradicar la pobreza y favorecer un desarrollo sostenible e igualitario en todo el mundo.<\/p>\n<p>Asimismo, se puso en valor la implicaci\u00f3n del tejido empresarial espa\u00f1ol para alcanzar los retos de la Agenda 2030, resaltando que el 75% de las empresas adheridas ya realizan acciones dirigidas al cumplimiento de los Objetivos de Desarrollo Sostenible (ODS).<\/p>\n<p>En su discurso, Kingo hizo menci\u00f3n al importante papel que ejerce en materia de sostenibilidad la Red Espa\u00f1ola del Pacto Mundial, la mayor por n\u00famero de firmantes y de la que SIGRE forma parte de su Comit\u00e9 Ejecutivo.<\/p>\n<p style=\"text-align: center;\">\u00a0<a href=\"https:\/\/www.sigre.es\/boletin\/wp-content\/uploads\/2018\/07\/Pacto_1.jpg\"><img loading=\"lazy\" decoding=\"async\" class=\"aligncenter wp-image-4303\" src=\"https:\/\/www.sigre.es\/boletin\/wp-content\/uploads\/2018\/07\/Pacto_1.jpg\" alt=\"Pacto_1\" width=\"400\" height=\"301\" srcset=\"https:\/\/www.sigre.es\/boletin\/wp-content\/uploads\/2018\/07\/Pacto_1.jpg 700w, https:\/\/www.sigre.es\/boletin\/wp-content\/uploads\/2018\/07\/Pacto_1-300x225.jpg 300w\" sizes=\"auto, (max-width: 400px) 100vw, 400px\" \/><\/a><\/p>\n<p style=\"text-align: center;\"><span style=\"color: #808080; font-size: 12px;\"> Juan Carlos Mampaso, D.G. de SIGRE y Tesorero de la Red Espa\u00f1ola, presenta los presupuestos a los asistentes a la Asamblea<\/span><\/p>\n<p style=\"text-align: center;\"><a href=\"https:\/\/www.sigre.es\/boletin\/wp-content\/uploads\/2018\/07\/PactoMundial_interior.jpg\"><img loading=\"lazy\" decoding=\"async\" class=\"aligncenter wp-image-4371\" src=\"https:\/\/www.sigre.es\/boletin\/wp-content\/uploads\/2018\/07\/PactoMundial_interior.jpg\" alt=\"PactoMundial_interior\" width=\"400\" height=\"254\" srcset=\"https:\/\/www.sigre.es\/boletin\/wp-content\/uploads\/2018\/07\/PactoMundial_interior.jpg 745w, https:\/\/www.sigre.es\/boletin\/wp-content\/uploads\/2018\/07\/PactoMundial_interior-300x190.jpg 300w\" sizes=\"auto, (max-width: 400px) 100vw, 400px\" \/><\/a><\/p>\n<p style=\"text-align: center;\"><span style=\"color: #808080; font-size: 12px;\">Angel Pes, Presidente de la Red Espa\u00f1ola del Pacto Mundial, y Lise Kingo, CEO y Directora Ejecutiva de Global Compact, durante la inauguraci\u00f3n de la asamblea<\/span><\/p>\n","protected":false},"excerpt":{"rendered":"<p>SIGRE ha participado en la Asamblea General Ordinaria de la Red Espa\u00f1ola del Pacto Mundial, que este a\u00f1o ha contado con la presencia de Lise Kingo, CEO y Directora Ejecutiva de esta iniciativa internacional, que pretende incorporar en las actividades de las empresas 10 Principios universalmente aceptados, con el objetivo de promover el desarrollo sostenible [&hellip;]<\/p>\n","protected":false},"author":7,"featured_media":0,"parent":4235,"menu_order":277,"comment_status":"closed","ping_status":"closed","template":"sigre-entrevista.php","meta":{"footnotes":""},"class_list":["post-4299","page","type-page","status-publish","hentry"],"_links":{"self":[{"href":"https:\/\/www.sigre.es\/boletin\/wp-json\/wp\/v2\/pages\/4299","targetHints":{"allow":["GET"]}}],"collection":[{"href":"https:\/\/www.sigre.es\/boletin\/wp-json\/wp\/v2\/pages"}],"about":[{"href":"https:\/\/www.sigre.es\/boletin\/wp-json\/wp\/v2\/types\/page"}],"author":[{"embeddable":true,"href":"https:\/\/www.sigre.es\/boletin\/wp-json\/wp\/v2\/users\/7"}],"replies":[{"embeddable":true,"href":"https:\/\/www.sigre.es\/boletin\/wp-json\/wp\/v2\/comments?post=4299"}],"version-history":[{"count":0,"href":"https:\/\/www.sigre.es\/boletin\/wp-json\/wp\/v2\/pages\/4299\/revisions"}],"up":[{"embeddable":true,"href":"https:\/\/www.sigre.es\/boletin\/wp-json\/wp\/v2\/pages\/4235"}],"wp:attachment":[{"href":"https:\/\/www.sigre.es\/boletin\/wp-json\/wp\/v2\/media?parent=4299"}],"curies":[{"name":"wp","href":"https:\/\/api.w.org\/{rel}","templated":true}]}}