{"id":4290,"date":"2018-07-10T16:36:24","date_gmt":"2018-07-10T15:36:24","guid":{"rendered":"https:\/\/www.sigre.es\/boletin\/?page_id=4290"},"modified":"2018-07-11T15:44:38","modified_gmt":"2018-07-11T14:44:38","slug":"actualidad-2-2-2-2","status":"publish","type":"page","link":"https:\/\/www.sigre.es\/boletin\/sigre-informa-64\/actualidad-2-2-2-2\/","title":{"rendered":"ACTUALIDAD"},"content":{"rendered":"<div id=\"fb-root\"><\/div>\n<p>SIGRE ha organizado los d\u00edas 12 y 13 de junio en Barcelona y Madrid, respectivamente, el Encuentro Industria+SIGRE 2018, un espacio de informaci\u00f3n y debate que re\u00fane anualmente a los responsables de medio ambiente de la industria farmac\u00e9utica espa\u00f1ola.<\/p>\n<p>En esta ocasi\u00f3n, adem\u00e1s de hacer un repaso a los resultados alcanzados por SIGRE durante el pasado ejercicio, se abordaron otros <a href=\"https:\/\/www.sigre.es\/wp-content\/uploads\/2018\/06\/PROGRAMA-ENCUENTRO-INDUSTRIASIGRE-2018.pdf\" target=\"_blank\">temas de m\u00e1ximo inter\u00e9s para los laboratorios<\/a>, como las \u00faltimas novedades en materia de econom\u00eda circular y ecodise\u00f1o o las implicaciones ambientales que tendr\u00e1n los nuevos dispositivos de verificaci\u00f3n y seguridad que se deben incorporar a los envases farmac\u00e9uticos.<\/p>\n<p>Asimismo, se present\u00f3 el nuevo Plan Empresarial de Prevenci\u00f3n (PEP) de envases 2018-2020 y se hizo entrega de un reconocimiento a los laboratorios que aplicaron mejoras medioambientales en sus envases durante el anterior PEP 2015-2017.<\/p>\n<p>El Encuentro cont\u00f3 en Madrid con la presencia del Director General del Medio Ambiente y Sostenibilidad de la Comunidad de Madrid, Luis del Olmo, y en Barcelona con la del Director de la Agencia de Residuos de Catalu\u00f1a, Josep Mar\u00eda Tost. Ambos felicitaron a SIGRE y a la industria farmac\u00e9utica por apostar por la innovaci\u00f3n para lograr envases de medicamentos m\u00e1s sostenibles.<\/p>\n<p style=\"text-align: center;\"><a href=\"https:\/\/www.sigre.es\/boletin\/wp-content\/uploads\/2018\/07\/Encuentro_1.jpg\"><img loading=\"lazy\" decoding=\"async\" class=\"aligncenter wp-image-4291\" src=\"https:\/\/www.sigre.es\/boletin\/wp-content\/uploads\/2018\/07\/Encuentro_1-1024x478.jpg\" alt=\"Encuentro_1\" width=\"400\" height=\"187\" srcset=\"https:\/\/www.sigre.es\/boletin\/wp-content\/uploads\/2018\/07\/Encuentro_1.jpg 1024w, https:\/\/www.sigre.es\/boletin\/wp-content\/uploads\/2018\/07\/Encuentro_1-300x140.jpg 300w, https:\/\/www.sigre.es\/boletin\/wp-content\/uploads\/2018\/07\/Encuentro_1-768x359.jpg 768w\" sizes=\"auto, (max-width: 400px) 100vw, 400px\" \/><\/a><\/p>\n<p style=\"text-align: center;\"><span style=\"color: #808080; font-size: 12px;\">En la fotograf\u00eda, momento de la entrega de las placas y diplomas a laboratorios en Madrid<\/span><\/p>\n<p style=\"text-align: center;\"><a href=\"https:\/\/www.sigre.es\/boletin\/wp-content\/uploads\/2018\/07\/Encuentro_2.jpg\"><img loading=\"lazy\" decoding=\"async\" class=\"aligncenter wp-image-4292\" src=\"https:\/\/www.sigre.es\/boletin\/wp-content\/uploads\/2018\/07\/Encuentro_2-1024x489.jpg\" alt=\"Encuentro_2\" width=\"400\" height=\"191\" srcset=\"https:\/\/www.sigre.es\/boletin\/wp-content\/uploads\/2018\/07\/Encuentro_2.jpg 1024w, https:\/\/www.sigre.es\/boletin\/wp-content\/uploads\/2018\/07\/Encuentro_2-300x143.jpg 300w, https:\/\/www.sigre.es\/boletin\/wp-content\/uploads\/2018\/07\/Encuentro_2-768x367.jpg 768w\" sizes=\"auto, (max-width: 400px) 100vw, 400px\" \/><\/a><\/p>\n<p style=\"text-align: center;\"><span style=\"color: #808080; font-size: 12px;\">Entrega de las placas y diplomas a laboratorios en Barcelona<\/span><\/p>\n<p style=\"text-align: center;\"><a href=\"https:\/\/www.sigre.es\/boletin\/wp-content\/uploads\/2018\/07\/Encuentro_3.jpg\"><img loading=\"lazy\" decoding=\"async\" class=\"aligncenter wp-image-4293\" src=\"https:\/\/www.sigre.es\/boletin\/wp-content\/uploads\/2018\/07\/Encuentro_3-1024x679.jpg\" alt=\"Encuentro_3\" width=\"400\" height=\"265\" srcset=\"https:\/\/www.sigre.es\/boletin\/wp-content\/uploads\/2018\/07\/Encuentro_3.jpg 1024w, https:\/\/www.sigre.es\/boletin\/wp-content\/uploads\/2018\/07\/Encuentro_3-300x199.jpg 300w, https:\/\/www.sigre.es\/boletin\/wp-content\/uploads\/2018\/07\/Encuentro_3-768x509.jpg 768w\" sizes=\"auto, (max-width: 400px) 100vw, 400px\" \/><\/a><\/p>\n<p style=\"text-align: center;\"><span style=\"color: #808080; font-size: 12px;\">De izquierda a derecha, Humberto Arn\u00e9s, Luis del Olmo y Juan Carlos Mampaso.\u00a0<\/span><\/p>\n<p style=\"text-align: center;\"><a href=\"https:\/\/www.sigre.es\/boletin\/wp-content\/uploads\/2018\/07\/Encuentro_BCN.jpg\"><img loading=\"lazy\" decoding=\"async\" class=\"aligncenter wp-image-4369\" src=\"https:\/\/www.sigre.es\/boletin\/wp-content\/uploads\/2018\/07\/Encuentro_BCN-1024x683.jpg\" alt=\"Encuentro_BCN\" width=\"400\" height=\"267\" srcset=\"https:\/\/www.sigre.es\/boletin\/wp-content\/uploads\/2018\/07\/Encuentro_BCN.jpg 1024w, https:\/\/www.sigre.es\/boletin\/wp-content\/uploads\/2018\/07\/Encuentro_BCN-300x200.jpg 300w, https:\/\/www.sigre.es\/boletin\/wp-content\/uploads\/2018\/07\/Encuentro_BCN-768x512.jpg 768w\" sizes=\"auto, (max-width: 400px) 100vw, 400px\" \/><\/a><\/p>\n<p style=\"text-align: center;\"><span style=\"color: #808080; font-size: 12px;\">En la imagen, Josep Mar\u00eda Tost, Director de la Agencia de Residuos de Catalu\u00f1a, y Juan Carlos Mampaso, D.G. de SIGRE<\/span><\/p>\n<p style=\"text-align: center;\"><a href=\"https:\/\/www.sigre.es\/boletin\/wp-content\/uploads\/2018\/07\/Encuentro_3-1.jpg\"><img loading=\"lazy\" decoding=\"async\" class=\"aligncenter wp-image-4368\" src=\"https:\/\/www.sigre.es\/boletin\/wp-content\/uploads\/2018\/07\/Encuentro_3-1-1024x472.jpg\" alt=\"Encuentro_3\" width=\"400\" height=\"184\" srcset=\"https:\/\/www.sigre.es\/boletin\/wp-content\/uploads\/2018\/07\/Encuentro_3-1.jpg 1024w, https:\/\/www.sigre.es\/boletin\/wp-content\/uploads\/2018\/07\/Encuentro_3-1-300x138.jpg 300w, https:\/\/www.sigre.es\/boletin\/wp-content\/uploads\/2018\/07\/Encuentro_3-1-768x354.jpg 768w\" sizes=\"auto, (max-width: 400px) 100vw, 400px\" \/><\/a><\/p>\n<p style=\"text-align: center;\"><span style=\"color: #808080; font-size: 12px;\">Imagen de la sala con asistentes al Encuentro celebrado en Madrid<\/span><\/p>\n<p style=\"text-align: center;\"><a href=\"https:\/\/www.sigre.es\/wp-content\/uploads\/2018\/06\/PROGRAMA-ENCUENTRO-INDUSTRIASIGRE-2018.pdf\" target=\"_blank\"><img loading=\"lazy\" decoding=\"async\" class=\"aligncenter wp-image-4295\" src=\"https:\/\/www.sigre.es\/boletin\/wp-content\/uploads\/2018\/07\/Encuentro_6-1024x672.png\" alt=\"Encuentro_6\" width=\"400\" height=\"262\" srcset=\"https:\/\/www.sigre.es\/boletin\/wp-content\/uploads\/2018\/07\/Encuentro_6-1024x672.png 1024w, https:\/\/www.sigre.es\/boletin\/wp-content\/uploads\/2018\/07\/Encuentro_6-300x197.png 300w, https:\/\/www.sigre.es\/boletin\/wp-content\/uploads\/2018\/07\/Encuentro_6-768x504.png 768w, https:\/\/www.sigre.es\/boletin\/wp-content\/uploads\/2018\/07\/Encuentro_6.png 1942w\" sizes=\"auto, (max-width: 400px) 100vw, 400px\" \/><\/a><\/p>\n","protected":false},"excerpt":{"rendered":"<p>SIGRE ha organizado los d\u00edas 12 y 13 de junio en Barcelona y Madrid, respectivamente, el Encuentro Industria+SIGRE 2018, un espacio de informaci\u00f3n y debate que re\u00fane anualmente a los responsables de medio ambiente de la industria farmac\u00e9utica espa\u00f1ola. En esta ocasi\u00f3n, adem\u00e1s de hacer un repaso a los resultados alcanzados por SIGRE durante el [&hellip;]<\/p>\n","protected":false},"author":7,"featured_media":0,"parent":4235,"menu_order":276,"comment_status":"closed","ping_status":"closed","template":"sigre-entrevista.php","meta":{"footnotes":""},"class_list":["post-4290","page","type-page","status-publish","hentry"],"_links":{"self":[{"href":"https:\/\/www.sigre.es\/boletin\/wp-json\/wp\/v2\/pages\/4290","targetHints":{"allow":["GET"]}}],"collection":[{"href":"https:\/\/www.sigre.es\/boletin\/wp-json\/wp\/v2\/pages"}],"about":[{"href":"https:\/\/www.sigre.es\/boletin\/wp-json\/wp\/v2\/types\/page"}],"author":[{"embeddable":true,"href":"https:\/\/www.sigre.es\/boletin\/wp-json\/wp\/v2\/users\/7"}],"replies":[{"embeddable":true,"href":"https:\/\/www.sigre.es\/boletin\/wp-json\/wp\/v2\/comments?post=4290"}],"version-history":[{"count":0,"href":"https:\/\/www.sigre.es\/boletin\/wp-json\/wp\/v2\/pages\/4290\/revisions"}],"up":[{"embeddable":true,"href":"https:\/\/www.sigre.es\/boletin\/wp-json\/wp\/v2\/pages\/4235"}],"wp:attachment":[{"href":"https:\/\/www.sigre.es\/boletin\/wp-json\/wp\/v2\/media?parent=4290"}],"curies":[{"name":"wp","href":"https:\/\/api.w.org\/{rel}","templated":true}]}}