{"id":4285,"date":"2018-07-10T16:23:48","date_gmt":"2018-07-10T15:23:48","guid":{"rendered":"https:\/\/www.sigre.es\/boletin\/?page_id=4285"},"modified":"2018-07-11T15:40:24","modified_gmt":"2018-07-11T14:40:24","slug":"actualidad-2-2-2","status":"publish","type":"page","link":"https:\/\/www.sigre.es\/boletin\/sigre-informa-64\/actualidad-2-2-2\/","title":{"rendered":"ACTUALIDAD"},"content":{"rendered":"<div id=\"fb-root\"><\/div>\n<p>Es el lema elegido por SIGRE para el nuevo identificador de \u201cfarmacia colaboradora\u201d. Con \u00e9l, se quiere dar visibilidad al servicio medioambiental y socio-sanitario que presta la farmacia a la sociedad y a la importante labor que el farmac\u00e9utico est\u00e1 desarrollando en materia de educaci\u00f3n ambiental, promoviendo el correcto reciclaje de los envases vac\u00edos o con restos de medicamentos a trav\u00e9s del Punto SIGRE de la farmacia.<\/p>\n<p>Durante el mes de julio, las farmacias recibir\u00e1n un adhesivo que, una vez colocado en un lugar visible, permitir\u00e1 a los ciudadanos identificarlas como un Punto SIGRE, en el cual puede desprenderse de los envases y restos de medicamentos con todas las garant\u00edas que la actual reglamentaci\u00f3n exige.<\/p>\n<p style=\"text-align: center;\"><a href=\"https:\/\/www.sigre.es\/boletin\/wp-content\/uploads\/2018\/07\/Farmacia_colaboradora_interior.jpg\"><img loading=\"lazy\" decoding=\"async\" class=\"aligncenter wp-image-4287\" src=\"https:\/\/www.sigre.es\/boletin\/wp-content\/uploads\/2018\/07\/Farmacia_colaboradora_interior.jpg\" alt=\"Farmacia_colaboradora_interior\" width=\"400\" height=\"396\" srcset=\"https:\/\/www.sigre.es\/boletin\/wp-content\/uploads\/2018\/07\/Farmacia_colaboradora_interior.jpg 726w, https:\/\/www.sigre.es\/boletin\/wp-content\/uploads\/2018\/07\/Farmacia_colaboradora_interior-150x150.jpg 150w, https:\/\/www.sigre.es\/boletin\/wp-content\/uploads\/2018\/07\/Farmacia_colaboradora_interior-300x297.jpg 300w\" sizes=\"auto, (max-width: 400px) 100vw, 400px\" \/><\/a><\/p>\n","protected":false},"excerpt":{"rendered":"<p>Es el lema elegido por SIGRE para el nuevo identificador de \u201cfarmacia colaboradora\u201d. Con \u00e9l, se quiere dar visibilidad al servicio medioambiental y socio-sanitario que presta la farmacia a la sociedad y a la importante labor que el farmac\u00e9utico est\u00e1 desarrollando en materia de educaci\u00f3n ambiental, promoviendo el correcto reciclaje de los envases vac\u00edos o [&hellip;]<\/p>\n","protected":false},"author":7,"featured_media":0,"parent":4235,"menu_order":275,"comment_status":"closed","ping_status":"closed","template":"sigre-entrevista.php","meta":{"footnotes":""},"class_list":["post-4285","page","type-page","status-publish","hentry"],"_links":{"self":[{"href":"https:\/\/www.sigre.es\/boletin\/wp-json\/wp\/v2\/pages\/4285","targetHints":{"allow":["GET"]}}],"collection":[{"href":"https:\/\/www.sigre.es\/boletin\/wp-json\/wp\/v2\/pages"}],"about":[{"href":"https:\/\/www.sigre.es\/boletin\/wp-json\/wp\/v2\/types\/page"}],"author":[{"embeddable":true,"href":"https:\/\/www.sigre.es\/boletin\/wp-json\/wp\/v2\/users\/7"}],"replies":[{"embeddable":true,"href":"https:\/\/www.sigre.es\/boletin\/wp-json\/wp\/v2\/comments?post=4285"}],"version-history":[{"count":0,"href":"https:\/\/www.sigre.es\/boletin\/wp-json\/wp\/v2\/pages\/4285\/revisions"}],"up":[{"embeddable":true,"href":"https:\/\/www.sigre.es\/boletin\/wp-json\/wp\/v2\/pages\/4235"}],"wp:attachment":[{"href":"https:\/\/www.sigre.es\/boletin\/wp-json\/wp\/v2\/media?parent=4285"}],"curies":[{"name":"wp","href":"https:\/\/api.w.org\/{rel}","templated":true}]}}