{"id":4272,"date":"2018-07-10T14:29:56","date_gmt":"2018-07-10T13:29:56","guid":{"rendered":"https:\/\/www.sigre.es\/boletin\/?page_id=4272"},"modified":"2018-07-11T15:37:32","modified_gmt":"2018-07-11T14:37:32","slug":"actualidad-2","status":"publish","type":"page","link":"https:\/\/www.sigre.es\/boletin\/sigre-informa-64\/actualidad-2\/","title":{"rendered":"ACTUALIDAD"},"content":{"rendered":"<div id=\"fb-root\"><\/div>\n<p>Con el fin de presentar los principales resultados alcanzados en el tratamiento de los envases y restos de medicamentos que los ciudadanos depositan en los Puntos SIGRE, en mayo y junio se han organizado, conjuntamente con las autoridades medioambientales, distintas ruedas de prensa en Andaluc\u00eda, Comunidad Valenciana y La Rioja.<\/p>\n<p>Presididas por los respectivos Consejeros y Directores Generales de Medio Ambiente y con la presencia de distintos representantes del sector farmac\u00e9utico, estos actos informativos han permitido mostrar la positiva evoluci\u00f3n que ha experimentado la colaboraci\u00f3n ciudadana respecto al reciclaje de los envases vac\u00edos o con restos de medicamentos, hasta llegar a convertirse en un h\u00e1bito s\u00f3lidamente implantado en los hogares espa\u00f1oles.<\/p>\n<p>La actitud de los ciudadanos de estas comunidades sobre el uso y revisi\u00f3n del botiqu\u00edn o el destino que se da a cada tipo de residuo depositado en los Puntos SIGRE han sido otros temas abordados en estos encuentros con los medios de comunicaci\u00f3n, en los que tambi\u00e9n se ha presentado la Campa\u00f1a \u2018El envase del medicamento, un aliado de tu salud\u2019, puesta en marcha para informar a la sociedad sobre el significado de los s\u00edmbolos, siglas y leyendas m\u00e1s habituales en los envases de medicamentos.<\/p>\n<p style=\"text-align: center;\"><a href=\"https:\/\/www.sigre.es\/boletin\/wp-content\/uploads\/2018\/07\/actualidad_2_2_64.jpg\"><img loading=\"lazy\" decoding=\"async\" class=\"aligncenter wp-image-4274\" src=\"https:\/\/www.sigre.es\/boletin\/wp-content\/uploads\/2018\/07\/actualidad_2_2_64-1024x722.jpg\" alt=\"actualidad_2_2_64\" width=\"400\" height=\"282\" srcset=\"https:\/\/www.sigre.es\/boletin\/wp-content\/uploads\/2018\/07\/actualidad_2_2_64.jpg 1024w, https:\/\/www.sigre.es\/boletin\/wp-content\/uploads\/2018\/07\/actualidad_2_2_64-300x212.jpg 300w, https:\/\/www.sigre.es\/boletin\/wp-content\/uploads\/2018\/07\/actualidad_2_2_64-768x542.jpg 768w\" sizes=\"auto, (max-width: 400px) 100vw, 400px\" \/><\/a><\/p>\n<p style=\"text-align: center;\"><span style=\"color: #808080; font-size: 12px;\">Acto de presentaci\u00f3n de la actividad de SIGRE en Sevilla<\/span><\/p>\n<p style=\"text-align: center;\"><a href=\"https:\/\/www.sigre.es\/boletin\/wp-content\/uploads\/2018\/07\/actualidad_2_1_64.jpg\"><img loading=\"lazy\" decoding=\"async\" class=\"aligncenter wp-image-4273\" src=\"https:\/\/www.sigre.es\/boletin\/wp-content\/uploads\/2018\/07\/actualidad_2_1_64-1024x768.jpg\" alt=\"actualidad_2_1_64\" width=\"400\" height=\"300\" srcset=\"https:\/\/www.sigre.es\/boletin\/wp-content\/uploads\/2018\/07\/actualidad_2_1_64.jpg 1024w, https:\/\/www.sigre.es\/boletin\/wp-content\/uploads\/2018\/07\/actualidad_2_1_64-300x225.jpg 300w, https:\/\/www.sigre.es\/boletin\/wp-content\/uploads\/2018\/07\/actualidad_2_1_64-768x576.jpg 768w\" sizes=\"auto, (max-width: 400px) 100vw, 400px\" \/><\/a><\/p>\n<p style=\"text-align: center;\"><span style=\"color: #808080; font-size: 12px;\">Encuentro informativo organizado en la Comunidad Valenciana<\/span><\/p>\n<p style=\"text-align: center;\"><a href=\"https:\/\/www.sigre.es\/boletin\/wp-content\/uploads\/2018\/07\/actualidad_2_3_64.jpg\"><img loading=\"lazy\" decoding=\"async\" class=\"aligncenter wp-image-4275\" src=\"https:\/\/www.sigre.es\/boletin\/wp-content\/uploads\/2018\/07\/actualidad_2_3_64-1024x726.jpg\" alt=\"actualidad_2_3_64\" width=\"400\" height=\"284\" srcset=\"https:\/\/www.sigre.es\/boletin\/wp-content\/uploads\/2018\/07\/actualidad_2_3_64.jpg 1024w, https:\/\/www.sigre.es\/boletin\/wp-content\/uploads\/2018\/07\/actualidad_2_3_64-300x213.jpg 300w, https:\/\/www.sigre.es\/boletin\/wp-content\/uploads\/2018\/07\/actualidad_2_3_64-768x545.jpg 768w\" sizes=\"auto, (max-width: 400px) 100vw, 400px\" \/><\/a><\/p>\n<p style=\"text-align: center;\"><span style=\"color: #808080; font-size: 12px;\">Rueda de Prensa organizada en La Rioja<\/span><\/p>\n<p style=\"text-align: center;\">\n","protected":false},"excerpt":{"rendered":"<p>Con el fin de presentar los principales resultados alcanzados en el tratamiento de los envases y restos de medicamentos que los ciudadanos depositan en los Puntos SIGRE, en mayo y junio se han organizado, conjuntamente con las autoridades medioambientales, distintas ruedas de prensa en Andaluc\u00eda, Comunidad Valenciana y La Rioja. Presididas por los respectivos Consejeros [&hellip;]<\/p>\n","protected":false},"author":7,"featured_media":0,"parent":4235,"menu_order":273,"comment_status":"closed","ping_status":"closed","template":"sigre-entrevista.php","meta":{"footnotes":""},"class_list":["post-4272","page","type-page","status-publish","hentry"],"_links":{"self":[{"href":"https:\/\/www.sigre.es\/boletin\/wp-json\/wp\/v2\/pages\/4272","targetHints":{"allow":["GET"]}}],"collection":[{"href":"https:\/\/www.sigre.es\/boletin\/wp-json\/wp\/v2\/pages"}],"about":[{"href":"https:\/\/www.sigre.es\/boletin\/wp-json\/wp\/v2\/types\/page"}],"author":[{"embeddable":true,"href":"https:\/\/www.sigre.es\/boletin\/wp-json\/wp\/v2\/users\/7"}],"replies":[{"embeddable":true,"href":"https:\/\/www.sigre.es\/boletin\/wp-json\/wp\/v2\/comments?post=4272"}],"version-history":[{"count":0,"href":"https:\/\/www.sigre.es\/boletin\/wp-json\/wp\/v2\/pages\/4272\/revisions"}],"up":[{"embeddable":true,"href":"https:\/\/www.sigre.es\/boletin\/wp-json\/wp\/v2\/pages\/4235"}],"wp:attachment":[{"href":"https:\/\/www.sigre.es\/boletin\/wp-json\/wp\/v2\/media?parent=4272"}],"curies":[{"name":"wp","href":"https:\/\/api.w.org\/{rel}","templated":true}]}}