{"id":4263,"date":"2018-07-10T14:10:36","date_gmt":"2018-07-10T13:10:36","guid":{"rendered":"https:\/\/www.sigre.es\/boletin\/?page_id=4263"},"modified":"2018-07-11T14:49:11","modified_gmt":"2018-07-11T13:49:11","slug":"sigre-responde","status":"publish","type":"page","link":"https:\/\/www.sigre.es\/boletin\/sigre-informa-64\/sigre-responde\/","title":{"rendered":"SIGRE RESPONDE"},"content":{"rendered":"<div id=\"fb-root\"><\/div>\n<p>Reducir al m\u00e1ximo el impacto ambiental de los envases de medicamentos, as\u00ed como optimizar su peso y mejorar el reciclaje de sus materiales son los principales objetivos que persigue el nuevo Plan Empresarial de Prevenci\u00f3n (PEP) de envases del sector farmac\u00e9utico para el per\u00edodo 2018-2020, el s\u00e9ptimo que acomete la industria farmac\u00e9utica.<\/p>\n<p>SIGRE viene impulsando y coordinando con los laboratorios farmac\u00e9uticos, desde el a\u00f1o 2000, los Planes Empresariales de Prevenci\u00f3n de envases y las medidas de ecodise\u00f1o que estos aplican sobre ellos para lograr los objetivos aprobados por las autoridades ambientales.<\/p>\n<p>Llegados a este s\u00e9ptimo Plan Empresarial y a la vista de los magn\u00edficos resultados obtenidos en los seis anteriores, el objetivo de reducci\u00f3n se ha planteado de forma realista y ajust\u00e1ndolo a las circunstancias del mercado, condicionado por numerosos factores, entre ellos, la entrada en vigor el pr\u00f3ximo a\u00f1o de las medidas antifalsificaci\u00f3n y antimanipulaci\u00f3n que deben incorporarse a los envases de medicamentos.<\/p>\n<p>A pesar de ello, esperamos cumplir, una vez m\u00e1s, con el objetivo aprobado.<\/p>\n<p style=\"text-align: center;\"><a href=\"https:\/\/www.sigre.es\/boletin\/wp-content\/uploads\/2018\/07\/pindoles_64_b.jpg\"><img loading=\"lazy\" decoding=\"async\" class=\"aligncenter wp-image-4356\" src=\"https:\/\/www.sigre.es\/boletin\/wp-content\/uploads\/2018\/07\/pindoles_64_b-1024x830.jpg\" alt=\"pindoles_64_b\" width=\"700\" height=\"567\" srcset=\"https:\/\/www.sigre.es\/boletin\/wp-content\/uploads\/2018\/07\/pindoles_64_b.jpg 1024w, https:\/\/www.sigre.es\/boletin\/wp-content\/uploads\/2018\/07\/pindoles_64_b-300x243.jpg 300w, https:\/\/www.sigre.es\/boletin\/wp-content\/uploads\/2018\/07\/pindoles_64_b-768x623.jpg 768w\" sizes=\"auto, (max-width: 700px) 100vw, 700px\" \/><\/a><\/p>\n","protected":false},"excerpt":{"rendered":"<p>Reducir al m\u00e1ximo el impacto ambiental de los envases de medicamentos, as\u00ed como optimizar su peso y mejorar el reciclaje de sus materiales son los principales objetivos que persigue el nuevo Plan Empresarial de Prevenci\u00f3n (PEP) de envases del sector farmac\u00e9utico para el per\u00edodo 2018-2020, el s\u00e9ptimo que acomete la industria farmac\u00e9utica. SIGRE viene impulsando [&hellip;]<\/p>\n","protected":false},"author":7,"featured_media":0,"parent":4235,"menu_order":272,"comment_status":"closed","ping_status":"closed","template":"sigre-responde.php","meta":{"footnotes":""},"class_list":["post-4263","page","type-page","status-publish","hentry"],"_links":{"self":[{"href":"https:\/\/www.sigre.es\/boletin\/wp-json\/wp\/v2\/pages\/4263","targetHints":{"allow":["GET"]}}],"collection":[{"href":"https:\/\/www.sigre.es\/boletin\/wp-json\/wp\/v2\/pages"}],"about":[{"href":"https:\/\/www.sigre.es\/boletin\/wp-json\/wp\/v2\/types\/page"}],"author":[{"embeddable":true,"href":"https:\/\/www.sigre.es\/boletin\/wp-json\/wp\/v2\/users\/7"}],"replies":[{"embeddable":true,"href":"https:\/\/www.sigre.es\/boletin\/wp-json\/wp\/v2\/comments?post=4263"}],"version-history":[{"count":0,"href":"https:\/\/www.sigre.es\/boletin\/wp-json\/wp\/v2\/pages\/4263\/revisions"}],"up":[{"embeddable":true,"href":"https:\/\/www.sigre.es\/boletin\/wp-json\/wp\/v2\/pages\/4235"}],"wp:attachment":[{"href":"https:\/\/www.sigre.es\/boletin\/wp-json\/wp\/v2\/media?parent=4263"}],"curies":[{"name":"wp","href":"https:\/\/api.w.org\/{rel}","templated":true}]}}