{"id":4246,"date":"2018-07-10T12:12:04","date_gmt":"2018-07-10T11:12:04","guid":{"rendered":"https:\/\/www.sigre.es\/boletin\/?page_id=4246"},"modified":"2018-07-11T15:34:39","modified_gmt":"2018-07-11T14:34:39","slug":"actualidad","status":"publish","type":"page","link":"https:\/\/www.sigre.es\/boletin\/sigre-informa-64\/actualidad\/","title":{"rendered":"ACTUALIDAD"},"content":{"rendered":"<div id=\"fb-root\"><\/div>\n<p style=\"text-align: left;\">Como entidad encargada de coordinar las medidas de prevenci\u00f3n y ecodise\u00f1o de envases en el sector farmac\u00e9utico, SIGRE ha presentado a las autoridades medioambientales el VII Plan Empresarial de Prevenci\u00f3n (PEP), que se desarrollar\u00e1 durante el trienio 2018-2020 y que contempla un objetivo global de reducci\u00f3n del peso de los envases del 1%, tomando como referencia los resultados obtenidos en el anterior PEP 2015-2017.<\/p>\n<p style=\"text-align: left;\">Este nuevo Plan, que ya ha sido presentado a las Consejer\u00edas de Medio Ambiente, contempla todas aquellas medidas que la industria farmac\u00e9utica pondr\u00e1 en marcha para cumplir los objetivos propuestos y define los indicadores necesarios para efectuar un adecuado seguimiento durante sus tres a\u00f1os de vigencia.<\/p>\n<p class=\"p4\" style=\"text-align: left;\">Durante el anterior PEP, finalizado en 2017, 80 laboratorios aplicaron un total de 564 mejoras ambientales sobre 41,4 millones de envases, super\u00e1ndose as\u00ed los objetivos previstos al inicio de dicho Plan.<\/p>\n<p class=\"p4\" style=\"text-align: center;\"><a href=\"https:\/\/www.sigre.es\/boletin\/wp-content\/uploads\/2018\/07\/portada_PEP.jpg\"><img loading=\"lazy\" decoding=\"async\" class=\"aligncenter wp-image-4358\" src=\"https:\/\/www.sigre.es\/boletin\/wp-content\/uploads\/2018\/07\/portada_PEP-740x1024.jpg\" alt=\"portada_PEP\" width=\"400\" height=\"554\" srcset=\"https:\/\/www.sigre.es\/boletin\/wp-content\/uploads\/2018\/07\/portada_PEP-740x1024.jpg 740w, https:\/\/www.sigre.es\/boletin\/wp-content\/uploads\/2018\/07\/portada_PEP-217x300.jpg 217w, https:\/\/www.sigre.es\/boletin\/wp-content\/uploads\/2018\/07\/portada_PEP-768x1063.jpg 768w, https:\/\/www.sigre.es\/boletin\/wp-content\/uploads\/2018\/07\/portada_PEP.jpg 1024w\" sizes=\"auto, (max-width: 400px) 100vw, 400px\" \/><\/a><\/p>\n","protected":false},"excerpt":{"rendered":"<p>Como entidad encargada de coordinar las medidas de prevenci\u00f3n y ecodise\u00f1o de envases en el sector farmac\u00e9utico, SIGRE ha presentado a las autoridades medioambientales el VII Plan Empresarial de Prevenci\u00f3n (PEP), que se desarrollar\u00e1 durante el trienio 2018-2020 y que contempla un objetivo global de reducci\u00f3n del peso de los envases del 1%, tomando como [&hellip;]<\/p>\n","protected":false},"author":7,"featured_media":0,"parent":4235,"menu_order":270,"comment_status":"closed","ping_status":"closed","template":"sigre-entrevista.php","meta":{"footnotes":""},"class_list":["post-4246","page","type-page","status-publish","hentry"],"_links":{"self":[{"href":"https:\/\/www.sigre.es\/boletin\/wp-json\/wp\/v2\/pages\/4246","targetHints":{"allow":["GET"]}}],"collection":[{"href":"https:\/\/www.sigre.es\/boletin\/wp-json\/wp\/v2\/pages"}],"about":[{"href":"https:\/\/www.sigre.es\/boletin\/wp-json\/wp\/v2\/types\/page"}],"author":[{"embeddable":true,"href":"https:\/\/www.sigre.es\/boletin\/wp-json\/wp\/v2\/users\/7"}],"replies":[{"embeddable":true,"href":"https:\/\/www.sigre.es\/boletin\/wp-json\/wp\/v2\/comments?post=4246"}],"version-history":[{"count":0,"href":"https:\/\/www.sigre.es\/boletin\/wp-json\/wp\/v2\/pages\/4246\/revisions"}],"up":[{"embeddable":true,"href":"https:\/\/www.sigre.es\/boletin\/wp-json\/wp\/v2\/pages\/4235"}],"wp:attachment":[{"href":"https:\/\/www.sigre.es\/boletin\/wp-json\/wp\/v2\/media?parent=4246"}],"curies":[{"name":"wp","href":"https:\/\/api.w.org\/{rel}","templated":true}]}}