{"id":4237,"date":"2018-07-10T12:01:20","date_gmt":"2018-07-10T11:01:20","guid":{"rendered":"https:\/\/www.sigre.es\/boletin\/?page_id=4237"},"modified":"2018-07-11T15:58:03","modified_gmt":"2018-07-11T14:58:03","slug":"entrevista","status":"publish","type":"page","link":"https:\/\/www.sigre.es\/boletin\/sigre-informa-64\/entrevista\/","title":{"rendered":"ENTREVISTA"},"content":{"rendered":"<div id=\"fb-root\"><\/div>\n<p><strong>Se cumplen 40 a\u00f1os desde que anefp comenz\u00f3 su actividad. \u00bfEn qu\u00e9 medida cree que la actividad medioambiental y sociosanitaria de SIGRE est\u00e1 alineada con los objetivos de la entidad?<br \/>\n<\/strong><\/p>\n<p>Efectivamente, anefp est\u00e1 conmemorando este a\u00f1o el 40 aniversario de su fundaci\u00f3n, en 1978, con el objetivo de construir el sector del autocuidado en Espa\u00f1a, un sector hoy consolidado, fuerte y con futuro.<\/p>\n<p>En este camino, hemos ido de la mano de SIGRE, desde su creaci\u00f3n en 2001, compartiendo su objetivo de dar respuesta a la creciente conciencia medioambiental de los ciudadanos y, desde un punto de vista m\u00e1s sanitario, ayudando a gestionar sus botiquines caseros y su uso adecuado.<\/p>\n<p>En este sentido, me gustar\u00eda destacar que SIGRE es un modelo de reciclaje de medicamentos consolidado y reconocido por todos los agentes socio sanitarios, que han puesto en valor su contribuci\u00f3n a la educaci\u00f3n en salud de la sociedad.<\/p>\n<p><strong>SIGRE acaba de lanzar el V Cat\u00e1logo de Medidas de Ecodise\u00f1o y de presentar el Plan Empresarial de Prevenci\u00f3n de Envases 2018-2020. \u00bfC\u00f3mo se valora desde anefp el esfuerzo que la industria farmac\u00e9utica est\u00e1 haciendo para proteger el medio ambiente?<\/strong><\/p>\n<p>Sin duda, muy positivo, as\u00ed como una muestra m\u00e1s del compromiso y la responsabilidad de la industria farmac\u00e9utica con un medio ambiente sostenible, al que se da respuesta a trav\u00e9s de SIGRE.<\/p>\n<p><strong>Revisar el botiqu\u00edn dom\u00e9stico es un h\u00e1bito cada vez m\u00e1s frecuente en los hogares espa\u00f1oles y una acci\u00f3n de autocuidado que tanto anefp como SIGRE promueven. \u00bfResponde este grado de concienciaci\u00f3n a las expectativas del sector farmac\u00e9utico?<\/strong><\/p>\n<p>Sin duda, tanto SIGRE como anefp tienen entre sus objetivos contribuir a la educaci\u00f3n sanitaria de los ciudadanos, siendo una parte muy importante de \u00e9sta la gesti\u00f3n adecuada de los botiquines caseros.<\/p>\n<p>En este sentido, anefp desarrolla actividades como la divulgaci\u00f3n de consejos (uso adecuado de los medicamentos, elaboraci\u00f3n del botiqu\u00edn de viaje, etc,) a trav\u00e9s de sus canales sociales en Twitter (<a href=\"https:\/\/twitter.com\/anefp_org\" target=\"_blank\">@anefp_org<\/a>) o <a href=\"http:\/\/www.anefp.org\" target=\"_blank\">web corporativa<\/a>, etc., en relaci\u00f3n con la necesidad de revisar la caducidad de los medicamentos y productos de autocuidado incluidos en los botiquines caseros, as\u00ed como el procedimiento a seguir ante un medicamento o producto caducado, insistiendo en la necesidad de depositarlos en los puntos SIGRE y nunca tirarlos a la basura.<\/p>\n","protected":false},"excerpt":{"rendered":"<p>Se cumplen 40 a\u00f1os desde que anefp comenz\u00f3 su actividad. \u00bfEn qu\u00e9 medida cree que la actividad medioambiental y sociosanitaria de SIGRE est\u00e1 alineada con los objetivos de la entidad? Efectivamente, anefp est\u00e1 conmemorando este a\u00f1o el 40 aniversario de su fundaci\u00f3n, en 1978, con el objetivo de construir el sector del autocuidado en Espa\u00f1a, [&hellip;]<\/p>\n","protected":false},"author":7,"featured_media":0,"parent":4235,"menu_order":268,"comment_status":"closed","ping_status":"closed","template":"sigre-entrevista.php","meta":{"footnotes":""},"class_list":["post-4237","page","type-page","status-publish","hentry"],"_links":{"self":[{"href":"https:\/\/www.sigre.es\/boletin\/wp-json\/wp\/v2\/pages\/4237","targetHints":{"allow":["GET"]}}],"collection":[{"href":"https:\/\/www.sigre.es\/boletin\/wp-json\/wp\/v2\/pages"}],"about":[{"href":"https:\/\/www.sigre.es\/boletin\/wp-json\/wp\/v2\/types\/page"}],"author":[{"embeddable":true,"href":"https:\/\/www.sigre.es\/boletin\/wp-json\/wp\/v2\/users\/7"}],"replies":[{"embeddable":true,"href":"https:\/\/www.sigre.es\/boletin\/wp-json\/wp\/v2\/comments?post=4237"}],"version-history":[{"count":0,"href":"https:\/\/www.sigre.es\/boletin\/wp-json\/wp\/v2\/pages\/4237\/revisions"}],"up":[{"embeddable":true,"href":"https:\/\/www.sigre.es\/boletin\/wp-json\/wp\/v2\/pages\/4235"}],"wp:attachment":[{"href":"https:\/\/www.sigre.es\/boletin\/wp-json\/wp\/v2\/media?parent=4237"}],"curies":[{"name":"wp","href":"https:\/\/api.w.org\/{rel}","templated":true}]}}