{"id":3722,"date":"2017-06-26T12:12:09","date_gmt":"2017-06-26T11:12:09","guid":{"rendered":"https:\/\/www.sigre.es\/boletin\/?page_id=3722"},"modified":"2017-06-27T12:20:31","modified_gmt":"2017-06-27T11:20:31","slug":"redes-sociales","status":"publish","type":"page","link":"https:\/\/www.sigre.es\/boletin\/sigre-informa-60\/redes-sociales\/","title":{"rendered":"REDES SOCIALES"},"content":{"rendered":"<div id=\"fb-root\"><\/div>\n<p class=\"p1\"><span class=\"s1\">De una manera emp\u00e1tica y cercana, SIGRE sigue divulgando su desempe\u00f1o en diferentes \u00e1mbitos de actividad, poniendo adem\u00e1s en valor la contribuci\u00f3n de todo el sector farmac\u00e9utico a una sociedad m\u00e1s sostenible.<\/span><\/p>\n<p class=\"p1\"><span class=\"s1\">El inter\u00e9s de los temas tratados ha permitido que contin\u00fae creciendo la comunidad digital de usuarios que sigue a SIGRE en sus diferentes redes sociales.<\/span><\/p>\n<p class=\"p1\"><span class=\"s1\">Si desea estar al d\u00eda de la actividad de SIGRE, le invitamos a seguirnos en <a href=\"https:\/\/www.facebook.com\/puntosigre\" target=\"_blank\"><span class=\"s2\">Facebook<\/span><\/a><\/span><span class=\"s3\">,\u00a0<a href=\"https:\/\/twitter.com\/puntosigre\" target=\"_blank\"><span class=\"s4\">Twitter<\/span><\/a>, <a href=\"https:\/\/plus.google.com\/u\/0\/b\/104036555746495042228\/104036555746495042228\/posts\" target=\"_blank\"><span class=\"s5\">Google +<\/span><\/a>,\u00a0<a href=\"https:\/\/www.youtube.com\/channel\/UCuU1QrjPe7yUfgSWQLijXyg\" target=\"_blank\"><span class=\"s5\">Youtube<\/span><\/a>\u00a0y nuestro\u00a0<a href=\"http:\/\/blogsigre.es\/\" target=\"_blank\"><span class=\"s6\">blog<\/span><\/a>.<\/span><\/p>\n<p class=\"p2\" style=\"text-align: center;\"><a href=\" https:\/\/twitter.com\/puntosigre\/status\/871709482367287296\" target=\"_blank\"><img loading=\"lazy\" decoding=\"async\" class=\"aligncenter wp-image-3734\" src=\"https:\/\/www.sigre.es\/boletin\/wp-content\/uploads\/2017\/06\/RS1a_60.png\" alt=\"RS1a_60\" width=\"400\" height=\"457\" srcset=\"https:\/\/www.sigre.es\/boletin\/wp-content\/uploads\/2017\/06\/RS1a_60.png 632w, https:\/\/www.sigre.es\/boletin\/wp-content\/uploads\/2017\/06\/RS1a_60-263x300.png 263w\" sizes=\"auto, (max-width: 400px) 100vw, 400px\" \/><\/a><\/p>\n<p class=\"p2\" style=\"text-align: center;\"><a href=\"https:\/\/twitter.com\/puntosigre\/status\/879242860549328896\" target=\"_blank\"><img loading=\"lazy\" decoding=\"async\" class=\"aligncenter wp-image-3759\" src=\"https:\/\/www.sigre.es\/boletin\/wp-content\/uploads\/2017\/06\/RS7_60.png\" alt=\"RS7_60\" width=\"400\" height=\"449\" srcset=\"https:\/\/www.sigre.es\/boletin\/wp-content\/uploads\/2017\/06\/RS7_60.png 632w, https:\/\/www.sigre.es\/boletin\/wp-content\/uploads\/2017\/06\/RS7_60-267x300.png 267w\" sizes=\"auto, (max-width: 400px) 100vw, 400px\" \/><\/a><\/p>\n<p class=\"p2\" style=\"text-align: center;\"><a href=\"https:\/\/www.facebook.com\/puntosigre\/photos\/a.556590931080315.1073741827.203143723091706\/1601047629967968\/ \" target=\"_blank\"><img loading=\"lazy\" decoding=\"async\" class=\"aligncenter wp-image-3737\" src=\"https:\/\/www.sigre.es\/boletin\/wp-content\/uploads\/2017\/06\/RS4_60.png\" alt=\"RS4_60\" width=\"400\" height=\"273\" srcset=\"https:\/\/www.sigre.es\/boletin\/wp-content\/uploads\/2017\/06\/RS4_60.png 632w, https:\/\/www.sigre.es\/boletin\/wp-content\/uploads\/2017\/06\/RS4_60-300x205.png 300w\" sizes=\"auto, (max-width: 400px) 100vw, 400px\" \/><\/a><\/p>\n<p class=\"p2\" style=\"text-align: center;\"><a href=\"https:\/\/twitter.com\/puntosigre\/status\/872374106477428736\" target=\"_blank\"><img loading=\"lazy\" decoding=\"async\" class=\"aligncenter wp-image-3760\" src=\"https:\/\/www.sigre.es\/boletin\/wp-content\/uploads\/2017\/06\/RS8_60.png\" alt=\"RS8_60\" width=\"400\" height=\"396\" srcset=\"https:\/\/www.sigre.es\/boletin\/wp-content\/uploads\/2017\/06\/RS8_60.png 632w, https:\/\/www.sigre.es\/boletin\/wp-content\/uploads\/2017\/06\/RS8_60-150x150.png 150w, https:\/\/www.sigre.es\/boletin\/wp-content\/uploads\/2017\/06\/RS8_60-300x297.png 300w\" sizes=\"auto, (max-width: 400px) 100vw, 400px\" \/><\/a><\/p>\n<p><iframe loading=\"lazy\" title=\"\u00bfQu\u00e9 debe contener tu botiqu\u00edn?\" width=\"500\" height=\"281\" src=\"https:\/\/www.youtube.com\/embed\/5zBMGCNU-FI?feature=oembed\" frameborder=\"0\" allow=\"accelerometer; autoplay; clipboard-write; encrypted-media; gyroscope; picture-in-picture; web-share\" referrerpolicy=\"strict-origin-when-cross-origin\" allowfullscreen><\/iframe><\/p>\n<p>&nbsp;<\/p>\n<p>&nbsp;<\/p>\n","protected":false},"excerpt":{"rendered":"<p>De una manera emp\u00e1tica y cercana, SIGRE sigue divulgando su desempe\u00f1o en diferentes \u00e1mbitos de actividad, poniendo adem\u00e1s en valor la contribuci\u00f3n de todo el sector farmac\u00e9utico a una sociedad m\u00e1s sostenible. El inter\u00e9s de los temas tratados ha permitido que contin\u00fae creciendo la comunidad digital de usuarios que sigue a SIGRE en sus diferentes [&hellip;]<\/p>\n","protected":false},"author":7,"featured_media":0,"parent":3624,"menu_order":282,"comment_status":"closed","ping_status":"closed","template":"articulo1.php","meta":{"footnotes":""},"class_list":["post-3722","page","type-page","status-publish","hentry"],"_links":{"self":[{"href":"https:\/\/www.sigre.es\/boletin\/wp-json\/wp\/v2\/pages\/3722","targetHints":{"allow":["GET"]}}],"collection":[{"href":"https:\/\/www.sigre.es\/boletin\/wp-json\/wp\/v2\/pages"}],"about":[{"href":"https:\/\/www.sigre.es\/boletin\/wp-json\/wp\/v2\/types\/page"}],"author":[{"embeddable":true,"href":"https:\/\/www.sigre.es\/boletin\/wp-json\/wp\/v2\/users\/7"}],"replies":[{"embeddable":true,"href":"https:\/\/www.sigre.es\/boletin\/wp-json\/wp\/v2\/comments?post=3722"}],"version-history":[{"count":0,"href":"https:\/\/www.sigre.es\/boletin\/wp-json\/wp\/v2\/pages\/3722\/revisions"}],"up":[{"embeddable":true,"href":"https:\/\/www.sigre.es\/boletin\/wp-json\/wp\/v2\/pages\/3624"}],"wp:attachment":[{"href":"https:\/\/www.sigre.es\/boletin\/wp-json\/wp\/v2\/media?parent=3722"}],"curies":[{"name":"wp","href":"https:\/\/api.w.org\/{rel}","templated":true}]}}