{"id":3700,"date":"2017-06-26T11:16:39","date_gmt":"2017-06-26T10:16:39","guid":{"rendered":"https:\/\/www.sigre.es\/boletin\/?page_id=3700"},"modified":"2017-06-28T17:01:07","modified_gmt":"2017-06-28T16:01:07","slug":"nuevas-entradas-del-blog-sigre","status":"publish","type":"page","link":"https:\/\/www.sigre.es\/boletin\/sigre-informa-60\/nuevas-entradas-del-blog-sigre\/","title":{"rendered":"BLOG SIGRE"},"content":{"rendered":"<div id=\"fb-root\"><\/div>\n<p class=\"p1\"><span class=\"s1\">En 2017, SIGRE ha seguido apostando por la innovaci\u00f3n en la transmisi\u00f3n de informaci\u00f3n, con el objetivo de lograr una mayor conectividad con sus usuarios y hacer posible que la informaci\u00f3n est\u00e9 disponible en tiempo real.<\/span><\/p>\n<p class=\"p1\"><span class=\"s1\">Un ejemplo de lo anterior es el <a href=\"http:\/\/www.blogsigre.es\" target=\"_blank\"><span class=\"s2\">Blog de SIGRE<\/span><\/a>, que a trav\u00e9s de infograf\u00edas, v\u00eddeos y animaciones presenta temas socio-sanitarios y medioambientales de actualidad, habi\u00e9ndose convertido en uno de los canales de comunicaci\u00f3n de SIGRE que goza de mayor aceptaci\u00f3n entre sus p\u00fablicos de inter\u00e9s.<\/span><\/p>\n<p class=\"p1\"><span class=\"s1\">Viendo la buena acogida que ha tenido, a partir de este n\u00famero, el Bolet\u00edn SIGRE Informa tendr\u00e1 una secci\u00f3n fija en la que se recoger\u00e1n los \u00faltimos contenidos que se hayan publicado en este Blog:<\/span><\/p>\n<ul class=\"ul1\">\n<li class=\"li2\"><span class=\"s3\"><a href=\"http:\/\/blogsigre.es\/2017\/06\/05\/seis-consejos-para-cuidar-del-medio-ambiente\/\" target=\"_blank\"><span class=\"s4\">Seis consejos para cuidar del medio ambiente<\/span><\/a><\/span><a href=\"https:\/\/www.sigre.es\/boletin\/wp-content\/uploads\/2017\/06\/blog1_60.jpg\"><img loading=\"lazy\" decoding=\"async\" class=\"aligncenter wp-image-3707\" src=\"https:\/\/www.sigre.es\/boletin\/wp-content\/uploads\/2017\/06\/blog1_60.jpg\" alt=\"blog1_60\" width=\"400\" height=\"310\" srcset=\"https:\/\/www.sigre.es\/boletin\/wp-content\/uploads\/2017\/06\/blog1_60.jpg 827w, https:\/\/www.sigre.es\/boletin\/wp-content\/uploads\/2017\/06\/blog1_60-300x232.jpg 300w, https:\/\/www.sigre.es\/boletin\/wp-content\/uploads\/2017\/06\/blog1_60-768x594.jpg 768w\" sizes=\"auto, (max-width: 400px) 100vw, 400px\" \/><\/a><\/li>\n<\/ul>\n<ul class=\"ul1\">\n<li class=\"li2\"><span class=\"s3\"><a href=\"http:\/\/blogsigre.es\/2017\/05\/31\/12-razones-para-dejar-de-fumar\/\" target=\"_blank\"><span class=\"s4\">12 razones para dejar de fumar<\/span><\/a><\/span><a href=\"https:\/\/www.sigre.es\/boletin\/wp-content\/uploads\/2017\/06\/blog2_60.jpg\"><img loading=\"lazy\" decoding=\"async\" class=\"wp-image-3710 aligncenter\" src=\"https:\/\/www.sigre.es\/boletin\/wp-content\/uploads\/2017\/06\/blog2_60.jpg\" alt=\"Archivo_base\" width=\"400\" height=\"338\" srcset=\"https:\/\/www.sigre.es\/boletin\/wp-content\/uploads\/2017\/06\/blog2_60.jpg 1024w, https:\/\/www.sigre.es\/boletin\/wp-content\/uploads\/2017\/06\/blog2_60-300x253.jpg 300w, https:\/\/www.sigre.es\/boletin\/wp-content\/uploads\/2017\/06\/blog2_60-768x649.jpg 768w\" sizes=\"auto, (max-width: 400px) 100vw, 400px\" \/><\/a><\/li>\n<\/ul>\n<ul class=\"ul1\">\n<li class=\"li2\"><span class=\"s3\"><a href=\"http:\/\/blogsigre.es\/2017\/05\/17\/que-depositar-en-el-punto-sigre\/\" target=\"_blank\"><span class=\"s4\">\u00bfQu\u00e9 depositar en el Punto SIGRE?<\/span><\/a><\/span><a href=\"https:\/\/www.sigre.es\/boletin\/wp-content\/uploads\/2017\/06\/blog3_60.jpg\"><img loading=\"lazy\" decoding=\"async\" class=\"aligncenter wp-image-3712\" src=\"https:\/\/www.sigre.es\/boletin\/wp-content\/uploads\/2017\/06\/blog3_60.jpg\" alt=\"blog3_60\" width=\"400\" height=\"394\" srcset=\"https:\/\/www.sigre.es\/boletin\/wp-content\/uploads\/2017\/06\/blog3_60.jpg 1247w, https:\/\/www.sigre.es\/boletin\/wp-content\/uploads\/2017\/06\/blog3_60-300x296.jpg 300w, https:\/\/www.sigre.es\/boletin\/wp-content\/uploads\/2017\/06\/blog3_60-768x757.jpg 768w, https:\/\/www.sigre.es\/boletin\/wp-content\/uploads\/2017\/06\/blog3_60-1024x1009.jpg 1024w\" sizes=\"auto, (max-width: 400px) 100vw, 400px\" \/><\/a><\/li>\n<\/ul>\n<ul class=\"ul1\">\n<li class=\"li2\"><a href=\"http:\/\/blogsigre.es\/2017\/05\/05\/cinco-consejos-para-una-correcta-higiene-de-manos\/\" target=\"_blank\"><span class=\"s5\">Cinco consejos para una correcta higiene de manos<\/span><\/a><a href=\"https:\/\/www.sigre.es\/boletin\/wp-content\/uploads\/2017\/06\/blog4_60.jpg\"><img loading=\"lazy\" decoding=\"async\" class=\"aligncenter wp-image-3713\" src=\"https:\/\/www.sigre.es\/boletin\/wp-content\/uploads\/2017\/06\/blog4_60.jpg\" alt=\"blog4_60\" width=\"400\" height=\"200\" srcset=\"https:\/\/www.sigre.es\/boletin\/wp-content\/uploads\/2017\/06\/blog4_60.jpg 1024w, https:\/\/www.sigre.es\/boletin\/wp-content\/uploads\/2017\/06\/blog4_60-300x150.jpg 300w, https:\/\/www.sigre.es\/boletin\/wp-content\/uploads\/2017\/06\/blog4_60-768x385.jpg 768w\" sizes=\"auto, (max-width: 400px) 100vw, 400px\" \/><\/a><\/li>\n<\/ul>\n","protected":false},"excerpt":{"rendered":"<p>En 2017, SIGRE ha seguido apostando por la innovaci\u00f3n en la transmisi\u00f3n de informaci\u00f3n, con el objetivo de lograr una mayor conectividad con sus usuarios y hacer posible que la informaci\u00f3n est\u00e9 disponible en tiempo real. Un ejemplo de lo anterior es el Blog de SIGRE, que a trav\u00e9s de infograf\u00edas, v\u00eddeos y animaciones presenta [&hellip;]<\/p>\n","protected":false},"author":7,"featured_media":0,"parent":3624,"menu_order":279,"comment_status":"closed","ping_status":"closed","template":"sigre-entrevista.php","meta":{"footnotes":""},"class_list":["post-3700","page","type-page","status-publish","hentry"],"_links":{"self":[{"href":"https:\/\/www.sigre.es\/boletin\/wp-json\/wp\/v2\/pages\/3700","targetHints":{"allow":["GET"]}}],"collection":[{"href":"https:\/\/www.sigre.es\/boletin\/wp-json\/wp\/v2\/pages"}],"about":[{"href":"https:\/\/www.sigre.es\/boletin\/wp-json\/wp\/v2\/types\/page"}],"author":[{"embeddable":true,"href":"https:\/\/www.sigre.es\/boletin\/wp-json\/wp\/v2\/users\/7"}],"replies":[{"embeddable":true,"href":"https:\/\/www.sigre.es\/boletin\/wp-json\/wp\/v2\/comments?post=3700"}],"version-history":[{"count":0,"href":"https:\/\/www.sigre.es\/boletin\/wp-json\/wp\/v2\/pages\/3700\/revisions"}],"up":[{"embeddable":true,"href":"https:\/\/www.sigre.es\/boletin\/wp-json\/wp\/v2\/pages\/3624"}],"wp:attachment":[{"href":"https:\/\/www.sigre.es\/boletin\/wp-json\/wp\/v2\/media?parent=3700"}],"curies":[{"name":"wp","href":"https:\/\/api.w.org\/{rel}","templated":true}]}}