{"id":3646,"date":"2017-06-24T11:30:39","date_gmt":"2017-06-24T10:30:39","guid":{"rendered":"https:\/\/www.sigre.es\/boletin\/?page_id=3646"},"modified":"2017-06-24T11:39:20","modified_gmt":"2017-06-24T10:39:20","slug":"sigre-responde","status":"publish","type":"page","link":"https:\/\/www.sigre.es\/boletin\/sigre-informa-60\/sigre-responde\/","title":{"rendered":"SIGRE RESPONDE"},"content":{"rendered":"<div id=\"fb-root\"><\/div>\n<p class=\"p1\"><span class=\"s1\">El envase de un medicamento debe garantizar la calidad, seguridad, estabilidad y eficacia del f\u00e1rmaco que contiene y servir de soporte de informaci\u00f3n para que el paciente pueda hacer un uso correcto del mismo.<\/span><\/p>\n<p class=\"p1\"><span class=\"s1\">Adem\u00e1s, en un futuro pr\u00f3ximo deber\u00e1n incluir sistemas anti falsificaci\u00f3n, que permitan su trazabilidad as\u00ed como verificar si han sido objeto de alguna manipulaci\u00f3n antes de su uso.<\/span><\/p>\n<p class=\"p1\"><span class=\"s1\">En casos concretos deben disponer de mecanismos que dificulten su apertura, por parte de los ni\u00f1os, y la faciliten, en el caso de personas mayores. <\/span><\/p>\n<p class=\"p1\"><span class=\"s1\">Si a todo ello le sumamos que el envase debe ser sostenible y ecodise\u00f1ado, elegir el m\u00e1s apropiado para un medicamento pone de manifiesto el notable esfuerzo que la industria farmac\u00e9utica debe hacer.<\/span><\/p>\n<p class=\"p1\"><span class=\"s1\">Las presentaciones farmac\u00e9uticas est\u00e1n evolucionado en los \u00faltimos a\u00f1os para adaptarse a todos estos requerimientos normativos y t\u00e9cnicos. El formulario SIGRELAB, especialmente dise\u00f1ado para conocer las caracter\u00edsticas cualitativas y cuantitativas de las m\u00e1s de 19.000 presentaciones farmac\u00e9uticas que se comercializan en nuestro pa\u00eds, permite conocer y analizar algunos aspectos de esta evoluci\u00f3n.<\/span><\/p>\n<p class=\"p1\"><a href=\"https:\/\/www.sigre.es\/boletin\/wp-content\/uploads\/2017\/06\/pindoles_60.jpg\"><img loading=\"lazy\" decoding=\"async\" class=\"alignright size-full wp-image-3652\" src=\"https:\/\/www.sigre.es\/boletin\/wp-content\/uploads\/2017\/06\/pindoles_60.jpg\" alt=\"pindoles_60\" width=\"1024\" height=\"830\" srcset=\"https:\/\/www.sigre.es\/boletin\/wp-content\/uploads\/2017\/06\/pindoles_60.jpg 1024w, https:\/\/www.sigre.es\/boletin\/wp-content\/uploads\/2017\/06\/pindoles_60-300x243.jpg 300w, https:\/\/www.sigre.es\/boletin\/wp-content\/uploads\/2017\/06\/pindoles_60-768x623.jpg 768w\" sizes=\"auto, (max-width: 1024px) 100vw, 1024px\" \/><\/a><\/p>\n","protected":false},"excerpt":{"rendered":"<p>El envase de un medicamento debe garantizar la calidad, seguridad, estabilidad y eficacia del f\u00e1rmaco que contiene y servir de soporte de informaci\u00f3n para que el paciente pueda hacer un uso correcto del mismo. Adem\u00e1s, en un futuro pr\u00f3ximo deber\u00e1n incluir sistemas anti falsificaci\u00f3n, que permitan su trazabilidad as\u00ed como verificar si han sido objeto [&hellip;]<\/p>\n","protected":false},"author":7,"featured_media":0,"parent":3624,"menu_order":273,"comment_status":"closed","ping_status":"closed","template":"sigre-responde.php","meta":{"footnotes":""},"class_list":["post-3646","page","type-page","status-publish","hentry"],"_links":{"self":[{"href":"https:\/\/www.sigre.es\/boletin\/wp-json\/wp\/v2\/pages\/3646","targetHints":{"allow":["GET"]}}],"collection":[{"href":"https:\/\/www.sigre.es\/boletin\/wp-json\/wp\/v2\/pages"}],"about":[{"href":"https:\/\/www.sigre.es\/boletin\/wp-json\/wp\/v2\/types\/page"}],"author":[{"embeddable":true,"href":"https:\/\/www.sigre.es\/boletin\/wp-json\/wp\/v2\/users\/7"}],"replies":[{"embeddable":true,"href":"https:\/\/www.sigre.es\/boletin\/wp-json\/wp\/v2\/comments?post=3646"}],"version-history":[{"count":0,"href":"https:\/\/www.sigre.es\/boletin\/wp-json\/wp\/v2\/pages\/3646\/revisions"}],"up":[{"embeddable":true,"href":"https:\/\/www.sigre.es\/boletin\/wp-json\/wp\/v2\/pages\/3624"}],"wp:attachment":[{"href":"https:\/\/www.sigre.es\/boletin\/wp-json\/wp\/v2\/media?parent=3646"}],"curies":[{"name":"wp","href":"https:\/\/api.w.org\/{rel}","templated":true}]}}