{"id":3640,"date":"2017-06-24T11:25:51","date_gmt":"2017-06-24T10:25:51","guid":{"rendered":"https:\/\/www.sigre.es\/boletin\/?page_id=3640"},"modified":"2017-06-28T10:10:30","modified_gmt":"2017-06-28T09:10:30","slug":"editorial","status":"publish","type":"page","link":"https:\/\/www.sigre.es\/boletin\/sigre-informa-60\/editorial\/","title":{"rendered":"EDITORIAL"},"content":{"rendered":"<div id=\"fb-root\"><\/div>\n<p class=\"p1\"><span class=\"s1\">Es conocido el compromiso del sector farmac\u00e9utico por\u00a0fomentar la transparencia y fundamentar sus relaciones con autoridades, profesionales sanitarios, organizaciones de pacientes y la sociedad en general, en la integridad, la objetividad y el adecuado uso de la informaci\u00f3n.<\/span><\/p>\n<p class=\"p1\"><span class=\"s1\">Tenemos el convencimiento de que \u00e9ste es el mejor camino para generar confianza y afianzar y legitimar a SIGRE como el proyecto colaborativo del sector para cuidar de nuestra salud y de la<span class=\"Apple-converted-space\">\u00a0 <\/span>salud de la naturaleza.<\/span><\/p>\n<p class=\"p1\"><span class=\"s1\">Como entidad socialmente responsable, la edici\u00f3n de nuestra <a href=\"http:\/\/www.memoriasigre.es\/2016\/\" target=\"_blank\"><span class=\"s2\">Memoria de Sostenibilidad 2016<\/span><\/a><span class=\"Apple-converted-space\">\u00a0 <\/span>responde a las expectativas que nuestros grupos de inter\u00e9s, internos y externos, tienen depositadas en SIGRE y su actividad y, al mismo tiempo, nos brinda una nueva oportunidad de explicar en detalle las acciones realizadas, los logros alcanzados y los retos que tenemos por delante para, entre todos, construir una sociedad m\u00e1s sostenible.<\/span><\/p>\n<p class=\"p2\"><span class=\"s1\">El Ministerio de Empleo y Seguridad Social ya reconoci\u00f3 nuestra labor de transparencia y buen gobierno, seleccionando la Memoria 2015 de SIGRE para ser publicada en su sistema online de Memorias de RSC. <\/span><\/p>\n<p class=\"p1\"><span class=\"s1\">Esperamos que el contenido de la Memoria de 2016, cuyo principal objetivo es poner a disposici\u00f3n de la sociedad una informaci\u00f3n transparente y puntual sobre nuestra actividad, sea tambi\u00e9n merecedor de esta distinci\u00f3n, lo que reflejar\u00eda que seguimos en el buen camino de la sostenibilidad y la transparencia.<\/span><\/p>\n","protected":false},"excerpt":{"rendered":"<p>Es conocido el compromiso del sector farmac\u00e9utico por\u00a0fomentar la transparencia y fundamentar sus relaciones con autoridades, profesionales sanitarios, organizaciones de pacientes y la sociedad en general, en la integridad, la objetividad y el adecuado uso de la informaci\u00f3n. Tenemos el convencimiento de que \u00e9ste es el mejor camino para generar confianza y afianzar y legitimar [&hellip;]<\/p>\n","protected":false},"author":7,"featured_media":0,"parent":3624,"menu_order":272,"comment_status":"closed","ping_status":"closed","template":"articulo1.php","meta":{"footnotes":""},"class_list":["post-3640","page","type-page","status-publish","hentry"],"_links":{"self":[{"href":"https:\/\/www.sigre.es\/boletin\/wp-json\/wp\/v2\/pages\/3640","targetHints":{"allow":["GET"]}}],"collection":[{"href":"https:\/\/www.sigre.es\/boletin\/wp-json\/wp\/v2\/pages"}],"about":[{"href":"https:\/\/www.sigre.es\/boletin\/wp-json\/wp\/v2\/types\/page"}],"author":[{"embeddable":true,"href":"https:\/\/www.sigre.es\/boletin\/wp-json\/wp\/v2\/users\/7"}],"replies":[{"embeddable":true,"href":"https:\/\/www.sigre.es\/boletin\/wp-json\/wp\/v2\/comments?post=3640"}],"version-history":[{"count":0,"href":"https:\/\/www.sigre.es\/boletin\/wp-json\/wp\/v2\/pages\/3640\/revisions"}],"up":[{"embeddable":true,"href":"https:\/\/www.sigre.es\/boletin\/wp-json\/wp\/v2\/pages\/3624"}],"wp:attachment":[{"href":"https:\/\/www.sigre.es\/boletin\/wp-json\/wp\/v2\/media?parent=3640"}],"curies":[{"name":"wp","href":"https:\/\/api.w.org\/{rel}","templated":true}]}}