{"id":3631,"date":"2017-06-24T11:15:53","date_gmt":"2017-06-24T10:15:53","guid":{"rendered":"https:\/\/www.sigre.es\/boletin\/?page_id=3631"},"modified":"2017-06-28T14:28:16","modified_gmt":"2017-06-28T13:28:16","slug":"biblioteca-sigre","status":"publish","type":"page","link":"https:\/\/www.sigre.es\/boletin\/sigre-informa-60\/biblioteca-sigre\/","title":{"rendered":"BIBLIOTECA SIGRE"},"content":{"rendered":"<div id=\"fb-root\"><\/div>\n<p class=\"p1\"><span class=\"s1\"> SIGRE acaba de publicar su <a href=\"http:\/\/www.memoriasigre.es\" target=\"_blank\"><span class=\"s2\">Memoria de Sostenibilidad 2016<\/span><\/a>, que pretende responder a la creciente demanda de informaci\u00f3n por parte de la sociedad, que reclama una comunicaci\u00f3n ajustada de las organizaciones sobre sus actividades e impactos y sobre su relaci\u00f3n con diferentes grupos de inter\u00e9s.<\/span><\/p>\n<p class=\"p1\"><a href=\"https:\/\/www.sigre.es\/boletin\/wp-content\/uploads\/2017\/06\/biblioteca_interior_60.jpg\"><img loading=\"lazy\" decoding=\"async\" class=\"size-full wp-image-3637 aligncenter\" src=\"https:\/\/www.sigre.es\/boletin\/wp-content\/uploads\/2017\/06\/biblioteca_interior_60.jpg\" alt=\"biblioteca_interior_60\" width=\"1024\" height=\"683\" srcset=\"https:\/\/www.sigre.es\/boletin\/wp-content\/uploads\/2017\/06\/biblioteca_interior_60.jpg 1024w, https:\/\/www.sigre.es\/boletin\/wp-content\/uploads\/2017\/06\/biblioteca_interior_60-300x200.jpg 300w, https:\/\/www.sigre.es\/boletin\/wp-content\/uploads\/2017\/06\/biblioteca_interior_60-768x512.jpg 768w\" sizes=\"auto, (max-width: 1024px) 100vw, 1024px\" \/><\/a><\/p>\n<p class=\"p1\"><span class=\"s1\">Esta Memoria, la octava que SIGRE edita de estas caracter\u00edsticas, se divide en varios \u201cmundos\u201d, a trav\u00e9s de los cuales el visitante podr\u00e1 conocer y valorar el grado de desempe\u00f1o medioambiental, social, econ\u00f3mico y de buen gobierno de SIGRE como Sistema Integrado de Gesti\u00f3n del sector farmac\u00e9utico.<\/span><\/p>\n<p class=\"p1\"><span class=\"s1\">Los logros que se recogen en esta publicaci\u00f3n son el resultado de la participaci\u00f3n y el esfuerzo de laboratorios, farmacias y distribuci\u00f3n farmac\u00e9utica, el apoyo brindado por las autoridades sanitarias y medioambientales, y la confianza que han depositado en SIGRE los ciudadanos.<\/span><\/p>\n","protected":false},"excerpt":{"rendered":"<p>SIGRE acaba de publicar su Memoria de Sostenibilidad 2016, que pretende responder a la creciente demanda de informaci\u00f3n por parte de la sociedad, que reclama una comunicaci\u00f3n ajustada de las organizaciones sobre sus actividades e impactos y sobre su relaci\u00f3n con diferentes grupos de inter\u00e9s. Esta Memoria, la octava que SIGRE edita de estas caracter\u00edsticas, [&hellip;]<\/p>\n","protected":false},"author":7,"featured_media":0,"parent":3624,"menu_order":271,"comment_status":"closed","ping_status":"closed","template":"sigre-entrevista.php","meta":{"footnotes":""},"class_list":["post-3631","page","type-page","status-publish","hentry"],"_links":{"self":[{"href":"https:\/\/www.sigre.es\/boletin\/wp-json\/wp\/v2\/pages\/3631","targetHints":{"allow":["GET"]}}],"collection":[{"href":"https:\/\/www.sigre.es\/boletin\/wp-json\/wp\/v2\/pages"}],"about":[{"href":"https:\/\/www.sigre.es\/boletin\/wp-json\/wp\/v2\/types\/page"}],"author":[{"embeddable":true,"href":"https:\/\/www.sigre.es\/boletin\/wp-json\/wp\/v2\/users\/7"}],"replies":[{"embeddable":true,"href":"https:\/\/www.sigre.es\/boletin\/wp-json\/wp\/v2\/comments?post=3631"}],"version-history":[{"count":0,"href":"https:\/\/www.sigre.es\/boletin\/wp-json\/wp\/v2\/pages\/3631\/revisions"}],"up":[{"embeddable":true,"href":"https:\/\/www.sigre.es\/boletin\/wp-json\/wp\/v2\/pages\/3624"}],"wp:attachment":[{"href":"https:\/\/www.sigre.es\/boletin\/wp-json\/wp\/v2\/media?parent=3631"}],"curies":[{"name":"wp","href":"https:\/\/api.w.org\/{rel}","templated":true}]}}