{"id":3626,"date":"2017-06-24T11:04:47","date_gmt":"2017-06-24T10:04:47","guid":{"rendered":"https:\/\/www.sigre.es\/boletin\/?page_id=3626"},"modified":"2017-06-28T14:26:43","modified_gmt":"2017-06-28T13:26:43","slug":"entrevista","status":"publish","type":"page","link":"https:\/\/www.sigre.es\/boletin\/sigre-informa-60\/entrevista\/","title":{"rendered":"ENTREVISTA"},"content":{"rendered":"<div id=\"fb-root\"><\/div>\n<p><b><\/b><span class=\"s2\"><b>Despu\u00e9s de 15 a\u00f1os de actividad del Sistema SIGRE, \u00bfc\u00f3mo valora el resultado de esta iniciativa medioambiental de la industria farmac\u00e9utica?<\/b><\/span><\/p>\n<p class=\"p2\"><span class=\"s2\">La valoraci\u00f3n que se hace desde la industria farmac\u00e9utica es muy positiva. Y lo es en cada una de las tres l\u00edneas de actuaci\u00f3n que conforman la actividad de SIGRE: en el apoyo que los laboratorios reciben de SIGRE, para avanzar en la aplicaci\u00f3n de las iniciativas de ecodise\u00f1o y en la prevenci\u00f3n de envases en origen; en la gesti\u00f3n y el tratamiento ambiental que est\u00e1n recibiendo los residuos depositados por el ciudadano en los Puntos SIGRE; y en la labor de sensibilizaci\u00f3n, para lograr que el reciclado de medicamentos sea un h\u00e1bito medioambiental implantado en los hogares espa\u00f1oles.<\/span><\/p>\n<p class=\"p2\"><span class=\"s2\">Hemos recorrido ya un largo y fruct\u00edfero camino y tenemos a\u00fan muchas metas por alcanzar pero, gracias a la colaboraci\u00f3n de todos los agentes del sector farmac\u00e9utico, hemos sido capaces de sentar las bases para afrontar con confianza los retos que tenemos por delante.<\/span><\/p>\n<p class=\"p2\"><b>La falta de adherencia al tratamiento es un aut\u00e9ntico problema de salud. \u00bfCree que las campa\u00f1as de concienciaci\u00f3n medioambiental y sociosanitaria de SIGRE contribuyen a fomentar un uso responsable del medicamento?<\/b><\/p>\n<p class=\"p2\"><span class=\"s2\">Efectivamente, en la mayor\u00eda de los pa\u00edses desarrollados preocupa la falta de adherencia a los tratamientos. Un estudio encargado por Farmaindustria ha constatado que en nuestro pa\u00eds solo el 50% de los pacientes cr\u00f3nicos cumple de forma correcta los tratamientos prescritos y pautados por los profesionales sanitarios, con la consiguiente reducci\u00f3n en la eficacia de ese tratamiento y, sobre todo, los riesgos que puede conllevar para la salud de esas personas.<\/span><\/p>\n<p class=\"p2\"><span class=\"s2\">Tan solo este dato ya justifica que Farmaindustria propusiera el a\u00f1o pasado a sociedades cient\u00edficas (m\u00e9dicas, farmac\u00e9uticas y de enfermer\u00eda), asociaciones de pacientes y otros profesionales expertos elaborar un Plan de Adherencia al Tratamiento. El resultado ha sido un documento s\u00f3lido y realista, que plantea toda una estrategia, con medidas concretas, para abordar este reto de manera transversal. Digamos que ha sido una iniciativa de la sociedad civil puesta a disposici\u00f3n de las administraciones sanitarias con el \u00fanico inter\u00e9s de contribuir a paliar un problema real.<\/span><\/p>\n<p class=\"p2\"><span class=\"s2\">Toda campa\u00f1a e iniciativa que tenga como objetivo fomentar el uso responsable del medicamento ayudar\u00e1 a crear en profesionales, pacientes y sociedad en general h\u00e1bitos saludables y una cultura sociosanitaria.\u00a0<\/span><\/p>\n<p class=\"p2\"><span class=\"s2\">Las campa\u00f1as de concienciaci\u00f3n que SIGRE realiza peri\u00f3dicamente est\u00e1n alineadas con este objetivo y, sin duda, contribuyen a este fin.<\/span><\/p>\n<p class=\"p2\"><b>Adem\u00e1s de su tradicional apuesta por la I+D+i, la industria farmac\u00e9utica se ha convertido en un referente en materia de responsabilidad social corporativa. \u00bfConsidera que la industria est\u00e1 integrando adecuadamente en su modelo de negocio las cuestiones medioambientales?<\/b><\/p>\n<p class=\"p2\"><span class=\"s2\">La innovaci\u00f3n en medicamentos ha logrado aumentar la<span class=\"Apple-converted-space\">\u00a0 <\/span>esperanza de vida de millones de pacientes y mejorar, al mismo tiempo, su calidad de vida. Es nuestra raz\u00f3n de ser como industria farmac\u00e9utica. No tendr\u00eda mucho sentido avanzar en este \u00e1mbito y no proteger y cuidar al mismo tiempo de nuestro entorno y del medio ambiente para que esa calidad de vida sea realmente efectiva.<\/span><\/p>\n<p class=\"p2\"><span class=\"s2\">En la industria farmac\u00e9utica, se trabaja siempre pensando en los tres vectores que componen la responsabilidad social de las empresas: el econ\u00f3mico, el social y el medioambiental. Componen un todo que da sentido al creciente compromiso social de la industria farmac\u00e9utica: si en lo econ\u00f3mico colaboramos estrechamente con el Gobierno en materia de sostenibilidad y en lo social estamos siendo pioneros en nuestra apuesta por la transparencia, por citar algunos ejemplos, tambi\u00e9n en el \u00e1mbito medioambiental jugamos un papel protagonista con SIGRE.<\/span><\/p>\n<p class=\"p2\"><span class=\"s2\">M\u00e1s all\u00e1 de esta apuesta sectorial, cada vez m\u00e1s laboratorios farmac\u00e9uticos ponen en marcha proyectos de valor compartido con la sociedad para apoyar o impulsar iniciativas en el \u00e1mbito medioambiental, que ampl\u00eden y complementen las acciones que en el seno de cada empresa ya se vienen realizando desde hace tiempo.<\/span><\/p>\n","protected":false},"excerpt":{"rendered":"<p>Despu\u00e9s de 15 a\u00f1os de actividad del Sistema SIGRE, \u00bfc\u00f3mo valora el resultado de esta iniciativa medioambiental de la industria farmac\u00e9utica? La valoraci\u00f3n que se hace desde la industria farmac\u00e9utica es muy positiva. Y lo es en cada una de las tres l\u00edneas de actuaci\u00f3n que conforman la actividad de SIGRE: en el apoyo que [&hellip;]<\/p>\n","protected":false},"author":7,"featured_media":0,"parent":3624,"menu_order":270,"comment_status":"closed","ping_status":"closed","template":"sigre-entrevista.php","meta":{"footnotes":""},"class_list":["post-3626","page","type-page","status-publish","hentry"],"_links":{"self":[{"href":"https:\/\/www.sigre.es\/boletin\/wp-json\/wp\/v2\/pages\/3626","targetHints":{"allow":["GET"]}}],"collection":[{"href":"https:\/\/www.sigre.es\/boletin\/wp-json\/wp\/v2\/pages"}],"about":[{"href":"https:\/\/www.sigre.es\/boletin\/wp-json\/wp\/v2\/types\/page"}],"author":[{"embeddable":true,"href":"https:\/\/www.sigre.es\/boletin\/wp-json\/wp\/v2\/users\/7"}],"replies":[{"embeddable":true,"href":"https:\/\/www.sigre.es\/boletin\/wp-json\/wp\/v2\/comments?post=3626"}],"version-history":[{"count":0,"href":"https:\/\/www.sigre.es\/boletin\/wp-json\/wp\/v2\/pages\/3626\/revisions"}],"up":[{"embeddable":true,"href":"https:\/\/www.sigre.es\/boletin\/wp-json\/wp\/v2\/pages\/3624"}],"wp:attachment":[{"href":"https:\/\/www.sigre.es\/boletin\/wp-json\/wp\/v2\/media?parent=3626"}],"curies":[{"name":"wp","href":"https:\/\/api.w.org\/{rel}","templated":true}]}}