{"id":3135,"date":"2016-11-22T17:49:59","date_gmt":"2016-11-22T16:49:59","guid":{"rendered":"https:\/\/www.sigre.es\/boletin\/?page_id=3135"},"modified":"2016-11-24T12:16:49","modified_gmt":"2016-11-24T11:16:49","slug":"video","status":"publish","type":"page","link":"https:\/\/www.sigre.es\/boletin\/sigre-informa-especial-15-aniversario\/video\/","title":{"rendered":"V\u00cdDEO"},"content":{"rendered":"<div id=\"fb-root\"><\/div>\n<p class=\"p1\"><span class=\"s1\">Con motivo del 15\u00ba aniversario de la implantaci\u00f3n de los Puntos SIGRE en toda Espa\u00f1a, se ha recogido en un v\u00eddeo conmemorativo lo que cada uno de los agentes del sector farmac\u00e9utico ha aportado durante estos a\u00f1os y los principales logros conseguidos.<\/span><\/p>\n<p class=\"p1\" style=\"text-align: center;\"><a href=\"https:\/\/www.sigre.es\/boletin\/wp-content\/uploads\/2016\/11\/video1.jpg\"><img loading=\"lazy\" decoding=\"async\" class=\"aligncenter wp-image-3138 size-full\" src=\"https:\/\/www.sigre.es\/boletin\/wp-content\/uploads\/2016\/11\/video1.jpg\" alt=\"video1\" width=\"400\" height=\"225\" srcset=\"https:\/\/www.sigre.es\/boletin\/wp-content\/uploads\/2016\/11\/video1.jpg 400w, https:\/\/www.sigre.es\/boletin\/wp-content\/uploads\/2016\/11\/video1-300x169.jpg 300w\" sizes=\"auto, (max-width: 400px) 100vw, 400px\" \/><\/a><\/p>\n<p class=\"p1\"><span class=\"s1\">Las im\u00e1genes muestran la contribuci\u00f3n de cada uno de ellos a los objetivos medioambientales y socio-sanitarios de SIGRE y c\u00f3mo su trabajo y compromiso ha dado lugar al mayor proyecto colaborativo emprendido por el sector farmac\u00e9utico.<\/span><\/p>\n<p class=\"p1\" style=\"text-align: center;\"><a href=\"https:\/\/www.sigre.es\/boletin\/wp-content\/uploads\/2016\/11\/video2.jpg\"><img loading=\"lazy\" decoding=\"async\" class=\"aligncenter wp-image-3140 size-full\" src=\"https:\/\/www.sigre.es\/boletin\/wp-content\/uploads\/2016\/11\/video2.jpg\" alt=\"video2\" width=\"400\" height=\"225\" srcset=\"https:\/\/www.sigre.es\/boletin\/wp-content\/uploads\/2016\/11\/video2.jpg 400w, https:\/\/www.sigre.es\/boletin\/wp-content\/uploads\/2016\/11\/video2-300x169.jpg 300w\" sizes=\"auto, (max-width: 400px) 100vw, 400px\" \/><\/a><\/p>\n<p class=\"p1\"><span class=\"s1\">A trav\u00e9s de im\u00e1genes, infograf\u00edas y animaciones, el v\u00eddeo presenta de manera din\u00e1mica los principales resultados alcanzados por SIGRE y el sector en estos 15 a\u00f1os.<\/span><\/p>\n<p class=\"p1\"><span class=\"s1\">El v\u00eddeo conmemorativo puede verse en la <a href=\"https:\/\/www.sigre.es\/comunicacion\/15o-aniversario\/video-conmemorativo\/\" target=\"_blank\"><span class=\"s2\">p\u00e1gina web de SIGRE<\/span><\/a> y en el <a href=\"https:\/\/www.youtube.com\/watch?v=-PIW0NOGF6k\" target=\"_blank\"><span class=\"s2\">canal Youtube<\/span><\/a> de la entidad.<\/span><\/p>\n<p class=\"p1\" style=\"text-align: center;\"><a href=\"https:\/\/www.sigre.es\/boletin\/wp-content\/uploads\/2016\/11\/video3.jpg\"><img loading=\"lazy\" decoding=\"async\" class=\"aligncenter wp-image-3141 size-full\" src=\"https:\/\/www.sigre.es\/boletin\/wp-content\/uploads\/2016\/11\/video3.jpg\" alt=\"video3\" width=\"400\" height=\"225\" srcset=\"https:\/\/www.sigre.es\/boletin\/wp-content\/uploads\/2016\/11\/video3.jpg 400w, https:\/\/www.sigre.es\/boletin\/wp-content\/uploads\/2016\/11\/video3-300x169.jpg 300w\" sizes=\"auto, (max-width: 400px) 100vw, 400px\" \/><\/a><\/p>\n","protected":false},"excerpt":{"rendered":"<p>Con motivo del 15\u00ba aniversario de la implantaci\u00f3n de los Puntos SIGRE en toda Espa\u00f1a, se ha recogido en un v\u00eddeo conmemorativo lo que cada uno de los agentes del sector farmac\u00e9utico ha aportado durante estos a\u00f1os y los principales logros conseguidos. Las im\u00e1genes muestran la contribuci\u00f3n de cada uno de ellos a los objetivos [&hellip;]<\/p>\n","protected":false},"author":7,"featured_media":0,"parent":2981,"menu_order":291,"comment_status":"closed","ping_status":"closed","template":"articulo1.php","meta":{"footnotes":""},"class_list":["post-3135","page","type-page","status-publish","hentry"],"_links":{"self":[{"href":"https:\/\/www.sigre.es\/boletin\/wp-json\/wp\/v2\/pages\/3135","targetHints":{"allow":["GET"]}}],"collection":[{"href":"https:\/\/www.sigre.es\/boletin\/wp-json\/wp\/v2\/pages"}],"about":[{"href":"https:\/\/www.sigre.es\/boletin\/wp-json\/wp\/v2\/types\/page"}],"author":[{"embeddable":true,"href":"https:\/\/www.sigre.es\/boletin\/wp-json\/wp\/v2\/users\/7"}],"replies":[{"embeddable":true,"href":"https:\/\/www.sigre.es\/boletin\/wp-json\/wp\/v2\/comments?post=3135"}],"version-history":[{"count":0,"href":"https:\/\/www.sigre.es\/boletin\/wp-json\/wp\/v2\/pages\/3135\/revisions"}],"up":[{"embeddable":true,"href":"https:\/\/www.sigre.es\/boletin\/wp-json\/wp\/v2\/pages\/2981"}],"wp:attachment":[{"href":"https:\/\/www.sigre.es\/boletin\/wp-json\/wp\/v2\/media?parent=3135"}],"curies":[{"name":"wp","href":"https:\/\/api.w.org\/{rel}","templated":true}]}}