{"id":3128,"date":"2016-11-22T17:40:02","date_gmt":"2016-11-22T16:40:02","guid":{"rendered":"https:\/\/www.sigre.es\/boletin\/?page_id=3128"},"modified":"2016-11-24T12:06:40","modified_gmt":"2016-11-24T11:06:40","slug":"comic","status":"publish","type":"page","link":"https:\/\/www.sigre.es\/boletin\/sigre-informa-especial-15-aniversario\/comic\/","title":{"rendered":"C\u00d3MIC"},"content":{"rendered":"<div id=\"fb-root\"><\/div>\n<p class=\"p1\" style=\"text-align: center;\"><img loading=\"lazy\" decoding=\"async\" class=\"aligncenter wp-image-3131 size-large\" src=\"https:\/\/www.sigre.es\/boletin\/wp-content\/uploads\/2016\/11\/Comic_sigre-1-1024x561.jpg\" alt=\"AF_Comic_sigre.qxp\" width=\"1024\" height=\"561\" srcset=\"https:\/\/www.sigre.es\/boletin\/wp-content\/uploads\/2016\/11\/Comic_sigre-1-1024x561.jpg 1024w, https:\/\/www.sigre.es\/boletin\/wp-content\/uploads\/2016\/11\/Comic_sigre-1-300x164.jpg 300w, https:\/\/www.sigre.es\/boletin\/wp-content\/uploads\/2016\/11\/Comic_sigre-1-768x421.jpg 768w\" sizes=\"auto, (max-width: 1024px) 100vw, 1024px\" \/><\/p>\n<p class=\"p1\"><span class=\"s1\">SIGRE ha editado un c\u00f3mic para recoger, de forma gr\u00e1fica y amena, los logros alcanzados en su actividad durante estos 15 a\u00f1os.<\/span><\/p>\n<p class=\"p1\"><span class=\"s1\">A lo largo de sus p\u00e1ginas, se presentan algunos de los principales hechos destacados de este periodo: la corresponsabilidad voluntariamente asumida por los agentes del sector farmac\u00e9utico, tanto en la creaci\u00f3n de SIGRE, como durante todos estos a\u00f1os; la innovaci\u00f3n, vanguardia y tecnolog\u00eda de la Planta de Tratamiento de Envases y Residuos de Medicamentos; o los beneficios medioambientales alcanzados con la aplicaci\u00f3n de medidas de ecodise\u00f1o en los envases de medicamentos.<span class=\"Apple-converted-space\">\u00a0 \u00a0 \u00a0 \u00a0<\/span><\/span><\/p>\n<p class=\"p1\"><span class=\"s1\">El c\u00f3mic se puede ver en la p\u00e1gina web de SIGRE y a trav\u00e9s de este<a href=\"https:\/\/www.flipsnack.com\/SIGRE2016\/sigre-comic-conmemorativo-de-su-15-aniversario.html\" target=\"_blank\"><span class=\"s2\"> enlace<\/span><\/a>.<\/span><\/p>\n<p class=\"p3\" style=\"text-align: center;\">\n","protected":false},"excerpt":{"rendered":"<p>SIGRE ha editado un c\u00f3mic para recoger, de forma gr\u00e1fica y amena, los logros alcanzados en su actividad durante estos 15 a\u00f1os. A lo largo de sus p\u00e1ginas, se presentan algunos de los principales hechos destacados de este periodo: la corresponsabilidad voluntariamente asumida por los agentes del sector farmac\u00e9utico, tanto en la creaci\u00f3n de SIGRE, [&hellip;]<\/p>\n","protected":false},"author":7,"featured_media":0,"parent":2981,"menu_order":290,"comment_status":"closed","ping_status":"closed","template":"articulo1.php","meta":{"footnotes":""},"class_list":["post-3128","page","type-page","status-publish","hentry"],"_links":{"self":[{"href":"https:\/\/www.sigre.es\/boletin\/wp-json\/wp\/v2\/pages\/3128","targetHints":{"allow":["GET"]}}],"collection":[{"href":"https:\/\/www.sigre.es\/boletin\/wp-json\/wp\/v2\/pages"}],"about":[{"href":"https:\/\/www.sigre.es\/boletin\/wp-json\/wp\/v2\/types\/page"}],"author":[{"embeddable":true,"href":"https:\/\/www.sigre.es\/boletin\/wp-json\/wp\/v2\/users\/7"}],"replies":[{"embeddable":true,"href":"https:\/\/www.sigre.es\/boletin\/wp-json\/wp\/v2\/comments?post=3128"}],"version-history":[{"count":0,"href":"https:\/\/www.sigre.es\/boletin\/wp-json\/wp\/v2\/pages\/3128\/revisions"}],"up":[{"embeddable":true,"href":"https:\/\/www.sigre.es\/boletin\/wp-json\/wp\/v2\/pages\/2981"}],"wp:attachment":[{"href":"https:\/\/www.sigre.es\/boletin\/wp-json\/wp\/v2\/media?parent=3128"}],"curies":[{"name":"wp","href":"https:\/\/api.w.org\/{rel}","templated":true}]}}