{"id":3069,"date":"2016-11-22T10:33:20","date_gmt":"2016-11-22T09:33:20","guid":{"rendered":"https:\/\/www.sigre.es\/boletin\/?page_id=3069"},"modified":"2016-11-24T16:19:52","modified_gmt":"2016-11-24T15:19:52","slug":"editorial","status":"publish","type":"page","link":"https:\/\/www.sigre.es\/boletin\/sigre-informa-especial-15-aniversario\/editorial\/","title":{"rendered":"EDITORIAL"},"content":{"rendered":"<div id=\"fb-root\"><\/div>\n<p class=\"p1\"><span class=\"s1\"><a href=\"https:\/\/www.sigre.es\/boletin\/wp-content\/uploads\/2016\/11\/editorial_infografia.jpg\"><br \/>\n<\/a>Se cumplen 15 a\u00f1os de SIGRE, un proyecto pionero puesto en marcha gracias a la iniciativa de la industria farmac\u00e9utica y al compromiso asumido, de manera voluntaria y responsable, por los farmac\u00e9uticos y las empresas de distribuci\u00f3n del sector.\u00a0<\/span><\/p>\n<p class=\"p1\"><span class=\"s1\">\u00bfQu\u00e9 se ha conseguido en estos 15 a\u00f1os? En primer lugar, mantener la cohesi\u00f3n del sector farmac\u00e9utico en torno a esta iniciativa y que cada uno de sus agentes haya sido una pieza clave en el funcionamiento de SIGRE.<\/span><\/p>\n<p class=\"p1\"><span class=\"s1\"> La industria farmac\u00e9utica ha desarrollado una extraordinaria labor en el campo de la prevenci\u00f3n de los envases farmac\u00e9uticos, para reducir su impacto ambiental. Gracias a su compromiso y esfuerzo, 1 de cada 3 envases de medicamentos, que se comercializa actualmente, es ahora m\u00e1s ecol\u00f3gico que hace 15 a\u00f1os.<\/span><\/p>\n<p class=\"p1\" style=\"text-align: center;\"><a href=\"https:\/\/www.sigre.es\/boletin\/wp-content\/uploads\/2016\/11\/editorial_infografia.jpg\"><img loading=\"lazy\" decoding=\"async\" class=\"aligncenter wp-image-3075\" src=\"https:\/\/www.sigre.es\/boletin\/wp-content\/uploads\/2016\/11\/editorial_infografia-216x300.jpg\" alt=\"editorial_infografia\" width=\"261\" height=\"354\" \/><\/a><\/p>\n<p class=\"p1\"><span class=\"s1\">La distribuci\u00f3n farmac\u00e9utica ha seguido contribuyendo al funcionamiento del Sistema con la log\u00edstica inversa y ha permitido que, en estos 15 a\u00f1os, se haya evitado la emisi\u00f3n de m\u00e1s de 21.000 toneladas de CO<\/span><span class=\"s2\"><sub>2<\/sub><\/span><span class=\"s1\"> a la atm\u00f3sfera.<\/span><\/p>\n<p class=\"p1\"><span class=\"s1\">Y la farmacia se ha consolidado como punto de encuentro entre SIGRE y el ciudadano. A trav\u00e9s de su extensa red, ha sido posible ofrecer a la sociedad un servicio c\u00f3modo, cercano, de calidad y con todas las garant\u00edas sanitarias que este tipo de residuos requiere.<\/span><\/p>\n<p class=\"p1\"><span class=\"s1\">Este compromiso, cohesi\u00f3n y trabajo ha hecho posible conseguir otro gran resultado: que el reciclado de los envases y los residuos de medicamentos forme parte de los h\u00e1bitos medioambientales de los hogares espa\u00f1oles. <\/span><\/p>\n<p class=\"p1\"><span class=\"s1\">Suyos son los logros alcanzados y desde aqu\u00ed les hago llegar mi m\u00e1s sincero agradecimiento.<\/span><\/p>\n","protected":false},"excerpt":{"rendered":"<p>Se cumplen 15 a\u00f1os de SIGRE, un proyecto pionero puesto en marcha gracias a la iniciativa de la industria farmac\u00e9utica y al compromiso asumido, de manera voluntaria y responsable, por los farmac\u00e9uticos y las empresas de distribuci\u00f3n del sector.\u00a0 \u00bfQu\u00e9 se ha conseguido en estos 15 a\u00f1os? En primer lugar, mantener la cohesi\u00f3n del sector [&hellip;]<\/p>\n","protected":false},"author":7,"featured_media":0,"parent":2981,"menu_order":285,"comment_status":"closed","ping_status":"closed","template":"articulo1.php","meta":{"footnotes":""},"class_list":["post-3069","page","type-page","status-publish","hentry"],"_links":{"self":[{"href":"https:\/\/www.sigre.es\/boletin\/wp-json\/wp\/v2\/pages\/3069","targetHints":{"allow":["GET"]}}],"collection":[{"href":"https:\/\/www.sigre.es\/boletin\/wp-json\/wp\/v2\/pages"}],"about":[{"href":"https:\/\/www.sigre.es\/boletin\/wp-json\/wp\/v2\/types\/page"}],"author":[{"embeddable":true,"href":"https:\/\/www.sigre.es\/boletin\/wp-json\/wp\/v2\/users\/7"}],"replies":[{"embeddable":true,"href":"https:\/\/www.sigre.es\/boletin\/wp-json\/wp\/v2\/comments?post=3069"}],"version-history":[{"count":0,"href":"https:\/\/www.sigre.es\/boletin\/wp-json\/wp\/v2\/pages\/3069\/revisions"}],"up":[{"embeddable":true,"href":"https:\/\/www.sigre.es\/boletin\/wp-json\/wp\/v2\/pages\/2981"}],"wp:attachment":[{"href":"https:\/\/www.sigre.es\/boletin\/wp-json\/wp\/v2\/media?parent=3069"}],"curies":[{"name":"wp","href":"https:\/\/api.w.org\/{rel}","templated":true}]}}