{"id":3058,"date":"2016-11-22T09:13:03","date_gmt":"2016-11-22T08:13:03","guid":{"rendered":"https:\/\/www.sigre.es\/boletin\/?page_id=3058"},"modified":"2016-11-30T11:16:28","modified_gmt":"2016-11-30T10:16:28","slug":"declaraciones-14","status":"publish","type":"page","link":"https:\/\/www.sigre.es\/boletin\/sigre-informa-especial-15-aniversario\/declaraciones-14\/","title":{"rendered":"15 A\u00d1OS, 15 RECONOCIMIENTOS"},"content":{"rendered":"<div id=\"fb-root\"><\/div>\n<p class=\"p1\"><strong><span class=\"s1\">El m\u00e9rito de plantear preguntas nuevas<\/span><\/strong><\/p>\n<p class=\"p1\"><span class=\"s1\">Seguramente, el mayor m\u00e9rito de SIGRE en estos 15 a\u00f1os es que nos ha obligado a plantearnos ad\u00f3nde van nuestras pastillas cuando ya no las necesitamos. Si cada vez hay m\u00e1s estudios que recogen el da\u00f1o de los metabolitos de algunos f\u00e1rmacos que llegan a los r\u00edos a trav\u00e9s de los desag\u00fces, el impacto de millones de c\u00e1psulas vertidas sin control en un basurero est\u00e1 sin medir, pero no hay duda de que ser\u00e1 muy importante. <\/span><\/p>\n<p class=\"p1\"><span class=\"s1\">Una vez hecha la pregunta, SIGRE tiene la ventaja de que da una respuesta: todo, desde el envase a los desecantes, se puede reaprovechar o, al menos, destruir en condiciones controladas. <\/span><\/p>\n<p class=\"p1\"><span class=\"s1\">Y tiene un valor a\u00f1adido: cada vez que se prepara la bolsa de medicamentos para llevarla a reciclar a la farmacia surge otra cuesti\u00f3n: \u00bfde verdad necesitaba todo esto?<\/span><\/p>\n<p class=\"p1\" style=\"text-align: right;\"><strong><span class=\"s1\">Emilio de Benito<br \/>\n<\/span><\/strong><em><span class=\"s1\">Presidente de ANIS<\/span><\/em><\/p>\n","protected":false},"excerpt":{"rendered":"<p>El m\u00e9rito de plantear preguntas nuevas Seguramente, el mayor m\u00e9rito de SIGRE en estos 15 a\u00f1os es que nos ha obligado a plantearnos ad\u00f3nde van nuestras pastillas cuando ya no las necesitamos. Si cada vez hay m\u00e1s estudios que recogen el da\u00f1o de los metabolitos de algunos f\u00e1rmacos que llegan a los r\u00edos a trav\u00e9s [&hellip;]<\/p>\n","protected":false},"author":7,"featured_media":0,"parent":2981,"menu_order":285,"comment_status":"closed","ping_status":"closed","template":"sigre-entrevista.php","meta":{"footnotes":""},"class_list":["post-3058","page","type-page","status-publish","hentry"],"_links":{"self":[{"href":"https:\/\/www.sigre.es\/boletin\/wp-json\/wp\/v2\/pages\/3058","targetHints":{"allow":["GET"]}}],"collection":[{"href":"https:\/\/www.sigre.es\/boletin\/wp-json\/wp\/v2\/pages"}],"about":[{"href":"https:\/\/www.sigre.es\/boletin\/wp-json\/wp\/v2\/types\/page"}],"author":[{"embeddable":true,"href":"https:\/\/www.sigre.es\/boletin\/wp-json\/wp\/v2\/users\/7"}],"replies":[{"embeddable":true,"href":"https:\/\/www.sigre.es\/boletin\/wp-json\/wp\/v2\/comments?post=3058"}],"version-history":[{"count":0,"href":"https:\/\/www.sigre.es\/boletin\/wp-json\/wp\/v2\/pages\/3058\/revisions"}],"up":[{"embeddable":true,"href":"https:\/\/www.sigre.es\/boletin\/wp-json\/wp\/v2\/pages\/2981"}],"wp:attachment":[{"href":"https:\/\/www.sigre.es\/boletin\/wp-json\/wp\/v2\/media?parent=3058"}],"curies":[{"name":"wp","href":"https:\/\/api.w.org\/{rel}","templated":true}]}}