{"id":3049,"date":"2016-11-22T09:04:39","date_gmt":"2016-11-22T08:04:39","guid":{"rendered":"https:\/\/www.sigre.es\/boletin\/?page_id=3049"},"modified":"2016-11-30T11:15:19","modified_gmt":"2016-11-30T10:15:19","slug":"declaraciones-12","status":"publish","type":"page","link":"https:\/\/www.sigre.es\/boletin\/sigre-informa-especial-15-aniversario\/declaraciones-12\/","title":{"rendered":"15 A\u00d1OS, 15 RECONOCIMIENTOS"},"content":{"rendered":"<div id=\"fb-root\"><\/div>\n<p class=\"p1\"><span class=\"s1\"><b>SIGRE, ejemplo de proyecto verde<\/b><\/span><\/p>\n<p class=\"p2\"><span class=\"s1\">Desde que SIGRE firm\u00f3 los principios del Pacto Mundial, en 2009, ha sido una entidad muy activa en la Red Espa\u00f1ola, en la que, en estos momentos, pertenece a su Comit\u00e9 Ejecutivo, ejerciendo la responsabilidad de Tesorero. Durante estos a\u00f1os, hemos sido testigos de su buen hacer, que la ha convertido en un ejemplo de c\u00f3mo una actividad centrada en la protecci\u00f3n del medio ambiente puede ser un proyecto de \u00e9xito.<\/span><\/p>\n<p class=\"p2\"><span class=\"s1\">En estos momentos, tras la aprobaci\u00f3n hace poco m\u00e1s de un a\u00f1o de los Objetivos de Desarrollo Sostenible, es fundamental, para conseguirlos, potenciar la \u201ceconom\u00eda circular\u201d, basada en los conceptos de reciclar y reutilizar. SIGRE, que ha conseguido que el reciclado de envases, vac\u00edos o con restos de medicamentos, sea un h\u00e1bito implantado en los hogares espa\u00f1oles, demuestra que el desarrollo sostenible es una tarea con la que gana tanto la empresa, como el medioambiente.<\/span><\/p>\n<p class=\"p2\" style=\"text-align: right;\"><strong><span class=\"s1\">\u00c1ngel Pes<br \/>\n<\/span><\/strong><em><span class=\"s1\">Presidente de la Red Espa\u00f1ola del Pacto Mundial<\/span><\/em><\/p>\n","protected":false},"excerpt":{"rendered":"<p>SIGRE, ejemplo de proyecto verde Desde que SIGRE firm\u00f3 los principios del Pacto Mundial, en 2009, ha sido una entidad muy activa en la Red Espa\u00f1ola, en la que, en estos momentos, pertenece a su Comit\u00e9 Ejecutivo, ejerciendo la responsabilidad de Tesorero. Durante estos a\u00f1os, hemos sido testigos de su buen hacer, que la ha [&hellip;]<\/p>\n","protected":false},"author":7,"featured_media":0,"parent":2981,"menu_order":281,"comment_status":"closed","ping_status":"closed","template":"sigre-entrevista.php","meta":{"footnotes":""},"class_list":["post-3049","page","type-page","status-publish","hentry"],"_links":{"self":[{"href":"https:\/\/www.sigre.es\/boletin\/wp-json\/wp\/v2\/pages\/3049","targetHints":{"allow":["GET"]}}],"collection":[{"href":"https:\/\/www.sigre.es\/boletin\/wp-json\/wp\/v2\/pages"}],"about":[{"href":"https:\/\/www.sigre.es\/boletin\/wp-json\/wp\/v2\/types\/page"}],"author":[{"embeddable":true,"href":"https:\/\/www.sigre.es\/boletin\/wp-json\/wp\/v2\/users\/7"}],"replies":[{"embeddable":true,"href":"https:\/\/www.sigre.es\/boletin\/wp-json\/wp\/v2\/comments?post=3049"}],"version-history":[{"count":0,"href":"https:\/\/www.sigre.es\/boletin\/wp-json\/wp\/v2\/pages\/3049\/revisions"}],"up":[{"embeddable":true,"href":"https:\/\/www.sigre.es\/boletin\/wp-json\/wp\/v2\/pages\/2981"}],"wp:attachment":[{"href":"https:\/\/www.sigre.es\/boletin\/wp-json\/wp\/v2\/media?parent=3049"}],"curies":[{"name":"wp","href":"https:\/\/api.w.org\/{rel}","templated":true}]}}