{"id":3045,"date":"2016-11-22T08:59:48","date_gmt":"2016-11-22T07:59:48","guid":{"rendered":"https:\/\/www.sigre.es\/boletin\/?page_id=3045"},"modified":"2016-11-30T11:14:58","modified_gmt":"2016-11-30T10:14:58","slug":"declaraciones-11","status":"publish","type":"page","link":"https:\/\/www.sigre.es\/boletin\/sigre-informa-especial-15-aniversario\/declaraciones-11\/","title":{"rendered":"15 A\u00d1OS, 15 RECONOCIMIENTOS"},"content":{"rendered":"<div id=\"fb-root\"><\/div>\n<p class=\"p1\"><span class=\"s1\">La recogida selectiva de medicamentos y sus envases, a trav\u00e9s de las farmacias, es un hecho consolidado. En estos 15 a\u00f1os, el despliegue de puntos de recogida ha alcanzado todo el territorio, garantizando proximidad y confianza en el ciudadano. El esfuerzo y constancia \u00a0de SIGRE constituye un ejemplo ilustrativo de colaboraci\u00f3n entre ciudadanos y farmacias, a trav\u00e9s de la log\u00edstica inversa. \u00a0Retornar los medicamentos usados o caducados\u00a0 y sus envases al punto SIGRE de la farmacia, es un gesto de apoyo a salvaguardar el medio ambiente. <\/span><\/p>\n<p class=\"p1\"><span class=\"s1\">El sector\u00a0 farmac\u00e9utico ha conseguido que los ciudadanos interioricen claramente d\u00f3nde y c\u00f3mo han de gestionar los medicamentos y sus envases, una vez estos han perdido su vida \u00fatil. \u00a0No obstante, siempre se ha de continuar avanzando y animo a seguir trabajado en esta direcci\u00f3n \u00a0para obtener un mejor y sostenible medio ambiente, que recibir\u00e1n las generaciones futuras. Felicidades por los resultados obtenidos.<\/span><\/p>\n<p class=\"p1\" style=\"text-align: right;\"><strong><span class=\"s1\">Josep Maria Tost<br \/>\n<\/span><\/strong><em><span class=\"s1\">Director de la Agencia de Residuos de Catalunya<\/span><\/em><\/p>\n","protected":false},"excerpt":{"rendered":"<p>La recogida selectiva de medicamentos y sus envases, a trav\u00e9s de las farmacias, es un hecho consolidado. En estos 15 a\u00f1os, el despliegue de puntos de recogida ha alcanzado todo el territorio, garantizando proximidad y confianza en el ciudadano. El esfuerzo y constancia \u00a0de SIGRE constituye un ejemplo ilustrativo de colaboraci\u00f3n entre ciudadanos y farmacias, [&hellip;]<\/p>\n","protected":false},"author":7,"featured_media":0,"parent":2981,"menu_order":280,"comment_status":"closed","ping_status":"closed","template":"sigre-entrevista.php","meta":{"footnotes":""},"class_list":["post-3045","page","type-page","status-publish","hentry"],"_links":{"self":[{"href":"https:\/\/www.sigre.es\/boletin\/wp-json\/wp\/v2\/pages\/3045","targetHints":{"allow":["GET"]}}],"collection":[{"href":"https:\/\/www.sigre.es\/boletin\/wp-json\/wp\/v2\/pages"}],"about":[{"href":"https:\/\/www.sigre.es\/boletin\/wp-json\/wp\/v2\/types\/page"}],"author":[{"embeddable":true,"href":"https:\/\/www.sigre.es\/boletin\/wp-json\/wp\/v2\/users\/7"}],"replies":[{"embeddable":true,"href":"https:\/\/www.sigre.es\/boletin\/wp-json\/wp\/v2\/comments?post=3045"}],"version-history":[{"count":0,"href":"https:\/\/www.sigre.es\/boletin\/wp-json\/wp\/v2\/pages\/3045\/revisions"}],"up":[{"embeddable":true,"href":"https:\/\/www.sigre.es\/boletin\/wp-json\/wp\/v2\/pages\/2981"}],"wp:attachment":[{"href":"https:\/\/www.sigre.es\/boletin\/wp-json\/wp\/v2\/media?parent=3045"}],"curies":[{"name":"wp","href":"https:\/\/api.w.org\/{rel}","templated":true}]}}