{"id":3041,"date":"2016-11-22T08:52:48","date_gmt":"2016-11-22T07:52:48","guid":{"rendered":"https:\/\/www.sigre.es\/boletin\/?page_id=3041"},"modified":"2016-11-30T11:14:12","modified_gmt":"2016-11-30T10:14:12","slug":"declaraciones-10","status":"publish","type":"page","link":"https:\/\/www.sigre.es\/boletin\/sigre-informa-especial-15-aniversario\/declaraciones-10\/","title":{"rendered":"15 A\u00d1OS, 15 RECONOCIMIENTOS"},"content":{"rendered":"<div id=\"fb-root\"><\/div>\n<p class=\"p1\"><span class=\"s1\">15 a\u00f1os han dado para mucho buen hacer; han servido para afianzar una excelente pr\u00e1ctica; han logrado una concienciaci\u00f3n de la poblaci\u00f3n; han ayudado a proteger el medio ambiente; han impulsado un quehacer consciente y responsable; han permitido un ahorro energ\u00e9tico; han hecho pr\u00e1ctica com\u00fan del reciclado de envases y residuos de medicamentos\u2026<\/span><\/p>\n<p class=\"p1\"><span class=\"s1\">En este 15 Aniversario de SIGRE, la perspectiva de lo ya alcanzado es muy positiva, s\u00f3lida, arraigada y cre\u00edble, y la prospectiva que se abre en el horizonte se presenta esperanzadora, ilusionante, vigorosa\u2026 \u00a1ADELANTE!!!<\/span><\/p>\n<p class=\"p2\" style=\"text-align: right;\"><span class=\"s1\"><b>Rafael Fern\u00e1ndez Rubio<br \/>\n<\/b><\/span><em><span class=\"s1\">Premio Rey Jaime I a la Preservaci\u00f3n del Medio Ambiente<br \/>\n<\/span><\/em><em><span class=\"s1\">Presidente del Club Espa\u00f1ol del Medio Ambiente<\/span><\/em><\/p>\n","protected":false},"excerpt":{"rendered":"<p>15 a\u00f1os han dado para mucho buen hacer; han servido para afianzar una excelente pr\u00e1ctica; han logrado una concienciaci\u00f3n de la poblaci\u00f3n; han ayudado a proteger el medio ambiente; han impulsado un quehacer consciente y responsable; han permitido un ahorro energ\u00e9tico; han hecho pr\u00e1ctica com\u00fan del reciclado de envases y residuos de medicamentos\u2026 En este [&hellip;]<\/p>\n","protected":false},"author":7,"featured_media":0,"parent":2981,"menu_order":279,"comment_status":"closed","ping_status":"closed","template":"sigre-entrevista.php","meta":{"footnotes":""},"class_list":["post-3041","page","type-page","status-publish","hentry"],"_links":{"self":[{"href":"https:\/\/www.sigre.es\/boletin\/wp-json\/wp\/v2\/pages\/3041","targetHints":{"allow":["GET"]}}],"collection":[{"href":"https:\/\/www.sigre.es\/boletin\/wp-json\/wp\/v2\/pages"}],"about":[{"href":"https:\/\/www.sigre.es\/boletin\/wp-json\/wp\/v2\/types\/page"}],"author":[{"embeddable":true,"href":"https:\/\/www.sigre.es\/boletin\/wp-json\/wp\/v2\/users\/7"}],"replies":[{"embeddable":true,"href":"https:\/\/www.sigre.es\/boletin\/wp-json\/wp\/v2\/comments?post=3041"}],"version-history":[{"count":0,"href":"https:\/\/www.sigre.es\/boletin\/wp-json\/wp\/v2\/pages\/3041\/revisions"}],"up":[{"embeddable":true,"href":"https:\/\/www.sigre.es\/boletin\/wp-json\/wp\/v2\/pages\/2981"}],"wp:attachment":[{"href":"https:\/\/www.sigre.es\/boletin\/wp-json\/wp\/v2\/media?parent=3041"}],"curies":[{"name":"wp","href":"https:\/\/api.w.org\/{rel}","templated":true}]}}