{"id":3033,"date":"2016-11-22T08:43:16","date_gmt":"2016-11-22T07:43:16","guid":{"rendered":"https:\/\/www.sigre.es\/boletin\/?page_id=3033"},"modified":"2016-11-30T11:13:27","modified_gmt":"2016-11-30T10:13:27","slug":"declaraciones-8","status":"publish","type":"page","link":"https:\/\/www.sigre.es\/boletin\/sigre-informa-especial-15-aniversario\/declaraciones-8\/","title":{"rendered":"15 A\u00d1OS, 15 RECONOCIMIENTOS"},"content":{"rendered":"<div id=\"fb-root\"><\/div>\n<p class=\"p1\"><span class=\"s1\"><b>Conciencia medioambiental<\/b><\/span><\/p>\n<p class=\"p2\"><span class=\"s1\">SIGRE es un hito en la historia del cuidado del medio ambiente en nuestro pa\u00eds y un referente a nivel mundial. Con su labor, ha situado a Espa\u00f1a a la vanguardia en la gesti\u00f3n y tratamiento de los residuos de medicamentos, y ha favorecido que su industria farmac\u00e9utica lidere el ecodise\u00f1o en envases de medicamentos. <\/span><\/p>\n<p class=\"p2\"><span class=\"s1\">SIGRE ha contribuido a incrementar la conciencia medioambiental de la industria farmac\u00e9utica, sensibiliz\u00e1ndola sobre el importante papel que desempe\u00f1a en la prevenci\u00f3n desde el origen, a trav\u00e9s de presentaciones farmac\u00e9uticas m\u00e1s ecol\u00f3gicas, reduciendo la relaci\u00f3n contenido-continente y utilizando materiales menos contaminantes y que se reciclan con mayor facilidad. En estos 15 a\u00f1os, el peso total de los envases farmac\u00e9uticos comercializados se ha reducido casi un 25%, con los consiguientes beneficios medioambientales. <\/span><\/p>\n<p class=\"p2\"><span class=\"s1\">Apostar por SIGRE es, sin duda, apostar por la sostenibilidad medioambiental.<\/span><\/p>\n<p class=\"p2\" style=\"text-align: right;\"><strong>Ra\u00fal D\u00edaz-Varela<br \/>\n<\/strong><em>Presidente de AESEG<\/em><strong><br \/>\n<\/strong><\/p>\n","protected":false},"excerpt":{"rendered":"<p>Conciencia medioambiental SIGRE es un hito en la historia del cuidado del medio ambiente en nuestro pa\u00eds y un referente a nivel mundial. Con su labor, ha situado a Espa\u00f1a a la vanguardia en la gesti\u00f3n y tratamiento de los residuos de medicamentos, y ha favorecido que su industria farmac\u00e9utica lidere el ecodise\u00f1o en envases [&hellip;]<\/p>\n","protected":false},"author":7,"featured_media":0,"parent":2981,"menu_order":277,"comment_status":"closed","ping_status":"closed","template":"sigre-entrevista.php","meta":{"footnotes":""},"class_list":["post-3033","page","type-page","status-publish","hentry"],"_links":{"self":[{"href":"https:\/\/www.sigre.es\/boletin\/wp-json\/wp\/v2\/pages\/3033","targetHints":{"allow":["GET"]}}],"collection":[{"href":"https:\/\/www.sigre.es\/boletin\/wp-json\/wp\/v2\/pages"}],"about":[{"href":"https:\/\/www.sigre.es\/boletin\/wp-json\/wp\/v2\/types\/page"}],"author":[{"embeddable":true,"href":"https:\/\/www.sigre.es\/boletin\/wp-json\/wp\/v2\/users\/7"}],"replies":[{"embeddable":true,"href":"https:\/\/www.sigre.es\/boletin\/wp-json\/wp\/v2\/comments?post=3033"}],"version-history":[{"count":0,"href":"https:\/\/www.sigre.es\/boletin\/wp-json\/wp\/v2\/pages\/3033\/revisions"}],"up":[{"embeddable":true,"href":"https:\/\/www.sigre.es\/boletin\/wp-json\/wp\/v2\/pages\/2981"}],"wp:attachment":[{"href":"https:\/\/www.sigre.es\/boletin\/wp-json\/wp\/v2\/media?parent=3033"}],"curies":[{"name":"wp","href":"https:\/\/api.w.org\/{rel}","templated":true}]}}