{"id":3028,"date":"2016-11-22T08:34:44","date_gmt":"2016-11-22T07:34:44","guid":{"rendered":"https:\/\/www.sigre.es\/boletin\/?page_id=3028"},"modified":"2016-11-30T11:13:03","modified_gmt":"2016-11-30T10:13:03","slug":"declaraciones-7","status":"publish","type":"page","link":"https:\/\/www.sigre.es\/boletin\/sigre-informa-especial-15-aniversario\/declaraciones-7\/","title":{"rendered":"15 A\u00d1OS, 15 RECONOCIMIENTOS"},"content":{"rendered":"<div id=\"fb-root\"><\/div>\n<p class=\"p3\"><span class=\"s1\">Desde la Asociaci\u00f3n para el Autocuidado de la Salud (anefp), nuestra m\u00e1s sincera felicitaci\u00f3n a SIGRE por su 15 aniversario y el mayor de los reconocimientos a su labor, durante todos estos a\u00f1os, en favor de la educaci\u00f3n sanitaria y medioambiental de nuestra sociedad. <\/span><\/p>\n<p class=\"p3\"><span class=\"s1\">Su trabajo, al frente del tratamiento de los envases y restos de medicamentos para reducir los efectos medioambientales que estos pueden causar, cuenta con todo el apoyo y la colaboraci\u00f3n de anefp, en una iniciativa que consideramos primordial para el sector farmac\u00e9utico. SIGRE ejerce un papel imprescindible para coordinar esta labor entre todos los implicados: ciudadano, farmacia y laboratorio farmac\u00e9utico.<\/span><\/p>\n<p class=\"p3\"><span class=\"s1\">15 de a\u00f1os de cumplimiento de objetivos, en los que la calidad y la innovaci\u00f3n han sido las se\u00f1as de identidad de una instituci\u00f3n, que ha llevado el s\u00edmbolo SIGRE a todos los hogares espa\u00f1oles.<\/span><\/p>\n<p class=\"p1\" style=\"text-align: right;\"><span class=\"s1\"><b>Elena Zabala<br \/>\n<\/b><\/span><em><span class=\"s1\">Presidenta de ANEFP<\/span><\/em><\/p>\n","protected":false},"excerpt":{"rendered":"<p>Desde la Asociaci\u00f3n para el Autocuidado de la Salud (anefp), nuestra m\u00e1s sincera felicitaci\u00f3n a SIGRE por su 15 aniversario y el mayor de los reconocimientos a su labor, durante todos estos a\u00f1os, en favor de la educaci\u00f3n sanitaria y medioambiental de nuestra sociedad. Su trabajo, al frente del tratamiento de los envases y restos [&hellip;]<\/p>\n","protected":false},"author":7,"featured_media":0,"parent":2981,"menu_order":276,"comment_status":"closed","ping_status":"closed","template":"sigre-entrevista.php","meta":{"footnotes":""},"class_list":["post-3028","page","type-page","status-publish","hentry"],"_links":{"self":[{"href":"https:\/\/www.sigre.es\/boletin\/wp-json\/wp\/v2\/pages\/3028","targetHints":{"allow":["GET"]}}],"collection":[{"href":"https:\/\/www.sigre.es\/boletin\/wp-json\/wp\/v2\/pages"}],"about":[{"href":"https:\/\/www.sigre.es\/boletin\/wp-json\/wp\/v2\/types\/page"}],"author":[{"embeddable":true,"href":"https:\/\/www.sigre.es\/boletin\/wp-json\/wp\/v2\/users\/7"}],"replies":[{"embeddable":true,"href":"https:\/\/www.sigre.es\/boletin\/wp-json\/wp\/v2\/comments?post=3028"}],"version-history":[{"count":0,"href":"https:\/\/www.sigre.es\/boletin\/wp-json\/wp\/v2\/pages\/3028\/revisions"}],"up":[{"embeddable":true,"href":"https:\/\/www.sigre.es\/boletin\/wp-json\/wp\/v2\/pages\/2981"}],"wp:attachment":[{"href":"https:\/\/www.sigre.es\/boletin\/wp-json\/wp\/v2\/media?parent=3028"}],"curies":[{"name":"wp","href":"https:\/\/api.w.org\/{rel}","templated":true}]}}