{"id":3015,"date":"2016-11-21T18:55:22","date_gmt":"2016-11-21T17:55:22","guid":{"rendered":"https:\/\/www.sigre.es\/boletin\/?page_id=3015"},"modified":"2016-11-30T11:12:20","modified_gmt":"2016-11-30T10:12:20","slug":"declaraciones-5","status":"publish","type":"page","link":"https:\/\/www.sigre.es\/boletin\/sigre-informa-especial-15-aniversario\/declaraciones-5\/","title":{"rendered":"15 A\u00d1OS, 15 RECONOCIMIENTOS"},"content":{"rendered":"<div id=\"fb-root\"><\/div>\n<p class=\"p1\"><span class=\"s1\">Recientemente, se conoci\u00f3 la noticia de que, despu\u00e9s de 15 a\u00f1os, por primera vez el beneficio de Apple hab\u00eda sufrido una contracci\u00f3n. Al contrario que la empresa fundada por Steve Jobs, Stephen Wozniak y Ronald Wayne, el Sistema Integrado de Gesti\u00f3n y Recogida de Envases (SIGRE), fruto de la colaboraci\u00f3n de la industria, la distribuci\u00f3n farmac\u00e9utica y la oficina de farmacia, lejos de contraerse, demuestra cada a\u00f1o que, adem\u00e1s de cumplir con creces los objetivos que se fijaron en 2001, avanza con paso firme y, cada vez, son m\u00e1s los hogares espa\u00f1oles en los que el reciclado de medicamentos se ha convertido en un h\u00e1bito. <\/span><\/p>\n<p class=\"p1\"><span class=\"s1\">En estos \u00faltimos quince a\u00f1os, la gesti\u00f3n y tratamiento ambiental de los envases (ya sean vac\u00edos o con alg\u00fan resto de medicamento) que lleva a cabo SIGRE se ha convertido en una referencia mundial y en un ejemplo a seguir. Quince a\u00f1os, en los que SIGRE ha cumplido una destacable funci\u00f3n socio-sanitaria.<\/span><\/p>\n<p class=\"p1\" style=\"text-align: right;\"><span class=\"s1\"><b>Eladio Gonz\u00e1lez<br \/>\n<\/b><\/span><em><span class=\"s1\">Vicepresidente de SIGRE\u00a0y\u00a0<\/span><\/em><em><span class=\"s1\">Presidente de FEDIFAR<\/span><\/em><\/p>\n","protected":false},"excerpt":{"rendered":"<p>Recientemente, se conoci\u00f3 la noticia de que, despu\u00e9s de 15 a\u00f1os, por primera vez el beneficio de Apple hab\u00eda sufrido una contracci\u00f3n. Al contrario que la empresa fundada por Steve Jobs, Stephen Wozniak y Ronald Wayne, el Sistema Integrado de Gesti\u00f3n y Recogida de Envases (SIGRE), fruto de la colaboraci\u00f3n de la industria, la distribuci\u00f3n [&hellip;]<\/p>\n","protected":false},"author":7,"featured_media":0,"parent":2981,"menu_order":274,"comment_status":"closed","ping_status":"closed","template":"sigre-entrevista.php","meta":{"footnotes":""},"class_list":["post-3015","page","type-page","status-publish","hentry"],"_links":{"self":[{"href":"https:\/\/www.sigre.es\/boletin\/wp-json\/wp\/v2\/pages\/3015","targetHints":{"allow":["GET"]}}],"collection":[{"href":"https:\/\/www.sigre.es\/boletin\/wp-json\/wp\/v2\/pages"}],"about":[{"href":"https:\/\/www.sigre.es\/boletin\/wp-json\/wp\/v2\/types\/page"}],"author":[{"embeddable":true,"href":"https:\/\/www.sigre.es\/boletin\/wp-json\/wp\/v2\/users\/7"}],"replies":[{"embeddable":true,"href":"https:\/\/www.sigre.es\/boletin\/wp-json\/wp\/v2\/comments?post=3015"}],"version-history":[{"count":0,"href":"https:\/\/www.sigre.es\/boletin\/wp-json\/wp\/v2\/pages\/3015\/revisions"}],"up":[{"embeddable":true,"href":"https:\/\/www.sigre.es\/boletin\/wp-json\/wp\/v2\/pages\/2981"}],"wp:attachment":[{"href":"https:\/\/www.sigre.es\/boletin\/wp-json\/wp\/v2\/media?parent=3015"}],"curies":[{"name":"wp","href":"https:\/\/api.w.org\/{rel}","templated":true}]}}