{"id":3009,"date":"2016-11-21T17:52:46","date_gmt":"2016-11-21T16:52:46","guid":{"rendered":"https:\/\/www.sigre.es\/boletin\/?page_id=3009"},"modified":"2016-11-30T11:11:58","modified_gmt":"2016-11-30T10:11:58","slug":"declaraciones-4","status":"publish","type":"page","link":"https:\/\/www.sigre.es\/boletin\/sigre-informa-especial-15-aniversario\/declaraciones-4\/","title":{"rendered":"15 A\u00d1OS, 15 RECONOCIMIENTOS"},"content":{"rendered":"<div id=\"fb-root\"><\/div>\n<p class=\"p1\"><span class=\"s1\"><b>15 a\u00f1os cuidando de la naturaleza<\/b><\/span><\/p>\n<p class=\"p2\"><span class=\"s1\">SIGRE cumple quince a\u00f1os cuidando de la salud de la naturaleza. Tres lustros en los que ha logrado consolidar, con el impulso de todo el sector del medicamento, la cultura del correcto reciclaje en torno a los envases y restos de medicamentos entre la sociedad espa\u00f1ola. <\/span><\/p>\n<p class=\"p2\"><span class=\"s1\">Un \u00e9xito en el que han jugado un papel fundamental las farmacias comunitarias y los 48.000 farmac\u00e9uticos que trabajan en las mismas. Farmac\u00e9uticos que, adem\u00e1s de contribuir al objetivo medioambiental de favorecer un tratamiento correcto de los residuos de medicamentos, contribuyen al objetivo sanitario de no acumular f\u00e1rmacos en el hogar, haciendo un uso adecuado de los mismos y favoreciendo la adherencia a los tratamientos. <\/span><\/p>\n<p class=\"p1\" style=\"text-align: right;\"><span class=\"s1\"><b><i>Jes\u00fas Aguilar<br \/>\n<\/i><\/b><\/span><em><span class=\"s1\">Vicepresidente de SIGRE\u00a0y\u00a0<\/span><\/em><span class=\"s1\"><i>Presidente del Consejo General de Colegios Oficiales de Farmac\u00e9uticos <\/i><\/span><\/p>\n","protected":false},"excerpt":{"rendered":"<p>15 a\u00f1os cuidando de la naturaleza SIGRE cumple quince a\u00f1os cuidando de la salud de la naturaleza. Tres lustros en los que ha logrado consolidar, con el impulso de todo el sector del medicamento, la cultura del correcto reciclaje en torno a los envases y restos de medicamentos entre la sociedad espa\u00f1ola. Un \u00e9xito en [&hellip;]<\/p>\n","protected":false},"author":7,"featured_media":0,"parent":2981,"menu_order":273,"comment_status":"closed","ping_status":"closed","template":"sigre-entrevista.php","meta":{"footnotes":""},"class_list":["post-3009","page","type-page","status-publish","hentry"],"_links":{"self":[{"href":"https:\/\/www.sigre.es\/boletin\/wp-json\/wp\/v2\/pages\/3009","targetHints":{"allow":["GET"]}}],"collection":[{"href":"https:\/\/www.sigre.es\/boletin\/wp-json\/wp\/v2\/pages"}],"about":[{"href":"https:\/\/www.sigre.es\/boletin\/wp-json\/wp\/v2\/types\/page"}],"author":[{"embeddable":true,"href":"https:\/\/www.sigre.es\/boletin\/wp-json\/wp\/v2\/users\/7"}],"replies":[{"embeddable":true,"href":"https:\/\/www.sigre.es\/boletin\/wp-json\/wp\/v2\/comments?post=3009"}],"version-history":[{"count":0,"href":"https:\/\/www.sigre.es\/boletin\/wp-json\/wp\/v2\/pages\/3009\/revisions"}],"up":[{"embeddable":true,"href":"https:\/\/www.sigre.es\/boletin\/wp-json\/wp\/v2\/pages\/2981"}],"wp:attachment":[{"href":"https:\/\/www.sigre.es\/boletin\/wp-json\/wp\/v2\/media?parent=3009"}],"curies":[{"name":"wp","href":"https:\/\/api.w.org\/{rel}","templated":true}]}}