{"id":2993,"date":"2016-11-21T17:33:35","date_gmt":"2016-11-21T16:33:35","guid":{"rendered":"https:\/\/www.sigre.es\/boletin\/?page_id=2993"},"modified":"2016-11-30T10:58:33","modified_gmt":"2016-11-30T09:58:33","slug":"declaraciones-2","status":"publish","type":"page","link":"https:\/\/www.sigre.es\/boletin\/sigre-informa-especial-15-aniversario\/declaraciones-2\/","title":{"rendered":"15 A\u00d1OS, 15 RECONOCIMIENTOS"},"content":{"rendered":"<div id=\"fb-root\"><\/div>\n<p class=\"p1\"><span class=\"s1\">En el decimoquinto aniversario de SIGRE, quiero felicitar a todos los que han hecho posible que, a d\u00eda de hoy, la recuperaci\u00f3n de los residuos de envases de medicamentos y de los restos de medicamentos sea una realidad cotidiana en nuestro entorno. <\/span><\/p>\n<p class=\"p1\"><span class=\"s1\">La participaci\u00f3n de las farmacias acerca los puntos de recogida y la informaci\u00f3n a los ciudadanos, al tiempo que la log\u00edstica inversa busca la eficiencia y la reducci\u00f3n de emisiones en el transporte. Todo ello, en el marco de un sistema que permite la colaboraci\u00f3n coordinada de farmacias, fabricantes de medicamentos, gestores de residuos \u00a0y ciudadanos; sin duda, la clave para el \u00e9xito de esta importante tarea emprendida por SIGRE. <\/span><\/p>\n<p class=\"p1\"><span class=\"s1\">Estoy seguro de que en los pr\u00f3ximos a\u00f1os, fruto de la colaboraci\u00f3n de todos los actores implicados, se seguir\u00e1 preservando la salud de las personas y el aprovechamiento de los recursos naturales, a trav\u00e9s de la continua mejora en la recogida de estos residuos. <\/span><\/p>\n<p class=\"p1\"><span class=\"s1\">Muchas gracias y muchas felicidades a SIGRE.<\/span><\/p>\n<p class=\"p2\" style=\"text-align: right;\"><span class=\"s1\">Un saludo<\/span><\/p>\n<p class=\"p1\" style=\"text-align: right;\"><strong><span class=\"s1\">Pablo Saavedra<br \/>\n<\/span><\/strong><em><span class=\"s2\">Secretario de Estado de Medio Ambiente<\/span><\/em><\/p>\n","protected":false},"excerpt":{"rendered":"<p>En el decimoquinto aniversario de SIGRE, quiero felicitar a todos los que han hecho posible que, a d\u00eda de hoy, la recuperaci\u00f3n de los residuos de envases de medicamentos y de los restos de medicamentos sea una realidad cotidiana en nuestro entorno. La participaci\u00f3n de las farmacias acerca los puntos de recogida y la informaci\u00f3n [&hellip;]<\/p>\n","protected":false},"author":7,"featured_media":0,"parent":2981,"menu_order":270,"comment_status":"closed","ping_status":"closed","template":"sigre-entrevista.php","meta":{"footnotes":""},"class_list":["post-2993","page","type-page","status-publish","hentry"],"_links":{"self":[{"href":"https:\/\/www.sigre.es\/boletin\/wp-json\/wp\/v2\/pages\/2993","targetHints":{"allow":["GET"]}}],"collection":[{"href":"https:\/\/www.sigre.es\/boletin\/wp-json\/wp\/v2\/pages"}],"about":[{"href":"https:\/\/www.sigre.es\/boletin\/wp-json\/wp\/v2\/types\/page"}],"author":[{"embeddable":true,"href":"https:\/\/www.sigre.es\/boletin\/wp-json\/wp\/v2\/users\/7"}],"replies":[{"embeddable":true,"href":"https:\/\/www.sigre.es\/boletin\/wp-json\/wp\/v2\/comments?post=2993"}],"version-history":[{"count":0,"href":"https:\/\/www.sigre.es\/boletin\/wp-json\/wp\/v2\/pages\/2993\/revisions"}],"up":[{"embeddable":true,"href":"https:\/\/www.sigre.es\/boletin\/wp-json\/wp\/v2\/pages\/2981"}],"wp:attachment":[{"href":"https:\/\/www.sigre.es\/boletin\/wp-json\/wp\/v2\/media?parent=2993"}],"curies":[{"name":"wp","href":"https:\/\/api.w.org\/{rel}","templated":true}]}}