{"id":2094,"date":"2015-12-12T12:51:46","date_gmt":"2015-12-12T11:51:46","guid":{"rendered":"https:\/\/www.sigre.es\/boletin\/sigre-informa-54\/entrevista\/"},"modified":"2015-12-15T11:36:33","modified_gmt":"2015-12-15T10:36:33","slug":"actualidad-2","status":"publish","type":"page","link":"https:\/\/www.sigre.es\/boletin\/sigre-informa-54\/actualidad-2\/","title":{"rendered":"ACTUALIDAD"},"content":{"rendered":"<div id=\"fb-root\"><\/div>\n<p>SIGRE presidir\u00e1 la reci\u00e9n creada Red Iberoamericana de Programas Posconsumo de Medicamentos, una organizaci\u00f3n que agrupa a los principales sistemas iberoamericanos de gesti\u00f3n de residuos de medicamentos. Los miembros fundadores de la Red han sido SIGRE (Espa\u00f1a), Corporaci\u00f3n Punto Azul (Colombia) y SINGREM A.C. (M\u00e9xico).<\/p>\n<p>Con la firma del acta de constituci\u00f3n de la Red Iberoamericana, se avanza en una de las primeras acciones contempladas en la <a href=\"https:\/\/www.sigre.es\/wp-content\/uploads\/2015\/06\/declaracion_cartagena.pdf\" target=\"_blank\">Declaraci\u00f3n de Cartagena de Indias<\/a>, que las tres entidades suscribieron el pasado mes de junio.<\/p>\n<p>La Declaraci\u00f3n de Cartagena tiene como objetivo que los diferentes Programas Posconsumo existentes, o que se vayan creando paulatinamente en Am\u00e9rica Latina por iniciativa de la industria farmac\u00e9utica, den respuestas comunes y eficaces en cada pa\u00eds al reciclado de los residuos de medicamentos que se generen en los hogares, para que favorezcan la protecci\u00f3n del medio ambiente y la salud de los ciudadanos.<\/p>\n<p>El modelo SIGRE, basado en la colaboraci\u00f3n entre laboratorios farmac\u00e9uticos, farmacias y empresas de distribuci\u00f3n del sector, se perfila como el modelo a seguir por los nuevos pa\u00edses que vayan a implantar estos Programas, como ya ha ocurrido en los casos de Colombia y M\u00e9xico, los dos primeros pa\u00edses de Am\u00e9rica Latina en desarrollarlos.<\/p>\n<p style=\"text-align: center;\"><a href=\"https:\/\/www.sigre.es\/boletin\/wp-content\/uploads\/2015\/12\/especial-rsc.jpg\" rel=\"attachment wp-att-2200\"><img loading=\"lazy\" decoding=\"async\" class=\"aligncenter size-full wp-image-2200\" src=\"https:\/\/www.sigre.es\/boletin\/wp-content\/uploads\/2015\/12\/especial-rsc.jpg\" alt=\"especial-rsc\" width=\"1200\" height=\"1006\" srcset=\"https:\/\/www.sigre.es\/boletin\/wp-content\/uploads\/2015\/12\/especial-rsc.jpg 1200w, https:\/\/www.sigre.es\/boletin\/wp-content\/uploads\/2015\/12\/especial-rsc-300x252.jpg 300w, https:\/\/www.sigre.es\/boletin\/wp-content\/uploads\/2015\/12\/especial-rsc-768x644.jpg 768w, https:\/\/www.sigre.es\/boletin\/wp-content\/uploads\/2015\/12\/especial-rsc-1024x858.jpg 1024w\" sizes=\"auto, (max-width: 1200px) 100vw, 1200px\" \/><\/a><\/p>\n","protected":false},"excerpt":{"rendered":"<p>SIGRE presidir\u00e1 la reci\u00e9n creada Red Iberoamericana de Programas Posconsumo de Medicamentos, una organizaci\u00f3n que agrupa a los principales sistemas iberoamericanos de gesti\u00f3n de residuos de medicamentos. Los miembros fundadores de la Red han sido SIGRE (Espa\u00f1a), Corporaci\u00f3n Punto Azul (Colombia) y SINGREM A.C. (M\u00e9xico). Con la firma del acta de constituci\u00f3n de la Red [&hellip;]<\/p>\n","protected":false},"author":7,"featured_media":0,"parent":2076,"menu_order":0,"comment_status":"closed","ping_status":"closed","template":"sigre-entrevista.php","meta":{"footnotes":""},"class_list":["post-2094","page","type-page","status-publish","hentry"],"_links":{"self":[{"href":"https:\/\/www.sigre.es\/boletin\/wp-json\/wp\/v2\/pages\/2094","targetHints":{"allow":["GET"]}}],"collection":[{"href":"https:\/\/www.sigre.es\/boletin\/wp-json\/wp\/v2\/pages"}],"about":[{"href":"https:\/\/www.sigre.es\/boletin\/wp-json\/wp\/v2\/types\/page"}],"author":[{"embeddable":true,"href":"https:\/\/www.sigre.es\/boletin\/wp-json\/wp\/v2\/users\/7"}],"replies":[{"embeddable":true,"href":"https:\/\/www.sigre.es\/boletin\/wp-json\/wp\/v2\/comments?post=2094"}],"version-history":[{"count":0,"href":"https:\/\/www.sigre.es\/boletin\/wp-json\/wp\/v2\/pages\/2094\/revisions"}],"up":[{"embeddable":true,"href":"https:\/\/www.sigre.es\/boletin\/wp-json\/wp\/v2\/pages\/2076"}],"wp:attachment":[{"href":"https:\/\/www.sigre.es\/boletin\/wp-json\/wp\/v2\/media?parent=2094"}],"curies":[{"name":"wp","href":"https:\/\/api.w.org\/{rel}","templated":true}]}}