{"id":2093,"date":"2015-12-12T12:51:46","date_gmt":"2015-12-12T11:51:46","guid":{"rendered":"https:\/\/www.sigre.es\/boletin\/sigre-informa-54\/biblioteca-sigre\/"},"modified":"2015-12-14T19:25:29","modified_gmt":"2015-12-14T18:25:29","slug":"biblioteca-sigre","status":"publish","type":"page","link":"https:\/\/www.sigre.es\/boletin\/sigre-informa-54\/biblioteca-sigre\/","title":{"rendered":"BIBLIOTECA SIGRE"},"content":{"rendered":"<div id=\"fb-root\"><\/div>\n<p>SIGRE ha editado la <a href=\"https:\/\/www.sigre.es\/wp-content\/uploads\/2015\/11\/Guia-Practica-Ecodiseno.pdf\" target=\"_blank\">Gu\u00eda de Ecodise\u00f1o para envases farmac\u00e9uticos<\/a>, un innovador documento que recoge informaci\u00f3n gr\u00e1fica y detallada para que los laboratorios puedan aplicar esta metodolog\u00eda que permite analizar los impactos ambientales que el envase puede generar a lo largo de su ciclo de vida.<\/p>\n<p>La \u201cGu\u00eda Pr\u00e1ctica de Ecodise\u00f1o en Envases Farmac\u00e9uticos\u201d est\u00e1 disponible en la <a href=\"https:\/\/www.sigre.es\/wp-content\/uploads\/2015\/11\/Guia-Practica-Ecodiseno.pdf\" target=\"_blank\">p\u00e1gina web de SIGRE<\/a>. En ella, se explica de forma breve y sencilla el concepto del ecodise\u00f1o y las diferentes ventajas que se obtienen de su aplicaci\u00f3n, siendo un instrumento perfecto para todos aquellos que quieran acercarse al ecodise\u00f1o y conocer sus m\u00faltiples ventajas.<\/p>\n<p style=\"text-align: center;\"><a href=\"https:\/\/www.sigre.es\/boletin\/wp-content\/uploads\/2015\/12\/Guia-Practica-Ecodiseno-Etapas.jpg\" rel=\"attachment wp-att-2098\"><img loading=\"lazy\" decoding=\"async\" class=\"aligncenter size-large wp-image-2098\" src=\"https:\/\/www.sigre.es\/boletin\/wp-content\/uploads\/2015\/12\/Guia-Practica-Ecodiseno-Etapas-1024x626.jpg\" alt=\"Guia-Practica-Ecodiseno-Etapas\" width=\"1024\" height=\"626\" srcset=\"https:\/\/www.sigre.es\/boletin\/wp-content\/uploads\/2015\/12\/Guia-Practica-Ecodiseno-Etapas-1024x626.jpg 1024w, https:\/\/www.sigre.es\/boletin\/wp-content\/uploads\/2015\/12\/Guia-Practica-Ecodiseno-Etapas-300x184.jpg 300w, https:\/\/www.sigre.es\/boletin\/wp-content\/uploads\/2015\/12\/Guia-Practica-Ecodiseno-Etapas-768x470.jpg 768w, https:\/\/www.sigre.es\/boletin\/wp-content\/uploads\/2015\/12\/Guia-Practica-Ecodiseno-Etapas.jpg 1200w\" sizes=\"auto, (max-width: 1024px) 100vw, 1024px\" \/><\/a><\/p>\n<p>Con la publicaci\u00f3n de esta Gu\u00eda, SIGRE contribuye a mejorar la labor que la industria est\u00e1 llevando a cabo en materia de prevenci\u00f3n de envases y a reforzar los valores del envase del medicamento, dejando patente el compromiso del sector farmac\u00e9utico con la innovaci\u00f3n y la responsabilidad social.<\/p>\n","protected":false},"excerpt":{"rendered":"<p>SIGRE ha editado la Gu\u00eda de Ecodise\u00f1o para envases farmac\u00e9uticos, un innovador documento que recoge informaci\u00f3n gr\u00e1fica y detallada para que los laboratorios puedan aplicar esta metodolog\u00eda que permite analizar los impactos ambientales que el envase puede generar a lo largo de su ciclo de vida. La \u201cGu\u00eda Pr\u00e1ctica de Ecodise\u00f1o en Envases Farmac\u00e9uticos\u201d est\u00e1 [&hellip;]<\/p>\n","protected":false},"author":7,"featured_media":0,"parent":2076,"menu_order":229,"comment_status":"closed","ping_status":"closed","template":"articulo1.php","meta":{"footnotes":""},"class_list":["post-2093","page","type-page","status-publish","hentry"],"_links":{"self":[{"href":"https:\/\/www.sigre.es\/boletin\/wp-json\/wp\/v2\/pages\/2093","targetHints":{"allow":["GET"]}}],"collection":[{"href":"https:\/\/www.sigre.es\/boletin\/wp-json\/wp\/v2\/pages"}],"about":[{"href":"https:\/\/www.sigre.es\/boletin\/wp-json\/wp\/v2\/types\/page"}],"author":[{"embeddable":true,"href":"https:\/\/www.sigre.es\/boletin\/wp-json\/wp\/v2\/users\/7"}],"replies":[{"embeddable":true,"href":"https:\/\/www.sigre.es\/boletin\/wp-json\/wp\/v2\/comments?post=2093"}],"version-history":[{"count":0,"href":"https:\/\/www.sigre.es\/boletin\/wp-json\/wp\/v2\/pages\/2093\/revisions"}],"up":[{"embeddable":true,"href":"https:\/\/www.sigre.es\/boletin\/wp-json\/wp\/v2\/pages\/2076"}],"wp:attachment":[{"href":"https:\/\/www.sigre.es\/boletin\/wp-json\/wp\/v2\/media?parent=2093"}],"curies":[{"name":"wp","href":"https:\/\/api.w.org\/{rel}","templated":true}]}}