{"id":2092,"date":"2015-12-12T12:51:46","date_gmt":"2015-12-12T11:51:46","guid":{"rendered":"https:\/\/www.sigre.es\/boletin\/sigre-informa-54\/editorial\/"},"modified":"2015-12-14T13:01:40","modified_gmt":"2015-12-14T12:01:40","slug":"editorial","status":"publish","type":"page","link":"https:\/\/www.sigre.es\/boletin\/sigre-informa-54\/editorial\/","title":{"rendered":"EDITORIAL"},"content":{"rendered":"<div id=\"fb-root\"><\/div>\n<p>Muchas son las razones por las que el envase de un medicamento le aporta valor. La primera de ellas, porque protege al propio medicamento para que llegue en \u00f3ptimas condiciones al paciente.<\/p>\n<p>La segunda, porque suministra informaci\u00f3n b\u00e1sica para que el paciente pueda hacer un correcto uso y una adecuada conservaci\u00f3n de ese medicamento.<\/p>\n<p>Y, la tercera, porque contribuye a garantizar la trazabilidad y leg\u00edtima procedencia de ese medicamento, velando as\u00ed por los derechos del consumidor y defendi\u00e9ndole de posibles falsificaciones.<\/p>\n<p>Durante los \u00faltimos a\u00f1os, la industria farmac\u00e9utica est\u00e1 realizando un extraordinario esfuerzo por dise\u00f1ar y utilizar envases cada vez m\u00e1s sostenibles, mostrando as\u00ed su compromiso y preocupaci\u00f3n por el cuidado del medio ambiente.<\/p>\n<p>Con la edici\u00f3n de la \u201cGu\u00eda pr\u00e1ctica de ecodise\u00f1o en envases farmac\u00e9uticos\u201d, SIGRE quiere dar un paso m\u00e1s y proporcionar al sector una visi\u00f3n global de las l\u00edneas de actuaci\u00f3n que se pueden desarrollar, a lo largo del ciclo de vida del envase, para mejorar su sostenibilidad.<\/p>\n<p>Esperamos que este significativo avance favorezca la incorporaci\u00f3n de nuevos atributos ambientales a los envases de medicamentos y contribuya a reforzar el valor del medicamento.<\/p>\n","protected":false},"excerpt":{"rendered":"<p>Muchas son las razones por las que el envase de un medicamento le aporta valor. La primera de ellas, porque protege al propio medicamento para que llegue en \u00f3ptimas condiciones al paciente. La segunda, porque suministra informaci\u00f3n b\u00e1sica para que el paciente pueda hacer un correcto uso y una adecuada conservaci\u00f3n de ese medicamento. Y, [&hellip;]<\/p>\n","protected":false},"author":7,"featured_media":0,"parent":2076,"menu_order":234,"comment_status":"closed","ping_status":"closed","template":"articulo1.php","meta":{"footnotes":""},"class_list":["post-2092","page","type-page","status-publish","hentry"],"_links":{"self":[{"href":"https:\/\/www.sigre.es\/boletin\/wp-json\/wp\/v2\/pages\/2092","targetHints":{"allow":["GET"]}}],"collection":[{"href":"https:\/\/www.sigre.es\/boletin\/wp-json\/wp\/v2\/pages"}],"about":[{"href":"https:\/\/www.sigre.es\/boletin\/wp-json\/wp\/v2\/types\/page"}],"author":[{"embeddable":true,"href":"https:\/\/www.sigre.es\/boletin\/wp-json\/wp\/v2\/users\/7"}],"replies":[{"embeddable":true,"href":"https:\/\/www.sigre.es\/boletin\/wp-json\/wp\/v2\/comments?post=2092"}],"version-history":[{"count":0,"href":"https:\/\/www.sigre.es\/boletin\/wp-json\/wp\/v2\/pages\/2092\/revisions"}],"up":[{"embeddable":true,"href":"https:\/\/www.sigre.es\/boletin\/wp-json\/wp\/v2\/pages\/2076"}],"wp:attachment":[{"href":"https:\/\/www.sigre.es\/boletin\/wp-json\/wp\/v2\/media?parent=2092"}],"curies":[{"name":"wp","href":"https:\/\/api.w.org\/{rel}","templated":true}]}}