{"id":2090,"date":"2015-12-12T12:51:46","date_gmt":"2015-12-12T11:51:46","guid":{"rendered":"https:\/\/www.sigre.es\/boletin\/sigre-informa-54\/rsc-2\/"},"modified":"2015-12-14T19:28:47","modified_gmt":"2015-12-14T18:28:47","slug":"rsc-2","status":"publish","type":"page","link":"https:\/\/www.sigre.es\/boletin\/sigre-informa-54\/rsc-2\/","title":{"rendered":"RSC"},"content":{"rendered":"<div id=\"fb-root\"><\/div>\n<p>Las organizaciones punteras en materia de sostenibilidad en Espa\u00f1a, que forman parte del Comit\u00e9 Ejecutivo de la Red Espa\u00f1ola del Pacto Mundial, mantuvieron el pasado 29 de octubre una reuni\u00f3n de trabajo con Ban Ki-moon, Secretario General de Naciones Unidas.<\/p>\n<p style=\"text-align: center;\"><a href=\"https:\/\/www.sigre.es\/boletin\/wp-content\/uploads\/2015\/12\/Ban_Ki-moon.jpg\"><img loading=\"lazy\" decoding=\"async\" class=\"aligncenter wp-image-2122\" src=\"https:\/\/www.sigre.es\/boletin\/wp-content\/uploads\/2015\/12\/Ban_Ki-moon-300x138.jpg\" alt=\"Ban_Ki-moon\" width=\"500\" height=\"230\" srcset=\"https:\/\/www.sigre.es\/boletin\/wp-content\/uploads\/2015\/12\/Ban_Ki-moon-300x138.jpg 300w, https:\/\/www.sigre.es\/boletin\/wp-content\/uploads\/2015\/12\/Ban_Ki-moon-768x353.jpg 768w, https:\/\/www.sigre.es\/boletin\/wp-content\/uploads\/2015\/12\/Ban_Ki-moon-1024x470.jpg 1024w, https:\/\/www.sigre.es\/boletin\/wp-content\/uploads\/2015\/12\/Ban_Ki-moon.jpg 1200w\" sizes=\"auto, (max-width: 500px) 100vw, 500px\" \/><\/a><span style=\"color: #808080;\">Imagen de la reuni\u00f3n de trabajo con Ban Ki-moon, a la que asisti\u00f3 SIGRE.<\/span><\/p>\n<p>En el encuentro, que coincide con el 60 aniversario de Espa\u00f1a en la ONU, Ban Ki-moon present\u00f3 formalmente la Agenda de Desarrollo Sostenible aprobada en septiembre, que incluye un conjunto de 17 Objetivos de Desarrollo Sostenible (ODS) para poner fin a la pobreza, luchar contra la desigualdad y la injusticia y hacer frente al cambio clim\u00e1tico.<\/p>\n<p style=\"text-align: center;\"><a href=\"https:\/\/www.sigre.es\/boletin\/wp-content\/uploads\/2015\/12\/Juan-Carlos-Mampaso_Ban_Ki-moon.jpg\" rel=\"attachment wp-att-2119\"><img loading=\"lazy\" decoding=\"async\" class=\"aligncenter wp-image-2119\" src=\"https:\/\/www.sigre.es\/boletin\/wp-content\/uploads\/2015\/12\/Juan-Carlos-Mampaso_Ban_Ki-moon-259x300.jpg\" alt=\"Juan-Carlos-Mampaso_Ban_Ki-moon\" width=\"400\" height=\"464\" srcset=\"https:\/\/www.sigre.es\/boletin\/wp-content\/uploads\/2015\/12\/Juan-Carlos-Mampaso_Ban_Ki-moon-259x300.jpg 259w, https:\/\/www.sigre.es\/boletin\/wp-content\/uploads\/2015\/12\/Juan-Carlos-Mampaso_Ban_Ki-moon.jpg 615w\" sizes=\"auto, (max-width: 400px) 100vw, 400px\" \/><\/a><span style=\"color: #808080;\">Juan Carlos Mampaso, Director General de SIGRE,<\/span><br \/>\n<span style=\"color: #808080;\"> saludando a Ban Ki-moon,Secretario General de Naciones Unidas.<\/span><\/p>\n<p>Durante esta jornada de trabajo, se destac\u00f3 el importante papel que deben asumir las empresas para el cumplimiento de estos Objetivos, contribuyendo con su actividad a erradicar la pobreza y lograr un verdadero desarrollo sostenible.<\/p>\n","protected":false},"excerpt":{"rendered":"<p>Las organizaciones punteras en materia de sostenibilidad en Espa\u00f1a, que forman parte del Comit\u00e9 Ejecutivo de la Red Espa\u00f1ola del Pacto Mundial, mantuvieron el pasado 29 de octubre una reuni\u00f3n de trabajo con Ban Ki-moon, Secretario General de Naciones Unidas. Imagen de la reuni\u00f3n de trabajo con Ban Ki-moon, a la que asisti\u00f3 SIGRE. En [&hellip;]<\/p>\n","protected":false},"author":7,"featured_media":0,"parent":2076,"menu_order":236,"comment_status":"closed","ping_status":"closed","template":"articulo1.php","meta":{"footnotes":""},"class_list":["post-2090","page","type-page","status-publish","hentry"],"_links":{"self":[{"href":"https:\/\/www.sigre.es\/boletin\/wp-json\/wp\/v2\/pages\/2090","targetHints":{"allow":["GET"]}}],"collection":[{"href":"https:\/\/www.sigre.es\/boletin\/wp-json\/wp\/v2\/pages"}],"about":[{"href":"https:\/\/www.sigre.es\/boletin\/wp-json\/wp\/v2\/types\/page"}],"author":[{"embeddable":true,"href":"https:\/\/www.sigre.es\/boletin\/wp-json\/wp\/v2\/users\/7"}],"replies":[{"embeddable":true,"href":"https:\/\/www.sigre.es\/boletin\/wp-json\/wp\/v2\/comments?post=2090"}],"version-history":[{"count":0,"href":"https:\/\/www.sigre.es\/boletin\/wp-json\/wp\/v2\/pages\/2090\/revisions"}],"up":[{"embeddable":true,"href":"https:\/\/www.sigre.es\/boletin\/wp-json\/wp\/v2\/pages\/2076"}],"wp:attachment":[{"href":"https:\/\/www.sigre.es\/boletin\/wp-json\/wp\/v2\/media?parent=2090"}],"curies":[{"name":"wp","href":"https:\/\/api.w.org\/{rel}","templated":true}]}}