{"id":2088,"date":"2015-12-12T12:51:46","date_gmt":"2015-12-12T11:51:46","guid":{"rendered":"https:\/\/www.sigre.es\/boletin\/sigre-informa-54\/legislacion\/"},"modified":"2015-12-14T15:35:17","modified_gmt":"2015-12-14T14:35:17","slug":"legislacion","status":"publish","type":"page","link":"https:\/\/www.sigre.es\/boletin\/sigre-informa-54\/legislacion\/","title":{"rendered":"LEGISLACI\u00d3N"},"content":{"rendered":"<div id=\"fb-root\"><\/div>\n<p>El pasado mes de noviembre, el Consejo de Ministros aprob\u00f3, a propuesta del Ministerio de Agricultura, Alimentaci\u00f3n y Medio Ambiente, el Plan Estatal Marco de Gesti\u00f3n de Residuos (PEMAR) 2016-2022, que establece las l\u00edneas estrat\u00e9gicas para la gesti\u00f3n de los residuos en los pr\u00f3ximos seis a\u00f1os y las medidas necesarias para cumplir los objetivos comunitarios en esta materia.<\/p>\n<p style=\"text-align: center;\"><a href=\"https:\/\/www.sigre.es\/boletin\/wp-content\/uploads\/2015\/12\/Ministerio_de_Agricultura.jpg\" rel=\"attachment wp-att-2133\"><img loading=\"lazy\" decoding=\"async\" class=\"aligncenter wp-image-2133\" src=\"https:\/\/www.sigre.es\/boletin\/wp-content\/uploads\/2015\/12\/Ministerio_de_Agricultura-300x170.jpg\" alt=\"Ministerio_de_Agricultura\" width=\"500\" height=\"283\" srcset=\"https:\/\/www.sigre.es\/boletin\/wp-content\/uploads\/2015\/12\/Ministerio_de_Agricultura-300x170.jpg 300w, https:\/\/www.sigre.es\/boletin\/wp-content\/uploads\/2015\/12\/Ministerio_de_Agricultura-768x435.jpg 768w, https:\/\/www.sigre.es\/boletin\/wp-content\/uploads\/2015\/12\/Ministerio_de_Agricultura-1024x579.jpg 1024w, https:\/\/www.sigre.es\/boletin\/wp-content\/uploads\/2015\/12\/Ministerio_de_Agricultura.jpg 1200w\" sizes=\"auto, (max-width: 500px) 100vw, 500px\" \/><\/a><\/p>\n<p>Se trata de un instrumento clave para aplicar la jerarqu\u00eda de gesti\u00f3n de residuos y para avanzar hacia la denominada econom\u00eda circular, que reincorpora al proceso productivo los materiales que contienen los residuos para la elaboraci\u00f3n de nuevos productos.<\/p>\n<p>Entre sus objetivos, destacan el fortalecimiento de las pol\u00edticas de prevenci\u00f3n, el incremento del reciclado de los residuos dom\u00e9sticos y la obligaci\u00f3n de una mayor y mejor comunicaci\u00f3n y sensibilizaci\u00f3n.<\/p>\n","protected":false},"excerpt":{"rendered":"<p>El pasado mes de noviembre, el Consejo de Ministros aprob\u00f3, a propuesta del Ministerio de Agricultura, Alimentaci\u00f3n y Medio Ambiente, el Plan Estatal Marco de Gesti\u00f3n de Residuos (PEMAR) 2016-2022, que establece las l\u00edneas estrat\u00e9gicas para la gesti\u00f3n de los residuos en los pr\u00f3ximos seis a\u00f1os y las medidas necesarias para cumplir los objetivos comunitarios [&hellip;]<\/p>\n","protected":false},"author":7,"featured_media":0,"parent":2076,"menu_order":239,"comment_status":"closed","ping_status":"closed","template":"articulo1.php","meta":{"footnotes":""},"class_list":["post-2088","page","type-page","status-publish","hentry"],"_links":{"self":[{"href":"https:\/\/www.sigre.es\/boletin\/wp-json\/wp\/v2\/pages\/2088","targetHints":{"allow":["GET"]}}],"collection":[{"href":"https:\/\/www.sigre.es\/boletin\/wp-json\/wp\/v2\/pages"}],"about":[{"href":"https:\/\/www.sigre.es\/boletin\/wp-json\/wp\/v2\/types\/page"}],"author":[{"embeddable":true,"href":"https:\/\/www.sigre.es\/boletin\/wp-json\/wp\/v2\/users\/7"}],"replies":[{"embeddable":true,"href":"https:\/\/www.sigre.es\/boletin\/wp-json\/wp\/v2\/comments?post=2088"}],"version-history":[{"count":0,"href":"https:\/\/www.sigre.es\/boletin\/wp-json\/wp\/v2\/pages\/2088\/revisions"}],"up":[{"embeddable":true,"href":"https:\/\/www.sigre.es\/boletin\/wp-json\/wp\/v2\/pages\/2076"}],"wp:attachment":[{"href":"https:\/\/www.sigre.es\/boletin\/wp-json\/wp\/v2\/media?parent=2088"}],"curies":[{"name":"wp","href":"https:\/\/api.w.org\/{rel}","templated":true}]}}