{"id":2087,"date":"2015-12-12T12:51:46","date_gmt":"2015-12-12T11:51:46","guid":{"rendered":"https:\/\/www.sigre.es\/boletin\/sigre-informa-54\/estudio-de-opinion\/"},"modified":"2015-12-14T15:32:11","modified_gmt":"2015-12-14T14:32:11","slug":"estudio-de-opinion","status":"publish","type":"page","link":"https:\/\/www.sigre.es\/boletin\/sigre-informa-54\/estudio-de-opinion\/","title":{"rendered":"ESTUDIO DE OPINI\u00d3N"},"content":{"rendered":"<div id=\"fb-root\"><\/div>\n<p style=\"text-align: center;\"><a href=\"https:\/\/www.sigre.es\/boletin\/wp-content\/uploads\/2015\/12\/sondeo_opinion_gran.jpg\" rel=\"attachment wp-att-2206\"><img loading=\"lazy\" decoding=\"async\" class=\"aligncenter size-full wp-image-2206\" src=\"https:\/\/www.sigre.es\/boletin\/wp-content\/uploads\/2015\/12\/sondeo_opinion_gran.jpg\" alt=\"sondeo_opinion_gran\" width=\"1024\" height=\"626\" srcset=\"https:\/\/www.sigre.es\/boletin\/wp-content\/uploads\/2015\/12\/sondeo_opinion_gran.jpg 1024w, https:\/\/www.sigre.es\/boletin\/wp-content\/uploads\/2015\/12\/sondeo_opinion_gran-300x183.jpg 300w, https:\/\/www.sigre.es\/boletin\/wp-content\/uploads\/2015\/12\/sondeo_opinion_gran-768x470.jpg 768w\" sizes=\"auto, (max-width: 1024px) 100vw, 1024px\" \/><\/a><\/p>\n<p>Los ciudadanos son los principales destinatarios de la actividad de SIGRE, puesto que son ellos, al finalizar un tratamiento o al revisar su botiqu\u00edn dom\u00e9stico, los responsables de llevar al Punto SIGRE de la farmacia los envases vac\u00edos y los restos de medicamentos, poniendo as\u00ed en marcha todo el engranaje que el sector farmac\u00e9utico ha dispuesto para garantizar el correcto tratamiento medioambiental de estos residuos.<\/p>\n<p>De acuerdo con el \u00faltimo sondeo de opini\u00f3n realizado por SIGRE, un 94% de los encuestados afirma que tirar los restos de medicamentos a la basura o por el desag\u00fce es perjudicial para el medio ambiente y un 95% considera que la ubicaci\u00f3n del Punto SIGRE en la farmacia es la id\u00f3nea.<\/p>\n<p><a href=\"https:\/\/www.sigre.es\/boletin\/wp-content\/uploads\/2015\/12\/graf1b.jpg\" rel=\"attachment wp-att-2233\"><img loading=\"lazy\" decoding=\"async\" class=\"aligncenter wp-image-2235\" src=\"https:\/\/www.sigre.es\/boletin\/wp-content\/uploads\/2015\/12\/graf1b-300x183.jpg\" alt=\"\" width=\"500\" height=\"306\" srcset=\"https:\/\/www.sigre.es\/boletin\/wp-content\/uploads\/2015\/12\/graf1b-300x183.jpg 300w, https:\/\/www.sigre.es\/boletin\/wp-content\/uploads\/2015\/12\/graf1b-768x470.jpg 768w, https:\/\/www.sigre.es\/boletin\/wp-content\/uploads\/2015\/12\/graf1b.jpg 772w\" sizes=\"auto, (max-width: 500px) 100vw, 500px\" \/><\/a><span class=\"aligncenter size-full wp-image-2233\" style=\"color: #808080;\">El ciudadano est\u00e1 sensibilizado sobre la importancia de ofrecer un tratamiento medioambiental a los residuos de medicamentos. El 94% indica que arrojarlos a la basura es perjudicial para el medio ambiente<\/span><\/p>\n<p>&nbsp;<\/p>\n<p><a href=\"https:\/\/www.sigre.es\/boletin\/wp-content\/uploads\/2015\/12\/graf2.jpg\" rel=\"attachment wp-att-2237\"><img loading=\"lazy\" decoding=\"async\" class=\"aligncenter wp-image-2237\" src=\"https:\/\/www.sigre.es\/boletin\/wp-content\/uploads\/2015\/12\/graf2.jpg\" alt=\"graf2\" width=\"500\" height=\"192\" srcset=\"https:\/\/www.sigre.es\/boletin\/wp-content\/uploads\/2015\/12\/graf2.jpg 772w, https:\/\/www.sigre.es\/boletin\/wp-content\/uploads\/2015\/12\/graf2-300x115.jpg 300w, https:\/\/www.sigre.es\/boletin\/wp-content\/uploads\/2015\/12\/graf2-768x294.jpg 768w\" sizes=\"auto, (max-width: 500px) 100vw, 500px\" \/><\/a><span style=\"color: #808080;\">Un 95% de encuestados opina que la ubicaci\u00f3n del Punto SIGRE debe ser la oficina de farmacia<\/span><\/p>\n<p>Las conclusiones del estudio tambi\u00e9n muestran la progresiva concienciaci\u00f3n ciudadana en cuanto al uso responsable de los medicamentos. As\u00ed, 9 de cada 10 encuestados afirman comprobar la fecha de caducidad de un medicamento antes de utilizarlo y el 70% considera que auto-medicarse con restos de medicamentos sobrantes de un tratamiento anterior puede entra\u00f1ar alg\u00fan riesgo para su salud.<\/p>\n<p>A pesar de ello, tambi\u00e9n hay algunos aspectos de mejora: cuando el ciudadano utiliza medicamentos que guarda en el botiqu\u00edn dom\u00e9stico, tan s\u00f3lo un 56% consulta el prospecto para comprobar la dosis correcta o, incluso, si es el indicado para la afecci\u00f3n que tiene en ese momento.<\/p>\n<p><strong>\u00a0<\/strong>Por este motivo, SIGRE contin\u00faa sensibilizando a la opini\u00f3n p\u00fablica, a trav\u00e9s de sus <a href=\"https:\/\/www.sigre.es\/consejos-recomendaciones\/botiquin\/\" target=\"_blank\">campa\u00f1as y de los mensajes que difunde<\/a>, sobre la importancia de cumplir siempre los tratamientos y de revisar, al menos una vez al a\u00f1o, el botiqu\u00edn dom\u00e9stico.<\/p>\n","protected":false},"excerpt":{"rendered":"<p>Los ciudadanos son los principales destinatarios de la actividad de SIGRE, puesto que son ellos, al finalizar un tratamiento o al revisar su botiqu\u00edn dom\u00e9stico, los responsables de llevar al Punto SIGRE de la farmacia los envases vac\u00edos y los restos de medicamentos, poniendo as\u00ed en marcha todo el engranaje que el sector farmac\u00e9utico ha [&hellip;]<\/p>\n","protected":false},"author":7,"featured_media":0,"parent":2076,"menu_order":241,"comment_status":"closed","ping_status":"closed","template":"articulo1.php","meta":{"footnotes":""},"class_list":["post-2087","page","type-page","status-publish","hentry"],"_links":{"self":[{"href":"https:\/\/www.sigre.es\/boletin\/wp-json\/wp\/v2\/pages\/2087","targetHints":{"allow":["GET"]}}],"collection":[{"href":"https:\/\/www.sigre.es\/boletin\/wp-json\/wp\/v2\/pages"}],"about":[{"href":"https:\/\/www.sigre.es\/boletin\/wp-json\/wp\/v2\/types\/page"}],"author":[{"embeddable":true,"href":"https:\/\/www.sigre.es\/boletin\/wp-json\/wp\/v2\/users\/7"}],"replies":[{"embeddable":true,"href":"https:\/\/www.sigre.es\/boletin\/wp-json\/wp\/v2\/comments?post=2087"}],"version-history":[{"count":0,"href":"https:\/\/www.sigre.es\/boletin\/wp-json\/wp\/v2\/pages\/2087\/revisions"}],"up":[{"embeddable":true,"href":"https:\/\/www.sigre.es\/boletin\/wp-json\/wp\/v2\/pages\/2076"}],"wp:attachment":[{"href":"https:\/\/www.sigre.es\/boletin\/wp-json\/wp\/v2\/media?parent=2087"}],"curies":[{"name":"wp","href":"https:\/\/api.w.org\/{rel}","templated":true}]}}