{"id":2086,"date":"2015-12-12T12:51:46","date_gmt":"2015-12-12T11:51:46","guid":{"rendered":"https:\/\/www.sigre.es\/boletin\/sigre-informa-54\/congresos-y-jornadas-3\/"},"modified":"2015-12-14T15:40:35","modified_gmt":"2015-12-14T14:40:35","slug":"congresos-y-jornadas-3","status":"publish","type":"page","link":"https:\/\/www.sigre.es\/boletin\/sigre-informa-54\/congresos-y-jornadas-3\/","title":{"rendered":"CONGRESOS Y JORNADAS"},"content":{"rendered":"<div id=\"fb-root\"><\/div>\n<p>SIGRE ha coorganizado el evento internacional Talking Pack, que tuvo como lema &#8216;una perspectiva circular&#8217;. En esta primera edici\u00f3n, se ha abordado desde diferentes puntos de vista la econom\u00eda circular como nuevo paradigma de negocio para cualquier empresa.<\/p>\n<p style=\"text-align: center;\"><a href=\"https:\/\/www.sigre.es\/boletin\/wp-content\/uploads\/2015\/12\/Emili-Esteve.jpg\" rel=\"attachment wp-att-2157\"><img loading=\"lazy\" decoding=\"async\" class=\"aligncenter wp-image-2157\" src=\"https:\/\/www.sigre.es\/boletin\/wp-content\/uploads\/2015\/12\/Emili-Esteve.jpg\" alt=\"Emili-Esteve\" width=\"500\" height=\"312\" srcset=\"https:\/\/www.sigre.es\/boletin\/wp-content\/uploads\/2015\/12\/Emili-Esteve.jpg 886w, https:\/\/www.sigre.es\/boletin\/wp-content\/uploads\/2015\/12\/Emili-Esteve-300x187.jpg 300w, https:\/\/www.sigre.es\/boletin\/wp-content\/uploads\/2015\/12\/Emili-Esteve-768x478.jpg 768w\" sizes=\"auto, (max-width: 500px) 100vw, 500px\" \/><\/a><span style=\"color: #808080;\">Emili Esteve, Director del Departamento T\u00e9cnico de FARMAINDUSTRIA, en el centro de la imagen.<\/span><\/p>\n<p>Durante la jornada, que cont\u00f3 con la participaci\u00f3n del Director del Departamento T\u00e9cnico de FARMAINDUSTRIA, Emili Esteve, se puso de manifiesto c\u00f3mo la industria farmac\u00e9utica ha apostado por integrar la sostenibilidad en su modelo de negocio y como ha aplicado la idea de econom\u00eda circular en la gesti\u00f3n de residuos de medicamentos y sus envases de origen dom\u00e9stico a trav\u00e9s de SIGRE.<\/p>\n<p>En su intervenci\u00f3n, Esteve se\u00f1al\u00f3: \u201c<em>la industria farmac\u00e9utica es el sector industrial que m\u00e1s invierte en I+D, dise\u00f1ando envases que incorporan nuevos atributos ambientales y refuerzan el valor del medicamento. En nuestro sector, cuando pensamos en un medicamento, pensamos en todo el proceso para dar un salto cualitativo en el servicio al paciente<\/em><em>\u201d.<\/em><\/p>\n","protected":false},"excerpt":{"rendered":"<p>SIGRE ha coorganizado el evento internacional Talking Pack, que tuvo como lema &#8216;una perspectiva circular&#8217;. En esta primera edici\u00f3n, se ha abordado desde diferentes puntos de vista la econom\u00eda circular como nuevo paradigma de negocio para cualquier empresa. Emili Esteve, Director del Departamento T\u00e9cnico de FARMAINDUSTRIA, en el centro de la imagen. Durante la jornada, [&hellip;]<\/p>\n","protected":false},"author":7,"featured_media":0,"parent":2076,"menu_order":242,"comment_status":"closed","ping_status":"closed","template":"articulo1.php","meta":{"footnotes":""},"class_list":["post-2086","page","type-page","status-publish","hentry"],"_links":{"self":[{"href":"https:\/\/www.sigre.es\/boletin\/wp-json\/wp\/v2\/pages\/2086","targetHints":{"allow":["GET"]}}],"collection":[{"href":"https:\/\/www.sigre.es\/boletin\/wp-json\/wp\/v2\/pages"}],"about":[{"href":"https:\/\/www.sigre.es\/boletin\/wp-json\/wp\/v2\/types\/page"}],"author":[{"embeddable":true,"href":"https:\/\/www.sigre.es\/boletin\/wp-json\/wp\/v2\/users\/7"}],"replies":[{"embeddable":true,"href":"https:\/\/www.sigre.es\/boletin\/wp-json\/wp\/v2\/comments?post=2086"}],"version-history":[{"count":0,"href":"https:\/\/www.sigre.es\/boletin\/wp-json\/wp\/v2\/pages\/2086\/revisions"}],"up":[{"embeddable":true,"href":"https:\/\/www.sigre.es\/boletin\/wp-json\/wp\/v2\/pages\/2076"}],"wp:attachment":[{"href":"https:\/\/www.sigre.es\/boletin\/wp-json\/wp\/v2\/media?parent=2086"}],"curies":[{"name":"wp","href":"https:\/\/api.w.org\/{rel}","templated":true}]}}