{"id":2084,"date":"2015-12-12T12:51:46","date_gmt":"2015-12-12T11:51:46","guid":{"rendered":"https:\/\/www.sigre.es\/boletin\/sigre-informa-54\/actualidad\/"},"modified":"2015-12-14T15:44:36","modified_gmt":"2015-12-14T14:44:36","slug":"actualidad","status":"publish","type":"page","link":"https:\/\/www.sigre.es\/boletin\/sigre-informa-54\/actualidad\/","title":{"rendered":"ACTUALIDAD"},"content":{"rendered":"<div id=\"fb-root\"><\/div>\n<p>La Junta Directiva de la Secci\u00f3n Centro de la Asociaci\u00f3n Espa\u00f1ola de Farmac\u00e9uticos de la Industria (AEFI) visit\u00f3, el pasado 14 de noviembre, la Planta de Tratamiento de Envases y Residuos de Medicamentos de SIGRE.<\/p>\n<p>Los miembros de la Junta Directiva comprobaron de primera mano las innovaciones tecnol\u00f3gicas de las que dispone esta instalaci\u00f3n que, en muy pocos a\u00f1os, se ha convertido en el punto de referencia para el tratamiento medioambiental de los envases y residuos de medicamentos.<\/p>\n<p style=\"text-align: center;\"><a href=\"https:\/\/www.sigre.es\/boletin\/wp-content\/uploads\/2015\/12\/AEFI_SIGRE.jpg\" rel=\"attachment wp-att-2167\"><img loading=\"lazy\" decoding=\"async\" class=\"aligncenter wp-image-2167\" src=\"https:\/\/www.sigre.es\/boletin\/wp-content\/uploads\/2015\/12\/AEFI_SIGRE.jpg\" alt=\"AEFI_SIGRE\" width=\"500\" height=\"264\" srcset=\"https:\/\/www.sigre.es\/boletin\/wp-content\/uploads\/2015\/12\/AEFI_SIGRE.jpg 1024w, https:\/\/www.sigre.es\/boletin\/wp-content\/uploads\/2015\/12\/AEFI_SIGRE-300x158.jpg 300w, https:\/\/www.sigre.es\/boletin\/wp-content\/uploads\/2015\/12\/AEFI_SIGRE-768x405.jpg 768w\" sizes=\"auto, (max-width: 500px) 100vw, 500px\" \/><\/a><span style=\"color: #808080;\">Miembros de AEFI, SIGRE y Biotran posando junto a la Planta.<\/span><\/p>\n<p>La singularidad y automatizaci\u00f3n de sus procesos han permitido obtener unos magn\u00edficos resultados medioambientales y han situado a la industria farmac\u00e9utica de nuestro pa\u00eds a la vanguardia en la gesti\u00f3n ambiental de estos residuos.<\/p>\n","protected":false},"excerpt":{"rendered":"<p>La Junta Directiva de la Secci\u00f3n Centro de la Asociaci\u00f3n Espa\u00f1ola de Farmac\u00e9uticos de la Industria (AEFI) visit\u00f3, el pasado 14 de noviembre, la Planta de Tratamiento de Envases y Residuos de Medicamentos de SIGRE. Los miembros de la Junta Directiva comprobaron de primera mano las innovaciones tecnol\u00f3gicas de las que dispone esta instalaci\u00f3n que, [&hellip;]<\/p>\n","protected":false},"author":7,"featured_media":0,"parent":2076,"menu_order":245,"comment_status":"closed","ping_status":"closed","template":"articulo1.php","meta":{"footnotes":""},"class_list":["post-2084","page","type-page","status-publish","hentry"],"_links":{"self":[{"href":"https:\/\/www.sigre.es\/boletin\/wp-json\/wp\/v2\/pages\/2084","targetHints":{"allow":["GET"]}}],"collection":[{"href":"https:\/\/www.sigre.es\/boletin\/wp-json\/wp\/v2\/pages"}],"about":[{"href":"https:\/\/www.sigre.es\/boletin\/wp-json\/wp\/v2\/types\/page"}],"author":[{"embeddable":true,"href":"https:\/\/www.sigre.es\/boletin\/wp-json\/wp\/v2\/users\/7"}],"replies":[{"embeddable":true,"href":"https:\/\/www.sigre.es\/boletin\/wp-json\/wp\/v2\/comments?post=2084"}],"version-history":[{"count":0,"href":"https:\/\/www.sigre.es\/boletin\/wp-json\/wp\/v2\/pages\/2084\/revisions"}],"up":[{"embeddable":true,"href":"https:\/\/www.sigre.es\/boletin\/wp-json\/wp\/v2\/pages\/2076"}],"wp:attachment":[{"href":"https:\/\/www.sigre.es\/boletin\/wp-json\/wp\/v2\/media?parent=2084"}],"curies":[{"name":"wp","href":"https:\/\/api.w.org\/{rel}","templated":true}]}}