{"id":2082,"date":"2015-12-12T12:51:46","date_gmt":"2015-12-12T11:51:46","guid":{"rendered":"https:\/\/www.sigre.es\/boletin\/sigre-informa-54\/rsc\/"},"modified":"2015-12-13T20:19:01","modified_gmt":"2015-12-13T19:19:01","slug":"rsc","status":"publish","type":"page","link":"https:\/\/www.sigre.es\/boletin\/sigre-informa-54\/rsc\/","title":{"rendered":"RSC"},"content":{"rendered":"<div id=\"fb-root\"><\/div>\n<p>SIGRE ha renovado un a\u00f1o m\u00e1s su compromiso con el Pacto Mundial de las Naciones Unidas, comunicando, a trav\u00e9s del Informe de Progreso 2014, las acciones, resultados y objetivos llevados a cabo en relaci\u00f3n a cada uno de los 10 Principios del Pacto Mundial.<\/p>\n<p>Este Informe ha sido distinguido por quinta vez consecutiva con el nivel \u201cAvanzado\u201d, m\u00e1xima calificaci\u00f3n otorgada por este organismo internacional, donde se valoran la adaptaci\u00f3n y difusi\u00f3n de sus diez principios, la transparencia y el grado de informaci\u00f3n aportada.<\/p>\n<p>\u00danicamente 48 entidades espa\u00f1olas han logrado esta distinci\u00f3n en 2015, lo que consolida a SIGRE como un referente en la materia.<\/p>\n<p>El Pacto Mundial de las Naciones Unidas (Global Compact) es una iniciativa internacional de compromiso \u00e9tico, destinada a que las entidades de todos los pa\u00edses implanten como una parte integral de su estrategia y de sus operaciones diez Principios de conducta y acci\u00f3n en materia de Derechos Humanos, Trabajo, Medio Ambiente y Lucha Contra la Corrupci\u00f3n.<\/p>\n","protected":false},"excerpt":{"rendered":"<p>SIGRE ha renovado un a\u00f1o m\u00e1s su compromiso con el Pacto Mundial de las Naciones Unidas, comunicando, a trav\u00e9s del Informe de Progreso 2014, las acciones, resultados y objetivos llevados a cabo en relaci\u00f3n a cada uno de los 10 Principios del Pacto Mundial. Este Informe ha sido distinguido por quinta vez consecutiva con el [&hellip;]<\/p>\n","protected":false},"author":7,"featured_media":0,"parent":2076,"menu_order":248,"comment_status":"closed","ping_status":"closed","template":"articulo1.php","meta":{"footnotes":""},"class_list":["post-2082","page","type-page","status-publish","hentry"],"_links":{"self":[{"href":"https:\/\/www.sigre.es\/boletin\/wp-json\/wp\/v2\/pages\/2082","targetHints":{"allow":["GET"]}}],"collection":[{"href":"https:\/\/www.sigre.es\/boletin\/wp-json\/wp\/v2\/pages"}],"about":[{"href":"https:\/\/www.sigre.es\/boletin\/wp-json\/wp\/v2\/types\/page"}],"author":[{"embeddable":true,"href":"https:\/\/www.sigre.es\/boletin\/wp-json\/wp\/v2\/users\/7"}],"replies":[{"embeddable":true,"href":"https:\/\/www.sigre.es\/boletin\/wp-json\/wp\/v2\/comments?post=2082"}],"version-history":[{"count":0,"href":"https:\/\/www.sigre.es\/boletin\/wp-json\/wp\/v2\/pages\/2082\/revisions"}],"up":[{"embeddable":true,"href":"https:\/\/www.sigre.es\/boletin\/wp-json\/wp\/v2\/pages\/2076"}],"wp:attachment":[{"href":"https:\/\/www.sigre.es\/boletin\/wp-json\/wp\/v2\/media?parent=2082"}],"curies":[{"name":"wp","href":"https:\/\/api.w.org\/{rel}","templated":true}]}}