{"id":2080,"date":"2015-12-12T12:51:46","date_gmt":"2015-12-12T11:51:46","guid":{"rendered":"https:\/\/www.sigre.es\/boletin\/sigre-informa-54\/redes-sociales\/"},"modified":"2015-12-14T20:15:16","modified_gmt":"2015-12-14T19:15:16","slug":"redes-sociales","status":"publish","type":"page","link":"https:\/\/www.sigre.es\/boletin\/sigre-informa-54\/redes-sociales\/","title":{"rendered":"REDES SOCIALES"},"content":{"rendered":"<div id=\"fb-root\"><\/div>\n<p>SIGRE mantiene su apuesta por las redes sociales como otra v\u00eda de acercamiento a todos sus grupos de inter\u00e9s.<\/p>\n<p>El objetivo es aprovechar estos canales (<a href=\"https:\/\/www.facebook.com\/puntosigre\" target=\"_blank\">Facebook<\/a>, <a href=\"https:\/\/twitter.com\/puntosigre\" target=\"_blank\">Twitter<\/a>, <a href=\"https:\/\/www.youtube.com\/channel\/UCuU1QrjPe7yUfgSWQLijXyg\" target=\"_blank\">Youtube<\/a> y <a href=\"http:\/\/blogsigre.es\/\" target=\"_blank\">nuestro blog<\/a>) para atender las necesidades de informaci\u00f3n de cualquier usuario interesado en SIGRE o en la actualidad del sector farmac\u00e9utico, facilitando una comunicaci\u00f3n instant\u00e1nea, directa y bidireccional.<\/p>\n<p>&nbsp;<\/p>\n<p style=\"text-align: center;\"><a href=\"https:\/\/www.sigre.es\/boletin\/wp-content\/uploads\/2015\/12\/redes-1b.jpg\" rel=\"attachment wp-att-2266\"><img loading=\"lazy\" decoding=\"async\" class=\"aligncenter wp-image-2266\" src=\"https:\/\/www.sigre.es\/boletin\/wp-content\/uploads\/2015\/12\/redes-1b.jpg\" alt=\"redes-1b\" width=\"300\" height=\"143\" srcset=\"https:\/\/www.sigre.es\/boletin\/wp-content\/uploads\/2015\/12\/redes-1b.jpg 424w, https:\/\/www.sigre.es\/boletin\/wp-content\/uploads\/2015\/12\/redes-1b-300x143.jpg 300w\" sizes=\"auto, (max-width: 300px) 100vw, 300px\" \/><\/a><\/p>\n<p style=\"text-align: center;\"><a href=\"https:\/\/www.sigre.es\/boletin\/wp-content\/uploads\/2015\/12\/redes-2b.jpg\" rel=\"attachment wp-att-2267\"><img loading=\"lazy\" decoding=\"async\" class=\"aligncenter wp-image-2267\" src=\"https:\/\/www.sigre.es\/boletin\/wp-content\/uploads\/2015\/12\/redes-2b.jpg\" alt=\"redes-2b\" width=\"300\" height=\"171\" srcset=\"https:\/\/www.sigre.es\/boletin\/wp-content\/uploads\/2015\/12\/redes-2b.jpg 424w, https:\/\/www.sigre.es\/boletin\/wp-content\/uploads\/2015\/12\/redes-2b-300x171.jpg 300w\" sizes=\"auto, (max-width: 300px) 100vw, 300px\" \/><\/a><a href=\"https:\/\/www.sigre.es\/boletin\/wp-content\/uploads\/2015\/12\/redes-3b.jpg\" rel=\"attachment wp-att-2268\"><img loading=\"lazy\" decoding=\"async\" class=\"aligncenter wp-image-2268\" src=\"https:\/\/www.sigre.es\/boletin\/wp-content\/uploads\/2015\/12\/redes-3b.jpg\" alt=\"redes-3b\" width=\"300\" height=\"236\" srcset=\"https:\/\/www.sigre.es\/boletin\/wp-content\/uploads\/2015\/12\/redes-3b.jpg 424w, https:\/\/www.sigre.es\/boletin\/wp-content\/uploads\/2015\/12\/redes-3b-300x236.jpg 300w\" sizes=\"auto, (max-width: 300px) 100vw, 300px\" \/><\/a><a href=\"https:\/\/www.sigre.es\/boletin\/wp-content\/uploads\/2015\/12\/redes-4b.jpg\" rel=\"attachment wp-att-2269\"><img loading=\"lazy\" decoding=\"async\" class=\"aligncenter wp-image-2269\" src=\"https:\/\/www.sigre.es\/boletin\/wp-content\/uploads\/2015\/12\/redes-4b.jpg\" alt=\"redes-4b\" width=\"300\" height=\"193\" srcset=\"https:\/\/www.sigre.es\/boletin\/wp-content\/uploads\/2015\/12\/redes-4b.jpg 424w, https:\/\/www.sigre.es\/boletin\/wp-content\/uploads\/2015\/12\/redes-4b-300x193.jpg 300w\" sizes=\"auto, (max-width: 300px) 100vw, 300px\" \/><\/a><\/p>\n","protected":false},"excerpt":{"rendered":"<p>SIGRE mantiene su apuesta por las redes sociales como otra v\u00eda de acercamiento a todos sus grupos de inter\u00e9s. El objetivo es aprovechar estos canales (Facebook, Twitter, Youtube y nuestro blog) para atender las necesidades de informaci\u00f3n de cualquier usuario interesado en SIGRE o en la actualidad del sector farmac\u00e9utico, facilitando una comunicaci\u00f3n instant\u00e1nea, directa [&hellip;]<\/p>\n","protected":false},"author":7,"featured_media":0,"parent":2076,"menu_order":250,"comment_status":"closed","ping_status":"closed","template":"articulo1.php","meta":{"footnotes":""},"class_list":["post-2080","page","type-page","status-publish","hentry"],"_links":{"self":[{"href":"https:\/\/www.sigre.es\/boletin\/wp-json\/wp\/v2\/pages\/2080","targetHints":{"allow":["GET"]}}],"collection":[{"href":"https:\/\/www.sigre.es\/boletin\/wp-json\/wp\/v2\/pages"}],"about":[{"href":"https:\/\/www.sigre.es\/boletin\/wp-json\/wp\/v2\/types\/page"}],"author":[{"embeddable":true,"href":"https:\/\/www.sigre.es\/boletin\/wp-json\/wp\/v2\/users\/7"}],"replies":[{"embeddable":true,"href":"https:\/\/www.sigre.es\/boletin\/wp-json\/wp\/v2\/comments?post=2080"}],"version-history":[{"count":0,"href":"https:\/\/www.sigre.es\/boletin\/wp-json\/wp\/v2\/pages\/2080\/revisions"}],"up":[{"embeddable":true,"href":"https:\/\/www.sigre.es\/boletin\/wp-json\/wp\/v2\/pages\/2076"}],"wp:attachment":[{"href":"https:\/\/www.sigre.es\/boletin\/wp-json\/wp\/v2\/media?parent=2080"}],"curies":[{"name":"wp","href":"https:\/\/api.w.org\/{rel}","templated":true}]}}