{"id":2079,"date":"2015-12-12T12:51:46","date_gmt":"2015-12-12T11:51:46","guid":{"rendered":"https:\/\/www.sigre.es\/boletin\/sigre-informa-54\/ultima-hora\/"},"modified":"2015-12-14T16:10:03","modified_gmt":"2015-12-14T15:10:03","slug":"ultima-hora","status":"publish","type":"page","link":"https:\/\/www.sigre.es\/boletin\/sigre-informa-54\/ultima-hora\/","title":{"rendered":"\u00daLTIMA HORA"},"content":{"rendered":"<div id=\"fb-root\"><\/div>\n<p>El Club Espa\u00f1ol del Medio Ambiente (CEMA), con la colaboraci\u00f3n de SIGRE, ha organizado un encuentro para analizar los resultados y acuerdos alcanzados en la Cumbre del Clima COP21, que ha tenido lugar en Par\u00eds del 30 de noviembre al 11 de diciembre, y las repercusiones que \u00e9stos tendr\u00e1n a nivel mundial en el desarrollo econ\u00f3mico, social y medioambiental durante los pr\u00f3ximos a\u00f1os.<\/p>\n<p>El encuentro contar\u00e1 con la asistencia de destacados expertos del \u00e1mbito universitario, la Administraci\u00f3n y empresas privadas que compartir\u00e1n su visi\u00f3n sobre los retos y oportunidades resultantes de esta Cumbre.<\/p>\n<p>Para asistir a este acto, que tendr\u00e1 lugar el pr\u00f3ximo 16 de diciembre, a las 18,00 horas, en la sede de la Fundaci\u00f3n G\u00f3mez Pardo de la calle Alenza, 1, de Madrid, los interesados deben inscribirse previa y gratuitamente enviando un correo electr\u00f3nico a <a href=\"mailto:directorcema@iies.es\">directorcema@iies.es<\/a>.<\/p>\n<p><a href=\"https:\/\/www.sigre.es\/boletin\/wp-content\/uploads\/2015\/12\/Tarjeton2.jpg\" rel=\"attachment wp-att-2262\"><img loading=\"lazy\" decoding=\"async\" class=\"aligncenter wp-image-2262\" src=\"https:\/\/www.sigre.es\/boletin\/wp-content\/uploads\/2015\/12\/Tarjeton2.jpg\" alt=\"Microsoft PowerPoint - TARJET\u00d3N INVITACI\u00d3N CEMA [S\u00f3lo lectura\" width=\"700\" height=\"525\" srcset=\"https:\/\/www.sigre.es\/boletin\/wp-content\/uploads\/2015\/12\/Tarjeton2.jpg 2000w, https:\/\/www.sigre.es\/boletin\/wp-content\/uploads\/2015\/12\/Tarjeton2-300x225.jpg 300w, https:\/\/www.sigre.es\/boletin\/wp-content\/uploads\/2015\/12\/Tarjeton2-768x576.jpg 768w, https:\/\/www.sigre.es\/boletin\/wp-content\/uploads\/2015\/12\/Tarjeton2-1024x768.jpg 1024w\" sizes=\"auto, (max-width: 700px) 100vw, 700px\" \/><\/a><\/p>\n<p style=\"text-align: center;\">\n","protected":false},"excerpt":{"rendered":"<p>El Club Espa\u00f1ol del Medio Ambiente (CEMA), con la colaboraci\u00f3n de SIGRE, ha organizado un encuentro para analizar los resultados y acuerdos alcanzados en la Cumbre del Clima COP21, que ha tenido lugar en Par\u00eds del 30 de noviembre al 11 de diciembre, y las repercusiones que \u00e9stos tendr\u00e1n a nivel mundial en el desarrollo [&hellip;]<\/p>\n","protected":false},"author":7,"featured_media":0,"parent":2076,"menu_order":252,"comment_status":"closed","ping_status":"closed","template":"articulo1.php","meta":{"footnotes":""},"class_list":["post-2079","page","type-page","status-publish","hentry"],"_links":{"self":[{"href":"https:\/\/www.sigre.es\/boletin\/wp-json\/wp\/v2\/pages\/2079","targetHints":{"allow":["GET"]}}],"collection":[{"href":"https:\/\/www.sigre.es\/boletin\/wp-json\/wp\/v2\/pages"}],"about":[{"href":"https:\/\/www.sigre.es\/boletin\/wp-json\/wp\/v2\/types\/page"}],"author":[{"embeddable":true,"href":"https:\/\/www.sigre.es\/boletin\/wp-json\/wp\/v2\/users\/7"}],"replies":[{"embeddable":true,"href":"https:\/\/www.sigre.es\/boletin\/wp-json\/wp\/v2\/comments?post=2079"}],"version-history":[{"count":0,"href":"https:\/\/www.sigre.es\/boletin\/wp-json\/wp\/v2\/pages\/2079\/revisions"}],"up":[{"embeddable":true,"href":"https:\/\/www.sigre.es\/boletin\/wp-json\/wp\/v2\/pages\/2076"}],"wp:attachment":[{"href":"https:\/\/www.sigre.es\/boletin\/wp-json\/wp\/v2\/media?parent=2079"}],"curies":[{"name":"wp","href":"https:\/\/api.w.org\/{rel}","templated":true}]}}