{"id":2002,"date":"2015-10-26T01:34:34","date_gmt":"2015-10-26T00:34:34","guid":{"rendered":"https:\/\/www.sigre.es\/boletin\/sugre-informa-53\/ultima-hora\/"},"modified":"2015-10-26T17:35:47","modified_gmt":"2015-10-26T16:35:47","slug":"ultima-hora","status":"publish","type":"page","link":"https:\/\/www.sigre.es\/boletin\/sigre-informa-53\/ultima-hora\/","title":{"rendered":"\u00daLTIMA HORA"},"content":{"rendered":"<div id=\"fb-root\"><\/div>\n<p>El pr\u00f3ximo 4 de noviembre tendr\u00e1 lugar la primera edici\u00f3n de Talking Pack &#8216;una perspectiva circular&#8217; en el Colegio Oficial de Arquitectos de Madrid.<\/p>\n<p style=\"text-align: center;\"><a href=\"https:\/\/www.sigre.es\/boletin\/wp-content\/uploads\/2015\/10\/talking-pack.jpg\"><img loading=\"lazy\" decoding=\"async\" class=\"aligncenter wp-image-2004 size-medium\" src=\"https:\/\/www.sigre.es\/boletin\/wp-content\/uploads\/2015\/10\/talking-pack-300x159.jpg\" alt=\"talking-pack\" width=\"300\" height=\"159\" srcset=\"https:\/\/www.sigre.es\/boletin\/wp-content\/uploads\/2015\/10\/talking-pack-300x159.jpg 300w, https:\/\/www.sigre.es\/boletin\/wp-content\/uploads\/2015\/10\/talking-pack.jpg 886w\" sizes=\"auto, (max-width: 300px) 100vw, 300px\" \/><\/a><\/p>\n<p>Este evento, organizado por la Plataforma Envase y Sociedad, est\u00e1 co-organizado por SIGRE, junto con el resto de Sistemas Integrados de Gesti\u00f3n de envases que operan en Espa\u00f1a: ECOEMBES, ECOVIDRIO y SIGFITO.<\/p>\n<p>Creado con el objetivo de convertirse en el punto de encuentro anual donde tratar las tendencias del entorno del envase desde una perspectiva global (social, econ\u00f3mica, de gesti\u00f3n y educativa), en esta edici\u00f3n se tratar\u00e1 desde diferentes puntos de vista la Economia Circular, como nuevo paradigma de negocio para cualquier empresa.<\/p>\n<p>Por parte del sector farmac\u00e9utico, Emili Esteve, Director del Departamento T\u00e9cnico de Farmaindustria, abordar\u00e1 las medidas innovadoras llevadas a cabo por la industria farmac\u00e9utica y el valor del envase del medicamento, con especial \u00e9nfasis en su trazabilidad y en la aplicaci\u00f3n de medidas antifalsificaci\u00f3n.<\/p>\n<p>Ante el inminente establecimiento de un nuevo marco de pol\u00edticas y de medidas legislativas para facilitar un uso eficiente de los recursos en la Uni\u00f3n Europea, basado en la Econom\u00eda Circular, este evento cobra especial relevancia para aquellas entidades que deseamos convertir los desaf\u00edos medioambientales en oportunidades empresariales sostenibles.<\/p>\n<p>Por ello, os invitamos a asistir de manera gratuita a este evento a trav\u00e9s del siguiente <a href=\"http:\/\/talkingpack.tufabricadeventos.com\/inscripcion_798722044.html\" target=\"_blank\">enlace<\/a>.<\/p>\n","protected":false},"excerpt":{"rendered":"<p>El pr\u00f3ximo 4 de noviembre tendr\u00e1 lugar la primera edici\u00f3n de Talking Pack &#8216;una perspectiva circular&#8217; en el Colegio Oficial de Arquitectos de Madrid. Este evento, organizado por la Plataforma Envase y Sociedad, est\u00e1 co-organizado por SIGRE, junto con el resto de Sistemas Integrados de Gesti\u00f3n de envases que operan en Espa\u00f1a: ECOEMBES, ECOVIDRIO y [&hellip;]<\/p>\n","protected":false},"author":7,"featured_media":0,"parent":1900,"menu_order":340,"comment_status":"open","ping_status":"open","template":"articulo1.php","meta":{"footnotes":""},"class_list":["post-2002","page","type-page","status-publish","hentry"],"_links":{"self":[{"href":"https:\/\/www.sigre.es\/boletin\/wp-json\/wp\/v2\/pages\/2002","targetHints":{"allow":["GET"]}}],"collection":[{"href":"https:\/\/www.sigre.es\/boletin\/wp-json\/wp\/v2\/pages"}],"about":[{"href":"https:\/\/www.sigre.es\/boletin\/wp-json\/wp\/v2\/types\/page"}],"author":[{"embeddable":true,"href":"https:\/\/www.sigre.es\/boletin\/wp-json\/wp\/v2\/users\/7"}],"replies":[{"embeddable":true,"href":"https:\/\/www.sigre.es\/boletin\/wp-json\/wp\/v2\/comments?post=2002"}],"version-history":[{"count":0,"href":"https:\/\/www.sigre.es\/boletin\/wp-json\/wp\/v2\/pages\/2002\/revisions"}],"up":[{"embeddable":true,"href":"https:\/\/www.sigre.es\/boletin\/wp-json\/wp\/v2\/pages\/1900"}],"wp:attachment":[{"href":"https:\/\/www.sigre.es\/boletin\/wp-json\/wp\/v2\/media?parent=2002"}],"curies":[{"name":"wp","href":"https:\/\/api.w.org\/{rel}","templated":true}]}}