{"id":1990,"date":"2015-10-26T01:21:20","date_gmt":"2015-10-26T00:21:20","guid":{"rendered":"https:\/\/www.sigre.es\/boletin\/sugre-informa-53\/redes-sociales\/"},"modified":"2015-10-26T01:41:44","modified_gmt":"2015-10-26T00:41:44","slug":"redes-sociales","status":"publish","type":"page","link":"https:\/\/www.sigre.es\/boletin\/sigre-informa-53\/redes-sociales\/","title":{"rendered":"REDES SOCIALES"},"content":{"rendered":"<div id=\"fb-root\"><\/div>\n<p>Los perfiles sociales de SIGRE en las redes <a href=\"https:\/\/www.facebook.com\/puntosigre\" target=\"_blank\">Facebook<\/a>, <a href=\"https:\/\/twitter.com\/puntosigre\" target=\"_blank\">Twitter<\/a>, <a href=\"https:\/\/plus.google.com\/104036555746495042228\/posts\" target=\"_blank\">Google +<\/a> y en <a href=\"https:\/\/www.youtube.com\/channel\/UCuU1QrjPe7yUfgSWQLijXyg\" target=\"_blank\">Youtube<\/a> son canales pr\u00f3ximos al ciudadano y a los agentes del sector farmac\u00e9utico, en los que la entidad establece contacto con sus p\u00fablicos y estrecha sus v\u00ednculos.<\/p>\n<p>Producto de este di\u00e1logo, durante este \u00faltimo trimestre se han abordado numerosos consejos sanitarios y medioambientales relacionados con el verano, con la vuelta a la actividad cotidiana y, como es habitual, con la actividad de SIGRE:<\/p>\n<p style=\"text-align: center;\"><a href=\"https:\/\/www.sigre.es\/boletin\/wp-content\/uploads\/2015\/10\/SI53-Redes-1.png\"><img loading=\"lazy\" decoding=\"async\" class=\"aligncenter size-full wp-image-1993\" src=\"https:\/\/www.sigre.es\/boletin\/wp-content\/uploads\/2015\/10\/SI53-Redes-1.png\" alt=\"SI53-Redes-1\" width=\"615\" height=\"310\" srcset=\"https:\/\/www.sigre.es\/boletin\/wp-content\/uploads\/2015\/10\/SI53-Redes-1.png 615w, https:\/\/www.sigre.es\/boletin\/wp-content\/uploads\/2015\/10\/SI53-Redes-1-300x151.png 300w\" sizes=\"auto, (max-width: 615px) 100vw, 615px\" \/><\/a><\/p>\n<p style=\"text-align: center;\"><a href=\"https:\/\/www.sigre.es\/boletin\/wp-content\/uploads\/2015\/10\/SI53-Redes-2.png\"><img loading=\"lazy\" decoding=\"async\" class=\"aligncenter size-full wp-image-1994\" src=\"https:\/\/www.sigre.es\/boletin\/wp-content\/uploads\/2015\/10\/SI53-Redes-2.png\" alt=\"SI53-Redes-2\" width=\"660\" height=\"396\" srcset=\"https:\/\/www.sigre.es\/boletin\/wp-content\/uploads\/2015\/10\/SI53-Redes-2.png 660w, https:\/\/www.sigre.es\/boletin\/wp-content\/uploads\/2015\/10\/SI53-Redes-2-300x180.png 300w\" sizes=\"auto, (max-width: 660px) 100vw, 660px\" \/><\/a><\/p>\n<p style=\"text-align: center;\"><a href=\"https:\/\/www.sigre.es\/boletin\/wp-content\/uploads\/2015\/10\/SI53-Redes-3.png\"><img loading=\"lazy\" decoding=\"async\" class=\"aligncenter size-full wp-image-1995\" src=\"https:\/\/www.sigre.es\/boletin\/wp-content\/uploads\/2015\/10\/SI53-Redes-3.png\" alt=\"SI53-Redes-3\" width=\"496\" height=\"429\" srcset=\"https:\/\/www.sigre.es\/boletin\/wp-content\/uploads\/2015\/10\/SI53-Redes-3.png 496w, https:\/\/www.sigre.es\/boletin\/wp-content\/uploads\/2015\/10\/SI53-Redes-3-300x259.png 300w\" sizes=\"auto, (max-width: 496px) 100vw, 496px\" \/><\/a><\/p>\n<p style=\"text-align: center;\"><a href=\"https:\/\/www.sigre.es\/boletin\/wp-content\/uploads\/2015\/10\/SI53-Redes-4.png\"><img loading=\"lazy\" decoding=\"async\" class=\"aligncenter size-full wp-image-1996\" src=\"https:\/\/www.sigre.es\/boletin\/wp-content\/uploads\/2015\/10\/SI53-Redes-4.png\" alt=\"SI53-Redes-4\" width=\"644\" height=\"391\" srcset=\"https:\/\/www.sigre.es\/boletin\/wp-content\/uploads\/2015\/10\/SI53-Redes-4.png 644w, https:\/\/www.sigre.es\/boletin\/wp-content\/uploads\/2015\/10\/SI53-Redes-4-300x182.png 300w\" sizes=\"auto, (max-width: 644px) 100vw, 644px\" \/><\/a><\/p>\n<p style=\"text-align: center;\"><a href=\"https:\/\/www.sigre.es\/boletin\/wp-content\/uploads\/2015\/10\/SI53-Redes-5.png\"><img loading=\"lazy\" decoding=\"async\" class=\"aligncenter size-full wp-image-1997\" src=\"https:\/\/www.sigre.es\/boletin\/wp-content\/uploads\/2015\/10\/SI53-Redes-5.png\" alt=\"SI53-Redes-5\" width=\"713\" height=\"527\" srcset=\"https:\/\/www.sigre.es\/boletin\/wp-content\/uploads\/2015\/10\/SI53-Redes-5.png 713w, https:\/\/www.sigre.es\/boletin\/wp-content\/uploads\/2015\/10\/SI53-Redes-5-300x222.png 300w\" sizes=\"auto, (max-width: 713px) 100vw, 713px\" \/><\/a><\/p>\n<p style=\"text-align: center;\"><a href=\"https:\/\/www.sigre.es\/boletin\/wp-content\/uploads\/2015\/10\/SI53-Redes-6.png\"><img loading=\"lazy\" decoding=\"async\" class=\"aligncenter size-full wp-image-1998\" src=\"https:\/\/www.sigre.es\/boletin\/wp-content\/uploads\/2015\/10\/SI53-Redes-6.png\" alt=\"SI53-Redes-6\" width=\"527\" height=\"319\" srcset=\"https:\/\/www.sigre.es\/boletin\/wp-content\/uploads\/2015\/10\/SI53-Redes-6.png 527w, https:\/\/www.sigre.es\/boletin\/wp-content\/uploads\/2015\/10\/SI53-Redes-6-300x182.png 300w\" sizes=\"auto, (max-width: 527px) 100vw, 527px\" \/><\/a><\/p>\n<p style=\"text-align: center;\"><a href=\"https:\/\/www.sigre.es\/boletin\/wp-content\/uploads\/2015\/10\/SI53-Redes-7.png\"><img loading=\"lazy\" decoding=\"async\" class=\"aligncenter size-full wp-image-1999\" src=\"https:\/\/www.sigre.es\/boletin\/wp-content\/uploads\/2015\/10\/SI53-Redes-7.png\" alt=\"SI53-Redes-7\" width=\"569\" height=\"862\" srcset=\"https:\/\/www.sigre.es\/boletin\/wp-content\/uploads\/2015\/10\/SI53-Redes-7.png 569w, https:\/\/www.sigre.es\/boletin\/wp-content\/uploads\/2015\/10\/SI53-Redes-7-198x300.png 198w\" sizes=\"auto, (max-width: 569px) 100vw, 569px\" \/><\/a><\/p>\n<p style=\"text-align: center;\"><a href=\"https:\/\/www.sigre.es\/boletin\/wp-content\/uploads\/2015\/10\/SI53-Redes-8.png\"><img loading=\"lazy\" decoding=\"async\" class=\"aligncenter size-full wp-image-2000\" src=\"https:\/\/www.sigre.es\/boletin\/wp-content\/uploads\/2015\/10\/SI53-Redes-8.png\" alt=\"SI53-Redes-8\" width=\"446\" height=\"486\" srcset=\"https:\/\/www.sigre.es\/boletin\/wp-content\/uploads\/2015\/10\/SI53-Redes-8.png 446w, https:\/\/www.sigre.es\/boletin\/wp-content\/uploads\/2015\/10\/SI53-Redes-8-275x300.png 275w\" sizes=\"auto, (max-width: 446px) 100vw, 446px\" \/><\/a><\/p>\n","protected":false},"excerpt":{"rendered":"<p>Los perfiles sociales de SIGRE en las redes Facebook, Twitter, Google + y en Youtube son canales pr\u00f3ximos al ciudadano y a los agentes del sector farmac\u00e9utico, en los que la entidad establece contacto con sus p\u00fablicos y estrecha sus v\u00ednculos. Producto de este di\u00e1logo, durante este \u00faltimo trimestre se han abordado numerosos consejos sanitarios [&hellip;]<\/p>\n","protected":false},"author":7,"featured_media":0,"parent":1900,"menu_order":331,"comment_status":"open","ping_status":"open","template":"articulo1.php","meta":{"footnotes":""},"class_list":["post-1990","page","type-page","status-publish","hentry"],"_links":{"self":[{"href":"https:\/\/www.sigre.es\/boletin\/wp-json\/wp\/v2\/pages\/1990","targetHints":{"allow":["GET"]}}],"collection":[{"href":"https:\/\/www.sigre.es\/boletin\/wp-json\/wp\/v2\/pages"}],"about":[{"href":"https:\/\/www.sigre.es\/boletin\/wp-json\/wp\/v2\/types\/page"}],"author":[{"embeddable":true,"href":"https:\/\/www.sigre.es\/boletin\/wp-json\/wp\/v2\/users\/7"}],"replies":[{"embeddable":true,"href":"https:\/\/www.sigre.es\/boletin\/wp-json\/wp\/v2\/comments?post=1990"}],"version-history":[{"count":0,"href":"https:\/\/www.sigre.es\/boletin\/wp-json\/wp\/v2\/pages\/1990\/revisions"}],"up":[{"embeddable":true,"href":"https:\/\/www.sigre.es\/boletin\/wp-json\/wp\/v2\/pages\/1900"}],"wp:attachment":[{"href":"https:\/\/www.sigre.es\/boletin\/wp-json\/wp\/v2\/media?parent=1990"}],"curies":[{"name":"wp","href":"https:\/\/api.w.org\/{rel}","templated":true}]}}