{"id":1984,"date":"2015-10-26T01:14:38","date_gmt":"2015-10-26T00:14:38","guid":{"rendered":"https:\/\/www.sigre.es\/boletin\/sugre-informa-53\/sigre-en-los-medios\/"},"modified":"2015-10-27T08:38:11","modified_gmt":"2015-10-27T07:38:11","slug":"sigre-en-los-medios","status":"publish","type":"page","link":"https:\/\/www.sigre.es\/boletin\/sigre-informa-53\/sigre-en-los-medios\/","title":{"rendered":"SIGRE EN LOS MEDIOS"},"content":{"rendered":"<div id=\"fb-root\"><\/div>\n<p>A lo largo de este trimestre, los medios de comunicaci\u00f3n han contribuido, a trav\u00e9s de sus informaciones, a sensibilizar a la opini\u00f3n p\u00fablica sobre la importancia de depositar los envases y residuos de medicamentos en los Puntos SIGRE y a poner en valor el papel que juegan en SIGRE los laboratorios farmac\u00e9uticos, distribuidores y farmacias.<\/p>\n<p>Entre estas informaciones, destacan las relacionadas con el convenio con la Agencia EFE, la publicaci\u00f3n de la Memoria RS2014, la participaci\u00f3n de la entidad en la campa\u00f1a \u201c1 mill\u00f3n por el clima\u201d o la firma de la Declaraci\u00f3n de Cartagena.<\/p>\n<p style=\"text-align: center;\"><a href=\"https:\/\/www.sigre.es\/boletin\/wp-content\/uploads\/2015\/10\/SI58-SIGRE-Medios.jpg\"><img loading=\"lazy\" decoding=\"async\" class=\"aligncenter size-full wp-image-1986\" src=\"https:\/\/www.sigre.es\/boletin\/wp-content\/uploads\/2015\/10\/SI58-SIGRE-Medios.jpg\" alt=\"SI58-SIGRE-Medios\" width=\"960\" height=\"607\" srcset=\"https:\/\/www.sigre.es\/boletin\/wp-content\/uploads\/2015\/10\/SI58-SIGRE-Medios.jpg 960w, https:\/\/www.sigre.es\/boletin\/wp-content\/uploads\/2015\/10\/SI58-SIGRE-Medios-300x190.jpg 300w\" sizes=\"auto, (max-width: 960px) 100vw, 960px\" \/><\/a><\/p>\n","protected":false},"excerpt":{"rendered":"<p>A lo largo de este trimestre, los medios de comunicaci\u00f3n han contribuido, a trav\u00e9s de sus informaciones, a sensibilizar a la opini\u00f3n p\u00fablica sobre la importancia de depositar los envases y residuos de medicamentos en los Puntos SIGRE y a poner en valor el papel que juegan en SIGRE los laboratorios farmac\u00e9uticos, distribuidores y farmacias. [&hellip;]<\/p>\n","protected":false},"author":7,"featured_media":0,"parent":1900,"menu_order":322,"comment_status":"open","ping_status":"open","template":"medios.php","meta":{"footnotes":""},"class_list":["post-1984","page","type-page","status-publish","hentry"],"_links":{"self":[{"href":"https:\/\/www.sigre.es\/boletin\/wp-json\/wp\/v2\/pages\/1984","targetHints":{"allow":["GET"]}}],"collection":[{"href":"https:\/\/www.sigre.es\/boletin\/wp-json\/wp\/v2\/pages"}],"about":[{"href":"https:\/\/www.sigre.es\/boletin\/wp-json\/wp\/v2\/types\/page"}],"author":[{"embeddable":true,"href":"https:\/\/www.sigre.es\/boletin\/wp-json\/wp\/v2\/users\/7"}],"replies":[{"embeddable":true,"href":"https:\/\/www.sigre.es\/boletin\/wp-json\/wp\/v2\/comments?post=1984"}],"version-history":[{"count":0,"href":"https:\/\/www.sigre.es\/boletin\/wp-json\/wp\/v2\/pages\/1984\/revisions"}],"up":[{"embeddable":true,"href":"https:\/\/www.sigre.es\/boletin\/wp-json\/wp\/v2\/pages\/1900"}],"wp:attachment":[{"href":"https:\/\/www.sigre.es\/boletin\/wp-json\/wp\/v2\/media?parent=1984"}],"curies":[{"name":"wp","href":"https:\/\/api.w.org\/{rel}","templated":true}]}}