{"id":1980,"date":"2015-10-26T01:11:52","date_gmt":"2015-10-26T00:11:52","guid":{"rendered":"https:\/\/www.sigre.es\/boletin\/sugre-informa-53\/nombramientos\/"},"modified":"2015-10-26T17:53:43","modified_gmt":"2015-10-26T16:53:43","slug":"nombramientos","status":"publish","type":"page","link":"https:\/\/www.sigre.es\/boletin\/sigre-informa-53\/nombramientos\/","title":{"rendered":"NOMBRAMIENTOS"},"content":{"rendered":"<div id=\"fb-root\"><\/div>\n<p>Juan Carlos Mampaso, Director General de SIGRE, ha sido nombrado Vicepresidente del Club Espa\u00f1ol del Medio Ambiente, asociaci\u00f3n sin \u00e1nimo de lucro que colabora en la difusi\u00f3n de los valores sostenibles.<\/p>\n<p>Entre los fines del Club, destaca el inter\u00e9s de sus miembros por fomentar el conocimiento, divulgaci\u00f3n y desarrollo de una cultura medioambiental que compatibilice el progreso sostenido con una producci\u00f3n limpia.<\/p>\n<p>Con este nombramiento, el Director General de SIGRE asumir\u00e1 un nuevo cargo en la asociaci\u00f3n, con el que ve reconocido su trabajo y dedicaci\u00f3n a la promoci\u00f3n de la conservaci\u00f3n del medio ambiente.<\/p>\n","protected":false},"excerpt":{"rendered":"<p>Juan Carlos Mampaso, Director General de SIGRE, ha sido nombrado Vicepresidente del Club Espa\u00f1ol del Medio Ambiente, asociaci\u00f3n sin \u00e1nimo de lucro que colabora en la difusi\u00f3n de los valores sostenibles. Entre los fines del Club, destaca el inter\u00e9s de sus miembros por fomentar el conocimiento, divulgaci\u00f3n y desarrollo de una cultura medioambiental que compatibilice [&hellip;]<\/p>\n","protected":false},"author":7,"featured_media":0,"parent":1900,"menu_order":313,"comment_status":"open","ping_status":"open","template":"articulo1.php","meta":{"footnotes":""},"class_list":["post-1980","page","type-page","status-publish","hentry"],"_links":{"self":[{"href":"https:\/\/www.sigre.es\/boletin\/wp-json\/wp\/v2\/pages\/1980","targetHints":{"allow":["GET"]}}],"collection":[{"href":"https:\/\/www.sigre.es\/boletin\/wp-json\/wp\/v2\/pages"}],"about":[{"href":"https:\/\/www.sigre.es\/boletin\/wp-json\/wp\/v2\/types\/page"}],"author":[{"embeddable":true,"href":"https:\/\/www.sigre.es\/boletin\/wp-json\/wp\/v2\/users\/7"}],"replies":[{"embeddable":true,"href":"https:\/\/www.sigre.es\/boletin\/wp-json\/wp\/v2\/comments?post=1980"}],"version-history":[{"count":0,"href":"https:\/\/www.sigre.es\/boletin\/wp-json\/wp\/v2\/pages\/1980\/revisions"}],"up":[{"embeddable":true,"href":"https:\/\/www.sigre.es\/boletin\/wp-json\/wp\/v2\/pages\/1900"}],"wp:attachment":[{"href":"https:\/\/www.sigre.es\/boletin\/wp-json\/wp\/v2\/media?parent=1980"}],"curies":[{"name":"wp","href":"https:\/\/api.w.org\/{rel}","templated":true}]}}