{"id":1974,"date":"2015-10-26T01:01:19","date_gmt":"2015-10-26T00:01:19","guid":{"rendered":"https:\/\/www.sigre.es\/boletin\/sugre-informa-53\/congresos-y-jornadas\/"},"modified":"2015-10-26T18:20:02","modified_gmt":"2015-10-26T17:20:02","slug":"congresos-y-jornadas","status":"publish","type":"page","link":"https:\/\/www.sigre.es\/boletin\/sigre-informa-53\/congresos-y-jornadas\/","title":{"rendered":"CONGRESOS Y JORNADAS"},"content":{"rendered":"<div id=\"fb-root\"><\/div>\n<p style=\"text-align: center;\"><img loading=\"lazy\" decoding=\"async\" class=\"aligncenter wp-image-1978 size-full\" src=\"https:\/\/www.sigre.es\/boletin\/wp-content\/uploads\/2015\/10\/SI53-Congresos-Jornadas.jpg\" alt=\"SI53-Congresos-Jornadas\" width=\"426\" height=\"246\" srcset=\"https:\/\/www.sigre.es\/boletin\/wp-content\/uploads\/2015\/10\/SI53-Congresos-Jornadas.jpg 426w, https:\/\/www.sigre.es\/boletin\/wp-content\/uploads\/2015\/10\/SI53-Congresos-Jornadas-300x173.jpg 300w\" sizes=\"auto, (max-width: 426px) 100vw, 426px\" \/><\/p>\n<p>SIGRE ha participado en algunos de los principales foros y ha asistido a las reuniones organizadas recientemente por los m\u00e1s destacados organismos medioambientales y sanitarios, tanto a nivel nacional como internacional a los que pertenece.<\/p>\n<p>As\u00ed, estuvo presente en la reuni\u00f3n de la Comisi\u00f3n Ejecutiva de Packnet y en la Asamblea del Club Espa\u00f1ol del Medio Ambiente, donde el Director General de SIGRE fue nombrado Vicepresidente de esta entidad sin \u00e1nimo de lucro, referente en materia de sostenibilidad.<\/p>\n<p>Debido a su car\u00e1cter transnacional, debe destacarse la presencia de SIGRE en el Comit\u00e9 Ejecutivo de la Red Espa\u00f1ola del Pacto Mundial de Naciones Unidas, y en la reuni\u00f3n del grupo de trabajo de medio ambiente de la patronal de la industria farmac\u00e9utica innovadora europea (EFPIA).<\/p>\n<p>Por \u00faltimo, SIGRE concluy\u00f3 su participaci\u00f3n como moderador del Foro de Expertos \u201cGesti\u00f3n de medicamentos caducados\u201d en el marco de la Fundaci\u00f3n CEDDET, creada en 2001 a iniciativa del Ministerio de Econom\u00eda y Competitividad de Espa\u00f1a y el Banco Mundial, cuya misi\u00f3n es promover el intercambio de conocimientos y la creaci\u00f3n de redes de expertos para contribuir de forma sostenible al desarrollo de los pa\u00edses.<\/p>\n","protected":false},"excerpt":{"rendered":"<p>SIGRE ha participado en algunos de los principales foros y ha asistido a las reuniones organizadas recientemente por los m\u00e1s destacados organismos medioambientales y sanitarios, tanto a nivel nacional como internacional a los que pertenece. As\u00ed, estuvo presente en la reuni\u00f3n de la Comisi\u00f3n Ejecutiva de Packnet y en la Asamblea del Club Espa\u00f1ol del [&hellip;]<\/p>\n","protected":false},"author":7,"featured_media":0,"parent":1900,"menu_order":304,"comment_status":"open","ping_status":"open","template":"articulo1.php","meta":{"footnotes":""},"class_list":["post-1974","page","type-page","status-publish","hentry"],"_links":{"self":[{"href":"https:\/\/www.sigre.es\/boletin\/wp-json\/wp\/v2\/pages\/1974","targetHints":{"allow":["GET"]}}],"collection":[{"href":"https:\/\/www.sigre.es\/boletin\/wp-json\/wp\/v2\/pages"}],"about":[{"href":"https:\/\/www.sigre.es\/boletin\/wp-json\/wp\/v2\/types\/page"}],"author":[{"embeddable":true,"href":"https:\/\/www.sigre.es\/boletin\/wp-json\/wp\/v2\/users\/7"}],"replies":[{"embeddable":true,"href":"https:\/\/www.sigre.es\/boletin\/wp-json\/wp\/v2\/comments?post=1974"}],"version-history":[{"count":0,"href":"https:\/\/www.sigre.es\/boletin\/wp-json\/wp\/v2\/pages\/1974\/revisions"}],"up":[{"embeddable":true,"href":"https:\/\/www.sigre.es\/boletin\/wp-json\/wp\/v2\/pages\/1900"}],"wp:attachment":[{"href":"https:\/\/www.sigre.es\/boletin\/wp-json\/wp\/v2\/media?parent=1974"}],"curies":[{"name":"wp","href":"https:\/\/api.w.org\/{rel}","templated":true}]}}